{"id":421,"date":"2023-03-23T14:13:34","date_gmt":"2023-03-23T14:13:34","guid":{"rendered":"http:\/\/localhost\/?page_id=421"},"modified":"2024-02-13T22:42:33","modified_gmt":"2024-02-13T22:42:33","slug":"politique-de-confidentialite","status":"publish","type":"page","link":"https:\/\/para-orchidee.com\/?page_id=421&lang=fr","title":{"rendered":"Politique de confidentialit\u00e9"},"content":{"rendered":"\t\t<div data-elementor-type=\"wp-page\" data-elementor-id=\"421\" class=\"elementor elementor-421\">\n\t\t\t\t\t\t<section class=\"elementor-section elementor-top-section elementor-element elementor-element-15e8d1a elementor-section-boxed elementor-section-height-default elementor-section-height-default\" data-id=\"15e8d1a\" data-element_type=\"section\" data-e-type=\"section\">\n\t\t\t\t\t\t<div class=\"elementor-container elementor-column-gap-default\">\n\t\t\t\t\t<div class=\"elementor-column elementor-col-100 elementor-top-column elementor-element elementor-element-10ebc0e9\" data-id=\"10ebc0e9\" data-element_type=\"column\" data-e-type=\"column\">\n\t\t\t<div class=\"elementor-widget-wrap elementor-element-populated\">\n\t\t\t\t\t\t<div class=\"elementor-element elementor-element-70d7f864 elementor-widget elementor-widget-text-editor\" data-id=\"70d7f864\" data-element_type=\"widget\" data-e-type=\"widget\" data-widget_type=\"text-editor.default\">\n\t\t\t\t<div class=\"elementor-widget-container\">\n\t\t\t\t\t\t\t\t\t<p><\/p>\n<h2 class=\"wp-block-heading\">Mention l\u00e9gales<\/h2>\n<p><\/p>\n<p><strong>ParaOrchid\u00e9e<\/strong> <span lang=\"fr\">est joignable par email en cliquant sur le formulaire de contact accessible via la page d&rsquo;accueil du site. Le client dispose de toutes les informations n\u00e9cessaires pour passer sa commande. La vente entre le Client et la Soci\u00e9t\u00e9 ne sera r\u00e9alis\u00e9e que lorsque le client aura accept\u00e9 les Conditions G\u00e9n\u00e9rales, au moment de la validation de son panier, avant de proc\u00e9der au paiement.<\/span><\/p>\n<p><\/p>\n<h2 class=\"wp-block-heading\"><span lang=\"en\"><span lang=\"fr\">PR\u00c9AMBULE<\/span><\/span><\/h2>\n<p><\/p>\n<p><span lang=\"fr\">Le Vendeur est un \u00e9diteur de Produits et Services destin\u00e9s aux consommateurs, commercialis\u00e9s au travers de ses sites Internet (https:\/\/www.<span style=\"font-size: 18px; font-style: normal; font-family: Roboto-Bold, sans-serif; letter-spacing: 0.8px;\">Para-Orchidee<\/span>.com). La liste et la description des biens et services propos\u00e9s par la Soci\u00e9t\u00e9 peuvent \u00eatre consult\u00e9es sur les sites pr\u00e9cit\u00e9s.<\/span><\/p>\n<p><\/p>\n<h2 class=\"wp-block-heading\"><span lang=\"en\"><span lang=\"fr\">Dispositions g\u00e9n\u00e9rales<\/span><\/span><\/h2>\n<p><\/p>\n<p><span lang=\"fr\">Les pr\u00e9sentes Conditions G\u00e9n\u00e9rales de Vente (CGV) r\u00e9gissent la vente de Produits ou de Services, r\u00e9alis\u00e9e \u00e0 travers les sites Internet de la Soci\u00e9t\u00e9, et font partie int\u00e9grante du Contrat entre l&rsquo;Acheteur et le Vendeur. Ils sont pleinement opposables \u00e0 l&rsquo;Acheteur qui les a accept\u00e9s avant de passer commande. Le Vendeur se r\u00e9serve le droit de modifier celles-ci \u00e0 tout moment en publiant une nouvelle version sur son site Internet. Les CGV alors applicables sont celles en vigueur \u00e0 la date du paiement (ou du premier paiement en cas de paiements multiples) de la commande. Les pr\u00e9sentes CGV sont consultables sur le site internet de la Soci\u00e9t\u00e9 \u00e0 l&rsquo;adresse suivante : https:\/\/www.<span style=\"font-size: 18px; font-style: normal; font-family: Roboto-Bold, sans-serif; letter-spacing: 0.8px;\">Para-Orchidee<\/span>.com. La Soci\u00e9t\u00e9 veille \u00e9galement \u00e0 ce que leur acceptation soit claire et sans r\u00e9serve par la mise en place d&rsquo;une case \u00e0 cocher et d&rsquo;un clic de validation. Le Client d\u00e9clare avoir pris connaissance de l&rsquo;int\u00e9gralit\u00e9 des pr\u00e9sentes Conditions G\u00e9n\u00e9rales de Vente, et, le cas \u00e9ch\u00e9ant, des Conditions Particuli\u00e8res de Vente li\u00e9es \u00e0 un produit ou un service, et les accepter sans restriction ni r\u00e9serve. Le Client reconna\u00eet avoir re\u00e7u les conseils et informations n\u00e9cessaires pour que l&rsquo;offre r\u00e9ponde \u00e0 ses besoins. Le Client d\u00e9clare pouvoir contracter l\u00e9galement selon le droit fran\u00e7ais ou repr\u00e9senter valablement la personne physique ou morale pour laquelle il s&rsquo;engage. Sauf preuve contraire, les informations enregistr\u00e9es par la Soci\u00e9t\u00e9 constituent la preuve de l&rsquo;ensemble des transactions.<\/span><\/p>\n<p><\/p>\n<h2 class=\"wp-block-heading\"><span lang=\"en\">Prix<\/span><\/h2>\n<p><\/p>\n<p><span lang=\"en\"><span lang=\"fr\">Les prix des produits vendus \u00e0 travers les sites Internet sont indiqu\u00e9s en Dirham et d\u00e9termin\u00e9s pr\u00e9cis\u00e9ment sur les pages de description des produits. Ils sont \u00e9galement indiqu\u00e9s en Dirhams marocains sur la page de commande des produits, et hors frais sp\u00e9cifiques de port. Des droits de douane ou autres taxes locales ou droits d&rsquo;importation ou taxes d&rsquo;\u00e9tat peuvent \u00eatre exigibles dans certains cas. Ces droits et sommes ne rel\u00e8vent pas de la responsabilit\u00e9 du Vendeur. Ils seront \u00e0 la charge de l&rsquo;acheteur et rel\u00e8vent de sa responsabilit\u00e9 (d\u00e9clarations, paiement aux autorit\u00e9s comp\u00e9tentes, etc.). Le Vendeur invite donc l&rsquo;acheteur \u00e0 se renseigner sur ces aspects aupr\u00e8s des autorit\u00e9s locales correspondantes. La Soci\u00e9t\u00e9 se r\u00e9serve le droit de modifier ses prix \u00e0 tout moment pour l&rsquo;avenir. Les frais de t\u00e9l\u00e9communications n\u00e9cessaires \u00e0 l&rsquo;acc\u00e8s aux sites Internet de la Soci\u00e9t\u00e9 sont \u00e0 la charge du Client. Le cas \u00e9ch\u00e9ant \u00e9galement les frais de livraison.<\/span><\/span><\/p>\n<p><\/p>\n<h2 class=\"wp-block-heading\"><span lang=\"en\"><span lang=\"fr\">Conclusion du contrat en ligne<\/span><\/span><\/h2>\n<p><span lang=\"fr\">Conform\u00e9ment aux dispositions de l&rsquo;article 1127-1 du Code Civil, le Client doit suivre une s\u00e9rie d&rsquo;\u00e9tapes de conclusion du contrat par voie \u00e9lectronique afin de pouvoir passer sa commande ; Informations sur les caract\u00e9ristiques essentielles du Produit\u00a0; \u2013 Choix du Produit, le cas \u00e9ch\u00e9ant, de ses options \u2013 Indication des coordonn\u00e9es essentielles du Client (identification, email, adresse, etc.) ; \u2013 Acceptation des pr\u00e9sentes Conditions G\u00e9n\u00e9rales de Vente \u2013 V\u00e9rification des \u00e9l\u00e9ments de la commande (formalit\u00e9 double clic) et, le cas \u00e9ch\u00e9ant, correction des erreurs. Avant de proc\u00e9der \u00e0 sa confirmation, l&rsquo;Acheteur a la possibilit\u00e9 de v\u00e9rifier le d\u00e9tail de sa commande, son prix, et de corriger d&rsquo;\u00e9ventuelles erreurs, ou d&rsquo;annuler sa commande. La confirmation de la commande constituera la formation du pr\u00e9sent contrat. \u2013 Ensuite, suivi des instructions de paiement, paiement des produits, puis livraison de la commande. Le Client recevra par e-mail une confirmation du paiement de la commande, ainsi qu&rsquo;un accus\u00e9 de r\u00e9ception de la commande le confirmant. Il recevra une copie .pdf des pr\u00e9sentes conditions g\u00e9n\u00e9rales de vente. Le client aura lors de son processus de commande la possibilit\u00e9 d&rsquo;identifier les \u00e9ventuelles erreurs commises dans la saisie des donn\u00e9es et de les corriger. La langue propos\u00e9e pour la conclusion du contrat est la langue fran\u00e7aise. Les termes de l&rsquo;offre et les conditions g\u00e9n\u00e9rales de vente sont transmises par email \u00e0 l&rsquo;acheteur lors de la commande et archiv\u00e9es sur le site Internet du Vendeur. Le cas \u00e9ch\u00e9ant, les r\u00e8gles professionnelles et commerciales auxquelles l&rsquo;auteur de l&rsquo;offre entend se soumettre sont disponibles \u00e0 la consultation dans la rubrique \u00ab r\u00e8gles compl\u00e9mentaires \u00bb des pr\u00e9sentes CGV, consultable sur le site internet du Vendeur \u00e0 l&rsquo;adresse suivante :\u00a0<\/span><\/p>\n<p><span lang=\"fr\">https:\/\/ www.<span style=\"font-size: 18px; font-style: normal; font-family: Roboto-Bold, sans-serif; letter-spacing: 0.8px;\">Para-Orchidee<\/span>.com. L&rsquo;archivage des communications, de la commande, du d\u00e9tail de la commande, ainsi que des factures est effectu\u00e9 sur un support fiable et durable de mani\u00e8re \u00e0 constituer une copie fid\u00e8le et durable conform\u00e9ment aux dispositions de l&rsquo;article 1360 du Code de la consommation. code civil. Ces informations peuvent \u00eatre produites comme preuve du contrat. Pour les produits livr\u00e9s, la livraison sera effectu\u00e9e \u00e0 l&rsquo;adresse indiqu\u00e9e par le Client. Aux fins de la bonne ex\u00e9cution de la commande, le Client s&rsquo;engage \u00e0 fournir ses v\u00e9ritables \u00e9l\u00e9ments d&rsquo;identification. Le Vendeur se r\u00e9serve le droit de refuser la commande, par exemple pour toute demande anormale, formul\u00e9e de mauvaise foi ou pour tout motif l\u00e9gitime.<\/span><\/p>\n<p><\/p>\n<h2 class=\"wp-block-heading\"><span lang=\"en\"><span lang=\"fr\">Conformit\u00e9<\/span><\/span><\/h2>\n<p><\/p>\n<p><span lang=\"en\"><span lang=\"fr\">Conform\u00e9ment \u00e0 l&rsquo;article L.411-1 du Code de la consommation, les produits et services propos\u00e9s \u00e0 la vente au travers des pr\u00e9sentes CGV r\u00e9pondent aux exigences en vigueur relatives \u00e0 la s\u00e9curit\u00e9 et \u00e0 la sant\u00e9 des personnes, \u00e0 la fid\u00e9lisation des transactions commerciales et \u00e0 la protection des consommateurs. Ind\u00e9pendamment de toute garantie commerciale, le Vendeur reste responsable des d\u00e9fauts de conformit\u00e9 et des vices cach\u00e9s du produit. Conform\u00e9ment \u00e0 l&rsquo;article L.217-4, le vendeur livre un bien conforme au contrat et r\u00e9pond des d\u00e9fauts de conformit\u00e9 existant lors de la d\u00e9livrance. Il r\u00e9pond \u00e9galement des d\u00e9fauts de conformit\u00e9 r\u00e9sultant de l&#8217;emballage, des instructions de montage ou de l&rsquo;installation lorsque celle-ci a \u00e9t\u00e9 mise \u00e0 sa charge par le contrat ou a \u00e9t\u00e9 r\u00e9alis\u00e9e sous sa responsabilit\u00e9. Conform\u00e9ment aux dispositions l\u00e9gales en mati\u00e8re de conformit\u00e9 et de vices cach\u00e9s (art. 1641 c. civ.), le Vendeur rembourse ou \u00e9change les produits d\u00e9fectueux. Le remboursement peut \u00eatre demand\u00e9 de la mani\u00e8re suivante : par email (d\u00e9crivez la proc\u00e9dure de remboursement, et comment le produit doit \u00eatre retourn\u00e9, ainsi que le remboursement des frais de port le cas \u00e9ch\u00e9ant).<\/span><\/span><\/p>\n<p><\/p>\n<h2 class=\"wp-block-heading\"><span lang=\"en\"><span lang=\"fr\">Clause de r\u00e9serve de propri\u00e9t\u00e9<\/span><\/span><\/h2>\n<p><\/p>\n<p><span lang=\"en\"><span lang=\"fr\">Les produits restent la propri\u00e9t\u00e9 de la Soci\u00e9t\u00e9 jusqu&rsquo;au paiement int\u00e9gral du prix.<\/span><\/span><\/p>\n<p><\/p>\n<h2 class=\"wp-block-heading\"><span lang=\"en\"><span lang=\"fr\">Disponibilit\u00e9 et pr\u00e9sentation<\/span><\/span><\/h2>\n<p><\/p>\n<p><span lang=\"en\"><span lang=\"fr\">En cas d&rsquo;indisponibilit\u00e9 d&rsquo;un article pendant une dur\u00e9e sup\u00e9rieure \u00e0 30 jours ouvr\u00e9s, vous serez imm\u00e9diatement inform\u00e9 des d\u00e9lais de livraison pr\u00e9visibles et la commande de cet article pourra \u00eatre annul\u00e9e sur simple demande. Le Client pourra alors demander un avoir du montant de l&rsquo;article ou son remboursement int\u00e9gral et l&rsquo;annulation de la commande.<\/span><\/span><\/p>\n<p><\/p>\n<h2 class=\"wp-block-heading\"><span lang=\"en\"><span lang=\"fr\">P\u00e9riode de retrait<\/span><\/span><\/h2>\n<p><\/p>\n<p><span lang=\"en\"><span lang=\"fr\">Conform\u00e9ment aux dispositions de l&rsquo;article L 221-5 du Code de la consommation, l&rsquo;Acheteur dispose du droit de se r\u00e9tracter sans indication de motif, dans un d\u00e9lai de quatorze (07) jours \u00e0 compter de la date de r\u00e9ception de sa commande. Le droit de r\u00e9tractation peut \u00eatre exerc\u00e9 en contactant la Soci\u00e9t\u00e9 de la mani\u00e8re suivante : par email. Nous informons les Clients que conform\u00e9ment aux dispositions des articles L. 221-18 \u00e0 L. 221-28 du Code de la consommation, ce droit de r\u00e9tractation ne peut \u00eatre exerc\u00e9 pour les produits personnalis\u00e9s ou transform\u00e9s selon les sp\u00e9cifications du client, notamment lorsque la production de le produit a d\u00e9j\u00e0 \u00e9t\u00e9 lanc\u00e9 (entre 24 \u00e0 48 heures apr\u00e8s validation de la commande). En cas d&rsquo;exercice du droit de r\u00e9tractation dans le d\u00e9lai susvis\u00e9, le prix du ou des produits achet\u00e9s et les frais de port seront rembours\u00e9s, les frais de retour restant \u00e0 la charge du Client. Les retours de produits doivent \u00eatre effectu\u00e9s dans leur \u00e9tat d\u2019origine et complets (emballage, accessoires, notice\u2026) ; si possible, ils doivent \u00eatre accompagn\u00e9s d&rsquo;une copie de la preuve d&rsquo;achat.<\/span><\/span><\/p>\n<p><span lang=\"en\"><strong>C<span lang=\"fr\">ommandes :<\/span><\/strong> <br \/><\/span><\/p>\n<p><span lang=\"en\"><span lang=\"fr\">Le client passe la commande sur le site www.Para-Orchidee.com. Pour acheter un ou plusieurs articles, le client doit suivre le processus de commande suivant : <\/span><\/span><\/p>\n<ol>\n<li><span lang=\"en\"><span lang=\"fr\">S\u00e9lection des articles et ajout au panier. <\/span><\/span><\/li>\n<li><span lang=\"en\"><span lang=\"fr\">Validation du contenu du panier. <\/span><\/span><\/li>\n<li><span lang=\"en\"><span lang=\"fr\">Identification sur le site internet ou inscription sur la fiche d&rsquo;identification indiquant toutes les informations demand\u00e9es. <\/span><\/span><\/li>\n<li><span lang=\"en\"><span lang=\"fr\">Choix du mode de livraison.<\/span><\/span><\/li>\n<\/ol>\n<p><span lang=\"en\"><span lang=\"fr\"><span style=\"font-family: Roboto-Bold, sans-serif; font-size: 18px; font-style: normal; letter-spacing: 0.8px; color: var( --e-global-color-secondary );\">Para-Orchid\u00e9e\u00a0<\/span>contactera le client pour confirmer la commande et convenir d&rsquo;un rendez-vous pour la livraison de l&rsquo;article \u00e0 l&rsquo;adresse souhait\u00e9e. <\/span><\/span><\/p>\n<p><span lang=\"en\"><span lang=\"fr\">Le client peut v\u00e9rifier le d\u00e9tail de sa commande et son prix total lors du processus de commande et corriger toute erreur avant de la confirmer pour exprimer son acceptation.\u00a0<span style=\"font-size: 18px; font-style: normal; font-family: Roboto-Bold, sans-serif; letter-spacing: 0.8px;\">Para-Orchid\u00e9e\u00a0<\/span>se r\u00e9serve la propri\u00e9t\u00e9 des articles jusqu&rsquo;au paiement int\u00e9gral de la commande, c&rsquo;est-\u00e0-dire jusqu&rsquo;\u00e0 encaissement du prix de la commande.\u00a0<span style=\"font-size: 18px; font-style: normal; font-family: Roboto-Bold, sans-serif; letter-spacing: 0.8px;\">Para-Orchid\u00e9e\u00a0<\/span>se r\u00e9serve le droit d&rsquo;annuler ou de refuser toute commande d&rsquo;un client avec lequel il existerait un litige relatif au paiement d&rsquo;une commande ant\u00e9rieure. Toute commande vaut acceptation des prix et descriptions des articles disponibles \u00e0 la vente.\u00a0<span style=\"font-size: 18px; font-style: normal; font-family: Roboto-Bold, sans-serif; letter-spacing: 0.8px;\">Para-Orchid\u00e9e\u00a0<\/span>s&rsquo;engage \u00e0 honorer les commandes re\u00e7ues sur le site internet uniquement dans la limite des stocks disponibles. Modalit\u00e9s de paiement : <\/span><\/span><\/p>\n<p style=\"padding-left: 40px;\"><span lang=\"en\"><span lang=\"fr\">a- Paiement \u00e0 la livraison : Le paiement de toute commande pass\u00e9e sur notre site internet, nos r\u00e9seaux sociaux ou par WhatsApp s&rsquo;effectue au comptant \u00e0 r\u00e9ception de la commande. <\/span><\/span><\/p>\n<p style=\"padding-left: 40px;\"><span lang=\"en\"><span lang=\"fr\">b- Pr\u00e9paiement : Le paiement peut \u00eatre effectu\u00e9 en esp\u00e8ces ou par virement bancaire. Pour toute commande sup\u00e9rieure \u00e0 2000 Dhs, un acompte de 50% devra \u00eatre vers\u00e9 \u00e0 l&rsquo;avance pour valider la commande. <\/span><\/span><\/p>\n<p><span lang=\"en\"><span lang=\"fr\">D\u00e9lais d&rsquo;exp\u00e9dition et de livraison : <\/span><\/span><\/p>\n<p><span lang=\"en\"><span lang=\"fr\">Toute commande pass\u00e9e sur le site\u00a0<span style=\"font-size: 18px; font-style: normal; font-family: Roboto-Bold, sans-serif; letter-spacing: 0.8px;\">Para-Orchidee\u00a0<\/span>avant 10h du lundi au samedi (hors jours f\u00e9ri\u00e9s) sera pr\u00e9par\u00e9e et exp\u00e9di\u00e9e dans un d\u00e9lai maximum de 48h, sous r\u00e9serve de validation du paiement et de disponibilit\u00e9. <\/span><\/span><\/p>\n<p><span lang=\"en\"><span lang=\"fr\">Droits de propri\u00e9t\u00e9 intellectuelle : Les marques, noms de domaine, produits, logiciels, images, vid\u00e9os, textes ou plus g\u00e9n\u00e9ralement toute information soumise \u00e0 des droits de propri\u00e9t\u00e9 intellectuelle sont et restent la propri\u00e9t\u00e9 exclusive du vendeur. Aucune cession de droits de propri\u00e9t\u00e9 intellectuelle n\u2019est effectu\u00e9e au travers des pr\u00e9sentes CGV. Toute reproduction totale ou partielle, modification ou utilisation de ces produits pour quelque motif que ce soit est strictement interdite.<\/span><\/span><\/p>\n<p><strong><span lang=\"en\"><span lang=\"fr\">Force majeure :<\/span><\/span><\/strong><\/p>\n<p><span lang=\"en\"><span lang=\"fr\">L&rsquo;ex\u00e9cution des obligations du vendeur au titre des pr\u00e9sentes est suspendue en cas de survenance d&rsquo;un cas fortuit ou de force majeure qui emp\u00eacherait son ex\u00e9cution. Le vendeur informera le client de la survenance d&rsquo;un tel \u00e9v\u00e9nement dans les plus brefs d\u00e9lais.<\/span><\/span><\/p>\n<p><strong><span lang=\"en\"><span lang=\"fr\">Loi et clauses applicables :<\/span><\/span><\/strong><\/p>\n<p><span lang=\"en\"> <span lang=\"fr\">Toutes les clauses figurant dans les pr\u00e9sentes conditions g\u00e9n\u00e9rales de vente, ainsi que toutes les op\u00e9rations d&rsquo;achat et de vente qui y sont mentionn\u00e9es, seront soumises \u00e0 la loi marocaine. La nullit\u00e9 d&rsquo;une clause contractuelle n&rsquo;entra\u00eene pas la nullit\u00e9 des pr\u00e9sentes conditions g\u00e9n\u00e9rales de vente.<\/span><br \/><\/span><\/p>\n<p><\/p>\t\t\t\t\t\t\t\t<\/div>\n\t\t\t\t<\/div>\n\t\t\t\t\t<\/div>\n\t\t<\/div>\n\t\t\t\t\t<\/div>\n\t\t<\/section>\n\t\t\t\t<\/div>\n\t\t","protected":false},"excerpt":{"rendered":"<p>Mention l\u00e9gales ParaOrchid\u00e9e est joignable par email en cliquant sur le formulaire de contact accessible via la page d&rsquo;accueil du site. Le client dispose de toutes les informations n\u00e9cessaires pour passer sa commande. La vente entre le Client et la Soci\u00e9t\u00e9 ne sera r\u00e9alis\u00e9e que lorsque le client aura accept\u00e9 les Conditions G\u00e9n\u00e9rales, au moment &hellip;<\/p>\n<p class=\"read-more\"> <a class=\" thunk-readmore button \" href=\"https:\/\/para-orchidee.com\/?page_id=421&#038;lang=fr\"> <span class=\"screen-reader-text\">Politique de confidentialit\u00e9<\/span>Read More<\/a><\/p>\n","protected":false},"author":1,"featured_media":0,"parent":0,"menu_order":0,"comment_status":"closed","ping_status":"closed","template":"","meta":{"om_disable_all_campaigns":false,"_monsterinsights_skip_tracking":false,"_monsterinsights_sitenote_active":false,"_monsterinsights_sitenote_note":"","_monsterinsights_sitenote_category":0,"footnotes":""},"class_list":["post-421","page","type-page","status-publish","hentry","thunk-woo-product-list","opn-qv-enable","big-store-woo-hover-zoom","open-single-product-tab-horizontal","open-shadow-","open-shadow-hover-"],"aioseo_notices":[],"_links":{"self":[{"href":"https:\/\/para-orchidee.com\/index.php?rest_route=\/wp\/v2\/pages\/421","targetHints":{"allow":["GET"]}}],"collection":[{"href":"https:\/\/para-orchidee.com\/index.php?rest_route=\/wp\/v2\/pages"}],"about":[{"href":"https:\/\/para-orchidee.com\/index.php?rest_route=\/wp\/v2\/types\/page"}],"author":[{"embeddable":true,"href":"https:\/\/para-orchidee.com\/index.php?rest_route=\/wp\/v2\/users\/1"}],"replies":[{"embeddable":true,"href":"https:\/\/para-orchidee.com\/index.php?rest_route=%2Fwp%2Fv2%2Fcomments&post=421"}],"version-history":[{"count":13,"href":"https:\/\/para-orchidee.com\/index.php?rest_route=\/wp\/v2\/pages\/421\/revisions"}],"predecessor-version":[{"id":715,"href":"https:\/\/para-orchidee.com\/index.php?rest_route=\/wp\/v2\/pages\/421\/revisions\/715"}],"wp:attachment":[{"href":"https:\/\/para-orchidee.com\/index.php?rest_route=%2Fwp%2Fv2%2Fmedia&parent=421"}],"curies":[{"name":"wp","href":"https:\/\/api.w.org\/{rel}","templated":true}]}}