{"id":1050,"date":"2024-02-24T22:30:14","date_gmt":"2024-02-24T22:30:14","guid":{"rendered":"https:\/\/xn--Para-orchide-leb.com\/?post_type=product&#038;p=1050"},"modified":"2024-02-26T18:41:20","modified_gmt":"2024-02-26T18:41:20","slug":"elmex-dentifrice-sensitive-professional-blancheur-75ml","status":"publish","type":"product","link":"https:\/\/para-orchidee.com\/?product=elmex-dentifrice-sensitive-professional-blancheur-75ml&lang=fr","title":{"rendered":"ELMEX DENTIFRICE SENSITIVE PROFESSIONAL BLANCHEUR  75ML"},"content":{"rendered":"<p>Le dentifrice Elmex Sensitive Professional Whiteness est con\u00e7u pour un soulagement imm\u00e9diat des dents sensibles. Il ferme les canaux menant aux nerfs dentaires sensibles, de mani\u00e8re \u00e0 bloquer la douleur.<\/p>\n<p>Utilis\u00e9 r\u00e9guli\u00e8rement, il forme une barri\u00e8re protectrice longue dur\u00e9e contre la sensibilit\u00e9 dentaire. Sa formule peu abrasive \u00e9limine les taches et aide \u00e0 restaurer la blancheur naturelle de vos dents.<\/p>\n","protected":false},"excerpt":{"rendered":"<p>ELMEX DENTIFRICE SENSITIVE PROFESSIONAL BLANCHEUR 75ML<\/p>\n","protected":false},"featured_media":995,"comment_status":"open","ping_status":"closed","template":"","meta":{"om_disable_all_campaigns":false,"_monsterinsights_skip_tracking":false,"_monsterinsights_sitenote_active":false,"_monsterinsights_sitenote_note":"","_monsterinsights_sitenote_category":0},"product_brand":[],"product_cat":[16,139],"product_tag":[],"class_list":{"0":"post-1050","1":"product","2":"type-product","3":"status-publish","4":"has-post-thumbnail","6":"product_cat-boutique","7":"product_cat-soin-buccale","8":"thunk-woo-product-list","9":"opn-qv-enable","10":"big-store-woo-hover-zoom","11":"open-single-product-tab-horizontal","12":"open-shadow-","13":"open-shadow-hover-","15":"first","16":"instock","17":"taxable","18":"shipping-taxable","19":"purchasable","20":"product-type-simple"},"aioseo_notices":[],"_links":{"self":[{"href":"https:\/\/para-orchidee.com\/index.php?rest_route=\/wp\/v2\/product\/1050","targetHints":{"allow":["GET"]}}],"collection":[{"href":"https:\/\/para-orchidee.com\/index.php?rest_route=\/wp\/v2\/product"}],"about":[{"href":"https:\/\/para-orchidee.com\/index.php?rest_route=\/wp\/v2\/types\/product"}],"replies":[{"embeddable":true,"href":"https:\/\/para-orchidee.com\/index.php?rest_route=%2Fwp%2Fv2%2Fcomments&post=1050"}],"wp:featuredmedia":[{"embeddable":true,"href":"https:\/\/para-orchidee.com\/index.php?rest_route=\/wp\/v2\/media\/995"}],"wp:attachment":[{"href":"https:\/\/para-orchidee.com\/index.php?rest_route=%2Fwp%2Fv2%2Fmedia&parent=1050"}],"wp:term":[{"taxonomy":"product_brand","embeddable":true,"href":"https:\/\/para-orchidee.com\/index.php?rest_route=%2Fwp%2Fv2%2Fproduct_brand&post=1050"},{"taxonomy":"product_cat","embeddable":true,"href":"https:\/\/para-orchidee.com\/index.php?rest_route=%2Fwp%2Fv2%2Fproduct_cat&post=1050"},{"taxonomy":"product_tag","embeddable":true,"href":"https:\/\/para-orchidee.com\/index.php?rest_route=%2Fwp%2Fv2%2Fproduct_tag&post=1050"}],"curies":[{"name":"wp","href":"https:\/\/api.w.org\/{rel}","templated":true}]}}