{"id":1084,"date":"2024-02-26T23:24:25","date_gmt":"2024-02-26T23:24:25","guid":{"rendered":"https:\/\/xn--Para-orchide-leb.com\/?post_type=product&#038;p=1084"},"modified":"2024-02-26T23:40:21","modified_gmt":"2024-02-26T23:40:21","slug":"emulsion-solaire-visage-fps-50-150ml","status":"publish","type":"product","link":"https:\/\/para-orchidee.com\/?product=emulsion-solaire-visage-fps-50-150ml&lang=fr","title":{"rendered":"\u00c9mulsion solaire Visage FPS 50 50ML"},"content":{"rendered":"<p>D\u00e9velopp\u00e9 pour les peaux tr\u00e8s claires, claires ou sensibles de toute la famille (enfants de plus de 3 ans).<\/p>\n<p>Protection solaire du visage.<\/p>\n<p>Conseil d&rsquo;utilisation :<\/p>\n<p>Avant l&rsquo;exposition au soleil, appliquer g\u00e9n\u00e9reusement et uniform\u00e9ment sur toutes les zones expos\u00e9es.<\/p>\n<p>Une application r\u00e9duite de protection solaire peut r\u00e9duire consid\u00e9rablement le niveau de protection.<\/p>\n<p>Renouveler fr\u00e9quemment l&rsquo;application, notamment apr\u00e8s avoir transpir\u00e9, nag\u00e9 ou s&rsquo;\u00eatre essuy\u00e9.<\/p>\n<p>Pr\u00e9cautions:<\/p>\n<p>Gardez les b\u00e9b\u00e9s et les enfants \u00e0 l&rsquo;abri de la lumi\u00e8re directe du soleil.<\/p>\n<p>\u00c9vitez le soleil en milieu de journ\u00e9e et l&rsquo;exposition prolong\u00e9e au soleil, m\u00eame en utilisant une protection solaire.<\/p>\n<p>Ingr\u00e9dients:<br \/>\nSyst\u00e8me de filtres haute performance photostables \u00e0 large spectre, anti-UVA et UVB.<br \/>\nLa grande camomille, un actif brevet\u00e9 d&rsquo;origine v\u00e9g\u00e9tale aux propri\u00e9t\u00e9s anti-radicalaires et apaisantes.<br \/>\nD\u00e9riv\u00e9 de la vitamine E, un actif connu pour son activit\u00e9 antioxydante.<br \/>\nGlyc\u00e9rine, humectant reconnu pour sa propri\u00e9t\u00e9 hydratante.<\/p>\n","protected":false},"excerpt":{"rendered":"<p>La protection solaire visage des peaux les plus sensibles, tr\u00e8s claires ou claires, offre une double protection :<\/p>\n<p>Prot\u00e8ge des coups de soleil gr\u00e2ce au syst\u00e8me performant et photostable de filtres anti-UVA et UVB \u00e0 large spectre.<br \/>\nProt\u00e8ge des dommages cutan\u00e9s \u00e0 long terme.<\/p>\n<p>Formulation haute tol\u00e9rance, d\u00e9velopp\u00e9e sous contr\u00f4le m\u00e9dical et test\u00e9e cliniquement.<\/p>\n","protected":false},"featured_media":630,"comment_status":"open","ping_status":"closed","template":"","meta":{"om_disable_all_campaigns":false,"_monsterinsights_skip_tracking":false,"_monsterinsights_sitenote_active":false,"_monsterinsights_sitenote_note":"","_monsterinsights_sitenote_category":0},"product_brand":[],"product_cat":[16,22],"product_tag":[],"class_list":{"0":"post-1084","1":"product","2":"type-product","3":"status-publish","4":"has-post-thumbnail","6":"product_cat-boutique","7":"product_cat-soin-de-peau","8":"thunk-woo-product-list","9":"opn-qv-enable","10":"big-store-woo-hover-zoom","11":"open-single-product-tab-horizontal","12":"open-shadow-","13":"open-shadow-hover-","15":"first","16":"instock","17":"taxable","18":"shipping-taxable","19":"purchasable","20":"product-type-simple"},"aioseo_notices":[],"_links":{"self":[{"href":"https:\/\/para-orchidee.com\/index.php?rest_route=\/wp\/v2\/product\/1084","targetHints":{"allow":["GET"]}}],"collection":[{"href":"https:\/\/para-orchidee.com\/index.php?rest_route=\/wp\/v2\/product"}],"about":[{"href":"https:\/\/para-orchidee.com\/index.php?rest_route=\/wp\/v2\/types\/product"}],"replies":[{"embeddable":true,"href":"https:\/\/para-orchidee.com\/index.php?rest_route=%2Fwp%2Fv2%2Fcomments&post=1084"}],"wp:featuredmedia":[{"embeddable":true,"href":"https:\/\/para-orchidee.com\/index.php?rest_route=\/wp\/v2\/media\/630"}],"wp:attachment":[{"href":"https:\/\/para-orchidee.com\/index.php?rest_route=%2Fwp%2Fv2%2Fmedia&parent=1084"}],"wp:term":[{"taxonomy":"product_brand","embeddable":true,"href":"https:\/\/para-orchidee.com\/index.php?rest_route=%2Fwp%2Fv2%2Fproduct_brand&post=1084"},{"taxonomy":"product_cat","embeddable":true,"href":"https:\/\/para-orchidee.com\/index.php?rest_route=%2Fwp%2Fv2%2Fproduct_cat&post=1084"},{"taxonomy":"product_tag","embeddable":true,"href":"https:\/\/para-orchidee.com\/index.php?rest_route=%2Fwp%2Fv2%2Fproduct_tag&post=1084"}],"curies":[{"name":"wp","href":"https:\/\/api.w.org\/{rel}","templated":true}]}}