{"id":1511,"date":"2024-12-17T23:27:31","date_gmt":"2024-12-17T23:27:31","guid":{"rendered":"https:\/\/xn--Para-orchide-leb.com\/?product=acm-novophane-ongles-et-cheveux-60-capsules"},"modified":"2024-12-22T01:14:59","modified_gmt":"2024-12-22T01:14:59","slug":"acm-novophane-ongles-et-cheveux-60-capsules","status":"publish","type":"product","link":"https:\/\/para-orchidee.com\/?product=acm-novophane-ongles-et-cheveux-60-capsules&lang=fr","title":{"rendered":"Acm Novophane ongles et cheveux \u2013 60 G\u00e9lule"},"content":{"rendered":"<p>Compl\u00e9ment alimentaire \u00e0 utiliser dans le cadre d\u2019une alimentation vari\u00e9e, \u00e9quilibr\u00e9e, d\u2019un mode de vie sain.<\/p>\n<p>G\u00e9lule, compl\u00e9ment alimentaire \u00e0 vis\u00e9e capillaire. Riche en acides amin\u00e9s soufr\u00e9s, vitamines et oligo\u00e9l\u00e9ments. Favorise la croissance capillaire.<\/p>\n<p>Novophane g\u00e9lules est un compl\u00e9ment alimentaire ongles et cheveux.<\/p>\n<p>Il contient des acides amin\u00e9s, 7 vitamines et des min\u00e9raux :<br \/>\nLa biotine et le zinc contribuent au maintien d\u2019une belle chevelure.<br \/>\nLe zinc contribue au maintien de beaux ongles.<br \/>\nLa vitamine B6 contribue \u00e0 la synth\u00e8se normale de la cyst\u00e9ine.<br \/>\nLe cuivre contribue \u00e0 la pigmentation normale des cheveux.<\/p>\n<p>Conditionnement : Bo\u00eete de 60<\/p>\n<p>ACM est un laboratoire qui d\u00e9veloppe des compl\u00e9ments alimentaires ainsi que produits de soins cutan\u00e9s comme le gel nettoyant Sebionex.<\/p>\n<p>CONSEILS D\u2019UTILISATION<\/p>\n<p>2 g\u00e9lules par jour au cours d\u2019un repas pendant 3 mois.<br \/>\n\u00c0 renouveler si n\u00e9cessaire au cours de l\u2019ann\u00e9e.<\/p>\n","protected":false},"excerpt":{"rendered":"<p>Compl\u00e9ment alimentaire sous forme de g\u00e9lules v\u00e9g\u00e9tales \u00e0 base d\u2019acides amin\u00e9s, de vitamines et de min\u00e9raux.<\/p>\n","protected":false},"featured_media":1303,"comment_status":"open","ping_status":"closed","template":"","meta":{"om_disable_all_campaigns":false,"_monsterinsights_skip_tracking":false,"_monsterinsights_sitenote_active":false,"_monsterinsights_sitenote_note":"","_monsterinsights_sitenote_category":0},"product_brand":[],"product_cat":[178,16,17],"product_tag":[],"class_list":{"0":"post-1511","1":"product","2":"type-product","3":"status-publish","4":"has-post-thumbnail","6":"product_cat-acm","7":"product_cat-boutique","8":"product_cat-cheveux","9":"thunk-woo-product-list","10":"opn-qv-enable","11":"big-store-woo-hover-zoom","12":"open-single-product-tab-horizontal","13":"open-shadow-","14":"open-shadow-hover-","16":"first","17":"instock","18":"sale","19":"taxable","20":"shipping-taxable","21":"purchasable","22":"product-type-simple"},"aioseo_notices":[],"_links":{"self":[{"href":"https:\/\/para-orchidee.com\/index.php?rest_route=\/wp\/v2\/product\/1511","targetHints":{"allow":["GET"]}}],"collection":[{"href":"https:\/\/para-orchidee.com\/index.php?rest_route=\/wp\/v2\/product"}],"about":[{"href":"https:\/\/para-orchidee.com\/index.php?rest_route=\/wp\/v2\/types\/product"}],"replies":[{"embeddable":true,"href":"https:\/\/para-orchidee.com\/index.php?rest_route=%2Fwp%2Fv2%2Fcomments&post=1511"}],"wp:featuredmedia":[{"embeddable":true,"href":"https:\/\/para-orchidee.com\/index.php?rest_route=\/wp\/v2\/media\/1303"}],"wp:attachment":[{"href":"https:\/\/para-orchidee.com\/index.php?rest_route=%2Fwp%2Fv2%2Fmedia&parent=1511"}],"wp:term":[{"taxonomy":"product_brand","embeddable":true,"href":"https:\/\/para-orchidee.com\/index.php?rest_route=%2Fwp%2Fv2%2Fproduct_brand&post=1511"},{"taxonomy":"product_cat","embeddable":true,"href":"https:\/\/para-orchidee.com\/index.php?rest_route=%2Fwp%2Fv2%2Fproduct_cat&post=1511"},{"taxonomy":"product_tag","embeddable":true,"href":"https:\/\/para-orchidee.com\/index.php?rest_route=%2Fwp%2Fv2%2Fproduct_tag&post=1511"}],"curies":[{"name":"wp","href":"https:\/\/api.w.org\/{rel}","templated":true}]}}