{"id":1513,"date":"2024-12-17T23:27:31","date_gmt":"2024-12-17T23:27:31","guid":{"rendered":"https:\/\/xn--Para-orchide-leb.com\/?product=depiwhite-lait-corps-eclaircissant-500-ml"},"modified":"2024-12-22T19:05:39","modified_gmt":"2024-12-22T19:05:39","slug":"depiwhite-lait-corps-eclaircissant-500-ml","status":"publish","type":"product","link":"https:\/\/para-orchidee.com\/?product=depiwhite-lait-corps-eclaircissant-500-ml&lang=fr","title":{"rendered":"D\u00e9piwhite Lait Corps \u00c9claircissant &#8211; 500 ml"},"content":{"rendered":"<p>Propri\u00e9t\u00e9s<\/p>\n<p>Le lait corporel D\u00e9piwhite est riche en agents hydratants et en actifs \u00e9claircissants, il permet d\u2019hydrater la peau, d\u2019\u00e9claircir et d&rsquo;homog\u00e9n\u00e9iser le teint.<br \/>\nFormul\u00e9 avec des actifs v\u00e9g\u00e9taux, le lait pour le corps va stopper la surproduction de m\u00e9lanine.<\/p>\n<p>Conseils d\u2019utilisation<\/p>\n<p>Appilquer 1 \u00e0 2 fois par jour.<\/p>\n<p>Actifs<\/p>\n<p>Agents hydratants et relipidants : Karit\u00e9, Jojoba, Vaseline, Cire d&rsquo;abeille, Glyc\u00e9rine, Huile de noyau d\u2019abricot, Association d\u2019actifs v\u00e9g\u00e9taux..<\/p>\n","protected":false},"excerpt":{"rendered":"<p>Soin du corps hydratant et \u00e9claircissant pour les peaux pr\u00e9sentant des taches brunes.<\/p>\n","protected":false},"featured_media":1286,"comment_status":"open","ping_status":"closed","template":"","meta":{"om_disable_all_campaigns":false,"_monsterinsights_skip_tracking":false,"_monsterinsights_sitenote_active":false,"_monsterinsights_sitenote_note":"","_monsterinsights_sitenote_category":0},"product_brand":[],"product_cat":[178,16,19,22],"product_tag":[],"class_list":{"0":"post-1513","1":"product","2":"type-product","3":"status-publish","4":"has-post-thumbnail","6":"product_cat-acm","7":"product_cat-boutique","8":"product_cat-corps","9":"product_cat-soin-de-peau","10":"thunk-woo-product-list","11":"opn-qv-enable","12":"big-store-woo-hover-zoom","13":"open-single-product-tab-horizontal","14":"open-shadow-","15":"open-shadow-hover-","17":"first","18":"instock","19":"sale","20":"taxable","21":"shipping-taxable","22":"purchasable","23":"product-type-simple"},"aioseo_notices":[],"_links":{"self":[{"href":"https:\/\/para-orchidee.com\/index.php?rest_route=\/wp\/v2\/product\/1513","targetHints":{"allow":["GET"]}}],"collection":[{"href":"https:\/\/para-orchidee.com\/index.php?rest_route=\/wp\/v2\/product"}],"about":[{"href":"https:\/\/para-orchidee.com\/index.php?rest_route=\/wp\/v2\/types\/product"}],"replies":[{"embeddable":true,"href":"https:\/\/para-orchidee.com\/index.php?rest_route=%2Fwp%2Fv2%2Fcomments&post=1513"}],"wp:featuredmedia":[{"embeddable":true,"href":"https:\/\/para-orchidee.com\/index.php?rest_route=\/wp\/v2\/media\/1286"}],"wp:attachment":[{"href":"https:\/\/para-orchidee.com\/index.php?rest_route=%2Fwp%2Fv2%2Fmedia&parent=1513"}],"wp:term":[{"taxonomy":"product_brand","embeddable":true,"href":"https:\/\/para-orchidee.com\/index.php?rest_route=%2Fwp%2Fv2%2Fproduct_brand&post=1513"},{"taxonomy":"product_cat","embeddable":true,"href":"https:\/\/para-orchidee.com\/index.php?rest_route=%2Fwp%2Fv2%2Fproduct_cat&post=1513"},{"taxonomy":"product_tag","embeddable":true,"href":"https:\/\/para-orchidee.com\/index.php?rest_route=%2Fwp%2Fv2%2Fproduct_tag&post=1513"}],"curies":[{"name":"wp","href":"https:\/\/api.w.org\/{rel}","templated":true}]}}