{"id":1516,"date":"2024-12-15T19:51:37","date_gmt":"2024-12-15T19:51:37","guid":{"rendered":"https:\/\/xn--Para-orchide-leb.com\/?product=depiwhite-s-spf50-soin-photoprotecteur-eclaircissant-50-ml"},"modified":"2024-12-29T12:02:49","modified_gmt":"2024-12-29T12:02:49","slug":"depiwhite-s-spf50-soin-photoprotecteur-eclaircissant-50-ml","status":"publish","type":"product","link":"https:\/\/para-orchidee.com\/?product=depiwhite-s-spf50-soin-photoprotecteur-eclaircissant-50-ml&lang=fr","title":{"rendered":"D\u00e9piwhite S SPF50+ &#8211; 50 ml"},"content":{"rendered":"<p>Le soin photo-protecteur \u00e9claircissant ACM D\u00e9piwhite.S prot\u00e8ge votre peau contre les effets n\u00e9fastes des rayons ultraviolets A et B sur votre peau (SPF 50+).<\/p>\n<p>Gr\u00e2ce \u00e0 son association de filtres organiques et de filtres min\u00e9raux, le soin d\u00e9piwhite s spf 50+ permet une protection solaire maximale sur l\u2019ensemble du spectre UVA\/UVB. Ce soin poss\u00e8de aussi une action d\u00e9pigmentante compl\u00e9mentaire gr\u00e2ce \u00e0 une association d\u2019actifs v\u00e9g\u00e9taux qui permet de freiner la surproduction de m\u00e9lanine et d\u2019att\u00e9nuer les taches pigmentaires ou de limiter leur r\u00e9apparition.<\/p>\n<p>Les plus de ce produit ?<\/p>\n<ul>\n<li>Sa formule sans paraben, r\u00e9sistante \u00e0 l&rsquo;eau et invisible.<\/li>\n<li>Sa texture l\u00e9g\u00e8re, agr\u00e9able et fluide.<\/li>\n<\/ul>\n<div class=\"\">\n<p class=\"me-1\"><strong>Id\u00e9al pour : <\/strong>Sujettes aux taches pigmentaires<\/p>\n<\/div>\n<div class=\"\">\n<p class=\"me-1\"><strong>Texture : <\/strong>Cr\u00e8me<\/p>\n<\/div>\n<div class=\"\">\n<p class=\"me-1\"><strong>Quand ? :\u00a0<\/strong>Matin, renouveler toutes les 2h<\/p>\n<\/div>\n<div class=\"\">\n<p><strong>Pr\u00e9vient l&rsquo;apparition des taches brunes, tr\u00e8s haute protection SPF 50+<\/strong><\/p>\n<\/div>\n","protected":false},"excerpt":{"rendered":"<p><strong>D\u00e9piwhite S SPF50 Soin Photoprotecteur \u00c9claircissant<\/strong><\/p>\n<p>Prot\u00e8ge la peau contre le soleil et pr\u00e9vient les taches brunes.<\/p>\n","protected":false},"featured_media":1320,"comment_status":"open","ping_status":"closed","template":"","meta":{"om_disable_all_campaigns":false,"_monsterinsights_skip_tracking":false,"_monsterinsights_sitenote_active":false,"_monsterinsights_sitenote_note":"","_monsterinsights_sitenote_category":0},"product_brand":[],"product_cat":[178,16,181,22,18],"product_tag":[],"class_list":{"0":"post-1516","1":"product","2":"type-product","3":"status-publish","4":"has-post-thumbnail","6":"product_cat-acm","7":"product_cat-boutique","8":"product_cat-protection-solaire","9":"product_cat-soin-de-peau","10":"product_cat-visage","11":"thunk-woo-product-list","12":"opn-qv-enable","13":"big-store-woo-hover-zoom","14":"open-single-product-tab-horizontal","15":"open-shadow-","16":"open-shadow-hover-","18":"first","19":"instock","20":"sale","21":"taxable","22":"shipping-taxable","23":"purchasable","24":"product-type-simple"},"aioseo_notices":[],"_links":{"self":[{"href":"https:\/\/para-orchidee.com\/index.php?rest_route=\/wp\/v2\/product\/1516","targetHints":{"allow":["GET"]}}],"collection":[{"href":"https:\/\/para-orchidee.com\/index.php?rest_route=\/wp\/v2\/product"}],"about":[{"href":"https:\/\/para-orchidee.com\/index.php?rest_route=\/wp\/v2\/types\/product"}],"replies":[{"embeddable":true,"href":"https:\/\/para-orchidee.com\/index.php?rest_route=%2Fwp%2Fv2%2Fcomments&post=1516"}],"wp:featuredmedia":[{"embeddable":true,"href":"https:\/\/para-orchidee.com\/index.php?rest_route=\/wp\/v2\/media\/1320"}],"wp:attachment":[{"href":"https:\/\/para-orchidee.com\/index.php?rest_route=%2Fwp%2Fv2%2Fmedia&parent=1516"}],"wp:term":[{"taxonomy":"product_brand","embeddable":true,"href":"https:\/\/para-orchidee.com\/index.php?rest_route=%2Fwp%2Fv2%2Fproduct_brand&post=1516"},{"taxonomy":"product_cat","embeddable":true,"href":"https:\/\/para-orchidee.com\/index.php?rest_route=%2Fwp%2Fv2%2Fproduct_cat&post=1516"},{"taxonomy":"product_tag","embeddable":true,"href":"https:\/\/para-orchidee.com\/index.php?rest_route=%2Fwp%2Fv2%2Fproduct_tag&post=1516"}],"curies":[{"name":"wp","href":"https:\/\/api.w.org\/{rel}","templated":true}]}}