{"id":1523,"date":"2024-12-17T23:25:30","date_gmt":"2024-12-17T23:25:30","guid":{"rendered":"https:\/\/xn--Para-orchide-leb.com\/?product=sebionex-hydra-creme-40-ml"},"modified":"2024-12-23T22:40:09","modified_gmt":"2024-12-23T22:40:09","slug":"sebionex-hydra-creme-40-ml","status":"publish","type":"product","link":"https:\/\/para-orchidee.com\/?product=sebionex-hydra-creme-40-ml&lang=fr","title":{"rendered":"S\u00e9bionex Hydra Cr\u00e8me &#8211; 40 ml"},"content":{"rendered":"<p>Gr\u00e2ce \u00e0 son complexe d\u2019actifs apaisants, restructurants et hydratants, <strong>la cr\u00e8me S\u00e9bionex Hydra<\/strong> agit efficacement sur les \u00e9tats de s\u00e9cheresse cutan\u00e9e, elle restructure la barri\u00e8re cutan\u00e9e et soulage les sensations d\u2019irritations et de tiraillements. Sa gal\u00e9nique \u00e0 cristaux liquides am\u00e9liore son toucher et ses propri\u00e9t\u00e9s r\u00e9paratrices et hydratantes.<\/p>\n<p><strong>S\u00e9bionex Hydra<\/strong> restaure ainsi le confort cutan\u00e9 et permet de compenser les effets secondaires de certains traitements dermatologiques.<\/p>\n<p>Elle laisse la <strong>peau apais\u00e9e<\/strong> et <strong>hydrat\u00e9e<\/strong><\/p>\n<p><strong>Id\u00e9al pour<\/strong> : Mixtes a grasses et\/ou fragilis\u00e9es par les traitements dermatologiques<br \/>\n<strong>Texture<\/strong> : Cr\u00e8me riche<br \/>\n<strong>Quand ?<\/strong> : Matin et\/ou Soir<br \/>\n<strong>Hydrate<\/strong>, <strong>apaise<\/strong>, <strong>restructure<\/strong>, <strong>restaure le confort cutan\u00e9<\/strong><\/p>\n","protected":false},"excerpt":{"rendered":"<p>Cr\u00e8me r\u00e9paratrice des peaux fragilis\u00e9es et dess\u00e9ch\u00e9es.<\/p>\n<p>Les traitements dermatologiques anti-acn\u00e9iques ou les agressions ext\u00e9rieures ont tendance \u00e0 rendre la peau plus s\u00e8che ;<\/p>\n<p>Ce soin restaure leur confort cutan\u00e9.<\/p>\n","protected":false},"featured_media":1308,"comment_status":"open","ping_status":"closed","template":"","meta":{"om_disable_all_campaigns":false,"_monsterinsights_skip_tracking":false,"_monsterinsights_sitenote_active":false,"_monsterinsights_sitenote_note":"","_monsterinsights_sitenote_category":0},"product_brand":[],"product_cat":[178,16,22,18],"product_tag":[],"class_list":{"0":"post-1523","1":"product","2":"type-product","3":"status-publish","4":"has-post-thumbnail","6":"product_cat-acm","7":"product_cat-boutique","8":"product_cat-soin-de-peau","9":"product_cat-visage","10":"thunk-woo-product-list","11":"opn-qv-enable","12":"big-store-woo-hover-zoom","13":"open-single-product-tab-horizontal","14":"open-shadow-","15":"open-shadow-hover-","17":"first","18":"instock","19":"sale","20":"taxable","21":"shipping-taxable","22":"purchasable","23":"product-type-simple"},"aioseo_notices":[],"_links":{"self":[{"href":"https:\/\/para-orchidee.com\/index.php?rest_route=\/wp\/v2\/product\/1523","targetHints":{"allow":["GET"]}}],"collection":[{"href":"https:\/\/para-orchidee.com\/index.php?rest_route=\/wp\/v2\/product"}],"about":[{"href":"https:\/\/para-orchidee.com\/index.php?rest_route=\/wp\/v2\/types\/product"}],"replies":[{"embeddable":true,"href":"https:\/\/para-orchidee.com\/index.php?rest_route=%2Fwp%2Fv2%2Fcomments&post=1523"}],"wp:featuredmedia":[{"embeddable":true,"href":"https:\/\/para-orchidee.com\/index.php?rest_route=\/wp\/v2\/media\/1308"}],"wp:attachment":[{"href":"https:\/\/para-orchidee.com\/index.php?rest_route=%2Fwp%2Fv2%2Fmedia&parent=1523"}],"wp:term":[{"taxonomy":"product_brand","embeddable":true,"href":"https:\/\/para-orchidee.com\/index.php?rest_route=%2Fwp%2Fv2%2Fproduct_brand&post=1523"},{"taxonomy":"product_cat","embeddable":true,"href":"https:\/\/para-orchidee.com\/index.php?rest_route=%2Fwp%2Fv2%2Fproduct_cat&post=1523"},{"taxonomy":"product_tag","embeddable":true,"href":"https:\/\/para-orchidee.com\/index.php?rest_route=%2Fwp%2Fv2%2Fproduct_tag&post=1523"}],"curies":[{"name":"wp","href":"https:\/\/api.w.org\/{rel}","templated":true}]}}