{"id":1524,"date":"2024-12-17T23:25:31","date_gmt":"2024-12-17T23:25:31","guid":{"rendered":"https:\/\/xn--Para-orchide-leb.com\/?product=depiwhite-m-spf50-invisible-protective-cream-40-ml"},"modified":"2024-12-23T15:15:13","modified_gmt":"2024-12-23T15:15:13","slug":"depiwhite-m-spf50-invisible-protective-cream-40-ml","status":"publish","type":"product","link":"https:\/\/para-orchidee.com\/?product=depiwhite-m-spf50-invisible-protective-cream-40-ml&lang=fr","title":{"rendered":"DEPIWHITE M SPF50+ Invisible- 40 ml"},"content":{"rendered":"<p>DEPIWHITE M SPF50+ offre un tr\u00e8s haut degr\u00e9 de protection invisible qui pr\u00e9vient l&rsquo;apparition ou l&rsquo;aggravation des taches pigmentaires telles que le chloasma.<\/p>\n<p>Il contient une combinaison unique de filtres solaires, offrant une protection contre les rayons UVA et UVB, ainsi que des agents r\u00e9fl\u00e9chissants qui offrent une protection suppl\u00e9mentaire contre la lumi\u00e8re violette et bleue. C&rsquo;est une cr\u00e8me solaire invisible, \u00e0 la texture fluide, photostable et r\u00e9sistante \u00e0 l&rsquo;eau, indispensable pour une protection fiable et une forte persistance cutan\u00e9e.<\/p>\n<p>Id\u00e9al pour : Tous les types de peaux<br \/>\nTexture : Cr\u00e8me<br \/>\nQuand ? : Matin, renouveler toutes les 2h<br \/>\nCette cr\u00e8me solaire SPF 50+ b\u00e9n\u00e9ficie d\u2019une texture non com\u00e9dog\u00e8ne avec une r\u00e9manence de 6 heures apr\u00e8s application.<\/p>\n","protected":false},"excerpt":{"rendered":"<p><strong>DEPIWHITE M SPF50+ Invisible protective cream : <\/strong>Ce soin associe une protection solaire optimale uva-uvb \u00e0 une protection compl\u00e9mentaire (violette-bleue).<\/p>\n","protected":false},"featured_media":1291,"comment_status":"open","ping_status":"closed","template":"","meta":{"om_disable_all_campaigns":false,"_monsterinsights_skip_tracking":false,"_monsterinsights_sitenote_active":false,"_monsterinsights_sitenote_note":"","_monsterinsights_sitenote_category":0},"product_brand":[],"product_cat":[178,16,181,18],"product_tag":[],"class_list":{"0":"post-1524","1":"product","2":"type-product","3":"status-publish","4":"has-post-thumbnail","6":"product_cat-acm","7":"product_cat-boutique","8":"product_cat-protection-solaire","9":"product_cat-visage","10":"thunk-woo-product-list","11":"opn-qv-enable","12":"big-store-woo-hover-zoom","13":"open-single-product-tab-horizontal","14":"open-shadow-","15":"open-shadow-hover-","17":"first","18":"instock","19":"sale","20":"taxable","21":"shipping-taxable","22":"purchasable","23":"product-type-simple"},"aioseo_notices":[],"_links":{"self":[{"href":"https:\/\/para-orchidee.com\/index.php?rest_route=\/wp\/v2\/product\/1524","targetHints":{"allow":["GET"]}}],"collection":[{"href":"https:\/\/para-orchidee.com\/index.php?rest_route=\/wp\/v2\/product"}],"about":[{"href":"https:\/\/para-orchidee.com\/index.php?rest_route=\/wp\/v2\/types\/product"}],"replies":[{"embeddable":true,"href":"https:\/\/para-orchidee.com\/index.php?rest_route=%2Fwp%2Fv2%2Fcomments&post=1524"}],"wp:featuredmedia":[{"embeddable":true,"href":"https:\/\/para-orchidee.com\/index.php?rest_route=\/wp\/v2\/media\/1291"}],"wp:attachment":[{"href":"https:\/\/para-orchidee.com\/index.php?rest_route=%2Fwp%2Fv2%2Fmedia&parent=1524"}],"wp:term":[{"taxonomy":"product_brand","embeddable":true,"href":"https:\/\/para-orchidee.com\/index.php?rest_route=%2Fwp%2Fv2%2Fproduct_brand&post=1524"},{"taxonomy":"product_cat","embeddable":true,"href":"https:\/\/para-orchidee.com\/index.php?rest_route=%2Fwp%2Fv2%2Fproduct_cat&post=1524"},{"taxonomy":"product_tag","embeddable":true,"href":"https:\/\/para-orchidee.com\/index.php?rest_route=%2Fwp%2Fv2%2Fproduct_tag&post=1524"}],"curies":[{"name":"wp","href":"https:\/\/api.w.org\/{rel}","templated":true}]}}