{"id":1526,"date":"2024-12-17T23:25:30","date_gmt":"2024-12-17T23:25:30","guid":{"rendered":"https:\/\/xn--Para-orchide-leb.com\/?product=duolys-contour-des-yeux-15-ml"},"modified":"2024-12-24T13:18:32","modified_gmt":"2024-12-24T13:18:32","slug":"duolys-contour-des-yeux-15-ml","status":"publish","type":"product","link":"https:\/\/para-orchidee.com\/?product=duolys-contour-des-yeux-15-ml&lang=fr","title":{"rendered":"Duolys Contour des Yeux &#8211; 15 ml"},"content":{"rendered":"<p>Soin anti-\u00e2ge d\u00e9di\u00e9 au contour de l&rsquo;\u0153il, ce produit multifonction r\u00e9pond aux pr\u00e9occupations esth\u00e9tiques les plus courantes de cette zone particuli\u00e8rement d\u00e9licate du visage.<br \/>\nCon\u00e7u pour tous types de peau, ce soin expert cible avec pr\u00e9cision les signes de fatigue et du vieillissement : rides, poches et cernes.<\/p>\n<p>Sa formule sophistiqu\u00e9e repose sur une synergie d&rsquo;actifs performants, associant vitamines et peptides pour une action globale et efficace.<br \/>\nLes principes actifs agissent sur plusieurs fronts :<\/p>\n<ul>\n<li>Raffermissement du contour de l&rsquo;\u0153il<\/li>\n<li>R\u00e9duction visible du volume des poches<\/li>\n<li>Att\u00e9nuation de la pigmentation des cernes<\/li>\n<li>Lissage des rides<\/li>\n<\/ul>\n<p>La vitamine C et la vitamine E combinent leurs propri\u00e9t\u00e9s antioxydantes et r\u00e9g\u00e9n\u00e9rantes, tandis que les peptides stimulent la production de collag\u00e8ne et am\u00e9liorent l&rsquo;\u00e9lasticit\u00e9 cutan\u00e9e.<br \/>\nAu-del\u00e0 du traitement, le soin offre un effet d\u00e9fatiguant imm\u00e9diat : la zone est d\u00e9sengorg\u00e9e, d\u00e9congestionn\u00e9, comme \u00ab\u00a0r\u00e9veill\u00e9e\u00a0\u00bb. L&rsquo;hydratation intense prot\u00e8ge cette zone fragile et lui conf\u00e8re une apparence fra\u00eeche et repulp\u00e9e.<br \/>\n<strong>R\u00e9sultat<\/strong> : un regard plus jeune, lumineux et repos\u00e9.<\/p>\n<p><strong>Id\u00e9al pour :<\/strong> Tous types de peaux &#8211; Rides, ridules, cernes et poches<br \/>\n<strong>Texture :<\/strong> Cr\u00e8me<br \/>\n<strong>Quand ? :<\/strong> Matin et\/ou Soir<br \/>\n<strong>Lisse les rides, att\u00e9nues les poches et \u00e9claircit les cernes<\/strong><\/p>\n","protected":false},"excerpt":{"rendered":"<p>Cr\u00e8me contour de l\u2019\u0153il.<br \/>\nUn soin complet qui lisse les rides, att\u00e9nue les poches et \u00e9claircit les cernes.<\/p>\n<p>Tous types de peau.<\/p>\n","protected":false},"featured_media":1294,"comment_status":"open","ping_status":"closed","template":"","meta":{"om_disable_all_campaigns":false,"_monsterinsights_skip_tracking":false,"_monsterinsights_sitenote_active":false,"_monsterinsights_sitenote_note":"","_monsterinsights_sitenote_category":0},"product_brand":[],"product_cat":[178,16,18],"product_tag":[],"class_list":{"0":"post-1526","1":"product","2":"type-product","3":"status-publish","4":"has-post-thumbnail","6":"product_cat-acm","7":"product_cat-boutique","8":"product_cat-visage","9":"thunk-woo-product-list","10":"opn-qv-enable","11":"big-store-woo-hover-zoom","12":"open-single-product-tab-horizontal","13":"open-shadow-","14":"open-shadow-hover-","16":"first","17":"instock","18":"sale","19":"taxable","20":"shipping-taxable","21":"purchasable","22":"product-type-simple"},"aioseo_notices":[],"_links":{"self":[{"href":"https:\/\/para-orchidee.com\/index.php?rest_route=\/wp\/v2\/product\/1526","targetHints":{"allow":["GET"]}}],"collection":[{"href":"https:\/\/para-orchidee.com\/index.php?rest_route=\/wp\/v2\/product"}],"about":[{"href":"https:\/\/para-orchidee.com\/index.php?rest_route=\/wp\/v2\/types\/product"}],"replies":[{"embeddable":true,"href":"https:\/\/para-orchidee.com\/index.php?rest_route=%2Fwp%2Fv2%2Fcomments&post=1526"}],"wp:featuredmedia":[{"embeddable":true,"href":"https:\/\/para-orchidee.com\/index.php?rest_route=\/wp\/v2\/media\/1294"}],"wp:attachment":[{"href":"https:\/\/para-orchidee.com\/index.php?rest_route=%2Fwp%2Fv2%2Fmedia&parent=1526"}],"wp:term":[{"taxonomy":"product_brand","embeddable":true,"href":"https:\/\/para-orchidee.com\/index.php?rest_route=%2Fwp%2Fv2%2Fproduct_brand&post=1526"},{"taxonomy":"product_cat","embeddable":true,"href":"https:\/\/para-orchidee.com\/index.php?rest_route=%2Fwp%2Fv2%2Fproduct_cat&post=1526"},{"taxonomy":"product_tag","embeddable":true,"href":"https:\/\/para-orchidee.com\/index.php?rest_route=%2Fwp%2Fv2%2Fproduct_tag&post=1526"}],"curies":[{"name":"wp","href":"https:\/\/api.w.org\/{rel}","templated":true}]}}