{"id":1527,"date":"2024-12-15T19:51:37","date_gmt":"2024-12-15T19:51:37","guid":{"rendered":"https:\/\/xn--Para-orchide-leb.com\/?product=novophane-lotion-anti-chute-100-ml"},"modified":"2024-12-28T15:52:02","modified_gmt":"2024-12-28T15:52:02","slug":"novophane-lotion-anti-chute-100-ml","status":"publish","type":"product","link":"https:\/\/para-orchidee.com\/?product=novophane-lotion-anti-chute-100-ml&lang=fr","title":{"rendered":"Novophane Lotion Anti-Chute &#8211; 100 ml"},"content":{"rendered":"<p>Ce traitement unique est con\u00e7u pour \u00eatre votre alli\u00e9 quotidien contre la chute des cheveux, offrant une solution aussi bien pour les hommes que pour les femmes.<br \/>\nLa vie moderne nous soumet au stress, \u00e0 la fatigue, aux changements de saison, aux grossesses et \u00e0 la pollution, facteurs qui aboutissent souvent \u00e0 une chute temporaire des cheveux.<\/p>\n<p>La Lotion Anti-Chute R\u00e9actionnelle Novophane se pr\u00e9sente comme le baume parfait pour ces probl\u00e8mes, r\u00e9duisant consid\u00e9rablement la chute des cheveux et favorisant une croissance saine et pleine de vie.<\/p>\n<p>La magie derri\u00e8re son efficacit\u00e9 r\u00e9side dans une s\u00e9lection rigoureuse d&rsquo;ingr\u00e9dients.<\/p>\n<p>Gr\u00e2ce \u00e0 la vitamine PP, il stimule la microcirculation du cuir chevelu, essentielle pour nourrir et revitaliser chaque follicule.<\/p>\n<p>La biotine, la vitamine B6 et les huiles essentielles de pamplemousse et d&rsquo;orange sont responsables de la r\u00e9gulation de la production de s\u00e9bum, maintenant les cheveux dans des conditions optimales de croissance.<\/p>\n<p>La l\u00e9g\u00e8ret\u00e9 de sa texture permet une application simple et agr\u00e9able, sans laisser de r\u00e9sidus collants ni graisser les cheveux.<\/p>\n<p>Son absorption rapide et l&rsquo;absence de besoin de rin\u00e7age facilitent son utilisation \u00e0 tout moment de la journ\u00e9e.<\/p>\n<p><strong>Composition :<\/strong><\/p>\n<ul>\n<li>Huiles essentielles d\u2019ambrette et de cabreuva : stimulent le bulbe pileux et favorisent la croissance des cheveux.<\/li>\n<li>Vitamine C et vitamine E : Anti-oxydantes.<\/li>\n<li>Vitamine B5 : fortifie et participe \u00e0 la croissance\u00a0 du cheveu.<\/li>\n<li>Vitamine H (biotine) et vitamine B6 : renforcent la fibre capillaire.<\/li>\n<li>Vitamine PP (niacinamide) : stimule la microcirculation du cuir chevelu et favorise la croissance du cheveu.<\/li>\n<\/ul>\n<p><strong>Id\u00e9al pour :<\/strong>\u00a0Chute de cheveux r\u00e9actionnelle<\/p>\n<div class=\"\">\n<p class=\"me-1\"><strong>Texture :<\/strong>\u00a0Lotion<\/p>\n<\/div>\n<div class=\"\">\n<p class=\"me-1\"><strong>Quand ? :<\/strong>\u00a06 pulv\u00e9risations 1 fois\/jour pendant 3 mois<\/p>\n<\/div>\n<div class=\"\">\n<p><em>Freine la chute de cheveux, stimule la repousse<\/em><\/p>\n<\/div>\n<p><strong>Conseils d&rsquo;utilisation:<\/strong><\/p>\n<p style=\"padding-left: 40px;\">Appliquer 5 \u00e0 6 pulv\u00e9risations, 1 fois par jour, raie par raie sur les zones d\u00e9garnies sur cheveux secs ou mouill\u00e9s. Bien masser. Ne pas rincer.<\/p>\n<p style=\"padding-left: 40px;\">Ne pas vaporiser vers les yeux. \u00c0 utiliser en cure de 3 mois minimum.<\/p>\n","protected":false},"excerpt":{"rendered":"<p>CHUTE DE CHEVEUX OCCASIONNELLE \u2013 HOMME ET FEMME<\/p>\n<ul>\n<li>L\u00e9g\u00e8re non collante, non dess\u00e9chante.<\/li>\n<li>Ne graisse pas les cheveux.<\/li>\n<li>P\u00e9n\u00e8tre rapidement<\/li>\n<\/ul>\n","protected":false},"featured_media":1267,"comment_status":"open","ping_status":"closed","template":"","meta":{"om_disable_all_campaigns":false,"_monsterinsights_skip_tracking":false,"_monsterinsights_sitenote_active":false,"_monsterinsights_sitenote_note":"","_monsterinsights_sitenote_category":0},"product_brand":[],"product_cat":[178,16,17],"product_tag":[],"class_list":{"0":"post-1527","1":"product","2":"type-product","3":"status-publish","4":"has-post-thumbnail","6":"product_cat-acm","7":"product_cat-boutique","8":"product_cat-cheveux","9":"thunk-woo-product-list","10":"opn-qv-enable","11":"big-store-woo-hover-zoom","12":"open-single-product-tab-horizontal","13":"open-shadow-","14":"open-shadow-hover-","16":"first","17":"instock","18":"sale","19":"taxable","20":"shipping-taxable","21":"purchasable","22":"product-type-simple"},"aioseo_notices":[],"_links":{"self":[{"href":"https:\/\/para-orchidee.com\/index.php?rest_route=\/wp\/v2\/product\/1527","targetHints":{"allow":["GET"]}}],"collection":[{"href":"https:\/\/para-orchidee.com\/index.php?rest_route=\/wp\/v2\/product"}],"about":[{"href":"https:\/\/para-orchidee.com\/index.php?rest_route=\/wp\/v2\/types\/product"}],"replies":[{"embeddable":true,"href":"https:\/\/para-orchidee.com\/index.php?rest_route=%2Fwp%2Fv2%2Fcomments&post=1527"}],"wp:featuredmedia":[{"embeddable":true,"href":"https:\/\/para-orchidee.com\/index.php?rest_route=\/wp\/v2\/media\/1267"}],"wp:attachment":[{"href":"https:\/\/para-orchidee.com\/index.php?rest_route=%2Fwp%2Fv2%2Fmedia&parent=1527"}],"wp:term":[{"taxonomy":"product_brand","embeddable":true,"href":"https:\/\/para-orchidee.com\/index.php?rest_route=%2Fwp%2Fv2%2Fproduct_brand&post=1527"},{"taxonomy":"product_cat","embeddable":true,"href":"https:\/\/para-orchidee.com\/index.php?rest_route=%2Fwp%2Fv2%2Fproduct_cat&post=1527"},{"taxonomy":"product_tag","embeddable":true,"href":"https:\/\/para-orchidee.com\/index.php?rest_route=%2Fwp%2Fv2%2Fproduct_tag&post=1527"}],"curies":[{"name":"wp","href":"https:\/\/api.w.org\/{rel}","templated":true}]}}