{"id":1528,"date":"2024-12-15T19:51:37","date_gmt":"2024-12-15T19:51:37","guid":{"rendered":"https:\/\/xn--Para-orchide-leb.com\/?product=aderma-protect-spf50-40-ml"},"modified":"2024-12-29T12:15:45","modified_gmt":"2024-12-29T12:15:45","slug":"aderma-protect-spf50-40-ml","status":"publish","type":"product","link":"https:\/\/para-orchidee.com\/?product=aderma-protect-spf50-40-ml&lang=fr","title":{"rendered":"Protect SPF50+ &#8211; 40 ml"},"content":{"rendered":"<p>Expos\u00e9es au soleil, les peaux fragiles sont encore plus sensibles aux effets n\u00e9fastes des UV.<br \/>\n<strong>PROTECT Cr\u00e8me SPF50+<\/strong> sans parfum apporte protection, confort et hydratation aux peaux fragiles s\u00e8ches.<\/p>\n<p>La cr\u00e8me est formul\u00e9e au Bariestolide\u00ae issu de l&rsquo;Huile de Plantules d&rsquo;Avoine Rhealba\u00ae &#8211; une innovation solaire brevet\u00e9e n\u00e9e apr\u00e8s 7 ann\u00e9es de recherches &#8211; renforce et prot\u00e8ge la barri\u00e8re cutan\u00e9e.<\/p>\n<p><strong>PROTECT Cr\u00e8me SPF50+<\/strong> sans parfum contribue \u00e0 prot\u00e9ger le capital cellulaire face aux UVA gr\u00e2ce au Barriestolide\u00ae issu de l\u2019Huile de Plantules d\u2019Avoine Rhealba\u00ae.<\/p>\n<p>La cr\u00e8me solaire SPF50+ ne laisse pas de film gras ou collant \u00e0 la surface de la peau.<\/p>\n<p>Chacun de nos filtres a \u00e9t\u00e9 \u00e9valu\u00e9 par des Laboratoires Ind\u00e9pendants, qui ont d\u00e9montr\u00e9 que nos filtres PROTECT n\u2019avaient pas d\u2019impact sur des organismes repr\u00e9sentatifs du milieu marin, notamment sur les coraux (voir plus bas &#8211; partie \u00ab\u00a0Filtres \u00e9co-responsables\u00a0\u00bb).<\/p>\n<p><strong>Info Vegan :<\/strong> sans ingr\u00e9dient d&rsquo;origine animale.<\/p>\n<p><strong>Avantage<\/strong><br \/>\nPROTECT Cr\u00e8me solaire visage SPF50+ sans parfum ne laisse pas de traces blanches ni de sensation collante sur les peaux fragiles \u00e0 qui elle apporte protection et confort.<\/p>\n<p><strong>B\u00e9n\u00e9fices<\/strong><br \/>\n\u2022 <strong>PROT\u00c8GE<\/strong> la peau gr\u00e2ce \u00e0 sa protection large spectre (UVA longs et courts et UVB), \u00e0 sa photostabilit\u00e9 et \u00e0 sa r\u00e9sistance \u00e0 l\u2019eau. La cr\u00e8me solaire sans parfum et sa s\u00e9lection rigoureuse de filtres et d\u2019ingr\u00e9dients offrent une tol\u00e9rance optimale aux peaux fragiles \u00e0 s\u00e8ches.<br \/>\n\u2022 <strong>RENFORCE<\/strong> l&rsquo;effet barri\u00e8re naturel de la peau.<br \/>\n\u2022 <strong>PROT\u00c8GE<\/strong> le capital cellulaire face aux UVA gr\u00e2ce au Bariestolide\u00ae aux propri\u00e9t\u00e9s anti-oxydantes et qui am\u00e9liore la d\u00e9toxification cellulaire.<\/p>\n<p><strong>Partenariat<\/strong> : en France, A-DERMA est partenaire de PROJECT RESCUE OCEAN, association labellis\u00e9e par le patrimoine mondial de l\u2019Unesco, qui m\u00e8ne des actions \u00e9cocitoyennes de ramassage de d\u00e9chets sur les plages et dans les terres, pour sensibiliser le grand public et la jeunesse sur l\u2019\u00e9tat de l\u2019environnement, des mers et des oc\u00e9ans.<\/p>\n","protected":false},"excerpt":{"rendered":"<p><strong>Cr\u00e8me solaire visage SPF50+ :<\/strong><br \/>\nProt\u00e8ge la peau fragile , renforce la barri\u00e8re cutan\u00e9e et contribue \u00e0 prot\u00e9ger le capital cellulaire.<\/p>\n","protected":false},"featured_media":1409,"comment_status":"open","ping_status":"closed","template":"","meta":{"om_disable_all_campaigns":false,"_monsterinsights_skip_tracking":false,"_monsterinsights_sitenote_active":false,"_monsterinsights_sitenote_note":"","_monsterinsights_sitenote_category":0},"product_brand":[],"product_cat":[179,16,181,18],"product_tag":[],"class_list":{"0":"post-1528","1":"product","2":"type-product","3":"status-publish","4":"has-post-thumbnail","6":"product_cat-aderma","7":"product_cat-boutique","8":"product_cat-protection-solaire","9":"product_cat-visage","10":"thunk-woo-product-list","11":"opn-qv-enable","12":"big-store-woo-hover-zoom","13":"open-single-product-tab-horizontal","14":"open-shadow-","15":"open-shadow-hover-","17":"first","18":"instock","19":"sale","20":"taxable","21":"shipping-taxable","22":"purchasable","23":"product-type-simple"},"aioseo_notices":[],"_links":{"self":[{"href":"https:\/\/para-orchidee.com\/index.php?rest_route=\/wp\/v2\/product\/1528","targetHints":{"allow":["GET"]}}],"collection":[{"href":"https:\/\/para-orchidee.com\/index.php?rest_route=\/wp\/v2\/product"}],"about":[{"href":"https:\/\/para-orchidee.com\/index.php?rest_route=\/wp\/v2\/types\/product"}],"replies":[{"embeddable":true,"href":"https:\/\/para-orchidee.com\/index.php?rest_route=%2Fwp%2Fv2%2Fcomments&post=1528"}],"wp:featuredmedia":[{"embeddable":true,"href":"https:\/\/para-orchidee.com\/index.php?rest_route=\/wp\/v2\/media\/1409"}],"wp:attachment":[{"href":"https:\/\/para-orchidee.com\/index.php?rest_route=%2Fwp%2Fv2%2Fmedia&parent=1528"}],"wp:term":[{"taxonomy":"product_brand","embeddable":true,"href":"https:\/\/para-orchidee.com\/index.php?rest_route=%2Fwp%2Fv2%2Fproduct_brand&post=1528"},{"taxonomy":"product_cat","embeddable":true,"href":"https:\/\/para-orchidee.com\/index.php?rest_route=%2Fwp%2Fv2%2Fproduct_cat&post=1528"},{"taxonomy":"product_tag","embeddable":true,"href":"https:\/\/para-orchidee.com\/index.php?rest_route=%2Fwp%2Fv2%2Fproduct_tag&post=1528"}],"curies":[{"name":"wp","href":"https:\/\/api.w.org\/{rel}","templated":true}]}}