{"id":1547,"date":"2024-12-17T23:24:35","date_gmt":"2024-12-17T23:24:35","guid":{"rendered":"https:\/\/xn--Para-orchide-leb.com\/?product=cytelium-spray-assechant-apaisant-100-ml"},"modified":"2024-12-19T18:04:13","modified_gmt":"2024-12-19T18:04:13","slug":"cytelium-spray-assechant-apaisant-100-ml","status":"publish","type":"product","link":"https:\/\/para-orchidee.com\/?product=cytelium-spray-assechant-apaisant-100-ml&lang=fr","title":{"rendered":"CYTELIUM Spray ass\u00e9chant apaisant &#8211; 100 ml"},"content":{"rendered":"<p><strong>CYTELIUM Spray<\/strong> ass\u00e8che et apaise les zones sujettes \u00e0 mac\u00e9ration de toute la famille telles que les plis de la peau ou l&rsquo;\u00e9piderme fessier d\u00e8s la premi\u00e8re vaporisation. Il est applicable sur le visage, le corps et les zones intimes externes. Un spray pratique \u00e0 la texture aqueuse et l\u00e9g\u00e8re, compos\u00e9e de seulement sept ingr\u00e9dients \u00e0 99 % d\u2019origine naturelle et qui ne colore pas la peau. Avec sa formule sans parfum, d&rsquo;origine naturelle et haute tol\u00e9rance, <strong>CYTELIUM Spray<\/strong> ass\u00e9chant est le plus pl\u00e9biscit\u00e9 des produits ass\u00e9chants vendus en pharmacie.*<br \/>\nNe remplace pas un antiseptique.<br \/>\n<strong>Info Vegan :<\/strong> sans ingr\u00e9dient d&rsquo;origine animale.<\/p>\n<h3><strong>Avantage<\/strong><br \/>\nN\u00b01 des ass\u00e9chants en pharmacie en Europe *, le soin naturel haute tol\u00e9rance CYTELIUM Spray ass\u00e9chant ass\u00e8che et apaise les irritations sujettes \u00e0 mac\u00e9ration de toute la famille d\u00e8s la 1re utilisation<\/h3>\n<p><strong>B\u00e9n\u00e9fices<\/strong><br \/>\n\u2022 ASS\u00c8CHE les peaux irrit\u00e9es sujettes \u00e0 mac\u00e9ration &#8211; Spray ass\u00e9chant.<br \/>\n\u2022 APAISE imm\u00e9diatement les zones irrit\u00e9es sujettes \u00e0 mac\u00e9ration.<br \/>\n\u2022 RESPECTE la peau gr\u00e2ce \u00e0 sa formule minimaliste, naturelle et haute tol\u00e9rance.<\/p>\n","protected":false},"excerpt":{"rendered":"<p><strong>Spray ass\u00e9chant apaisant<\/strong><\/p>\n<p><em>Apaise &#8211; Ass\u00e8che<\/em><\/p>\n<p>Ce spray ass\u00e8che et apaise les peaux irrit\u00e9es sujettes \u00e0 mac\u00e9ration. 100% des sujets constatent un effet ass\u00e9chant d\u00e8s la 1\u00e8re application.<\/p>\n<p>Formule d&rsquo;origine naturelle avec 7 ingr\u00e9dients seulement<\/p>\n<p>99% d&rsquo;ingr\u00e9dients d\u2019origine naturelle. Avoine Rh\u00e9alba\u00ae issue de l&rsquo;agriculture biologique.<\/p>\n<p><strong>Type de peau<\/strong><br \/>\nPeau irrit\u00e9e &#8211; peau sujette \u00e0 mac\u00e9ration<\/p>\n","protected":false},"featured_media":1364,"comment_status":"open","ping_status":"closed","template":"","meta":{"om_disable_all_campaigns":false,"_monsterinsights_skip_tracking":false,"_monsterinsights_sitenote_active":false,"_monsterinsights_sitenote_note":"","_monsterinsights_sitenote_category":0},"product_brand":[],"product_cat":[179,20,16,19,18],"product_tag":[],"class_list":{"0":"post-1547","1":"product","2":"type-product","3":"status-publish","4":"has-post-thumbnail","6":"product_cat-aderma","7":"product_cat-bebe","8":"product_cat-boutique","9":"product_cat-corps","10":"product_cat-visage","11":"thunk-woo-product-list","12":"opn-qv-enable","13":"big-store-woo-hover-zoom","14":"open-single-product-tab-horizontal","15":"open-shadow-","16":"open-shadow-hover-","18":"first","19":"instock","20":"sale","21":"taxable","22":"shipping-taxable","23":"purchasable","24":"product-type-simple"},"aioseo_notices":[],"_links":{"self":[{"href":"https:\/\/para-orchidee.com\/index.php?rest_route=\/wp\/v2\/product\/1547","targetHints":{"allow":["GET"]}}],"collection":[{"href":"https:\/\/para-orchidee.com\/index.php?rest_route=\/wp\/v2\/product"}],"about":[{"href":"https:\/\/para-orchidee.com\/index.php?rest_route=\/wp\/v2\/types\/product"}],"replies":[{"embeddable":true,"href":"https:\/\/para-orchidee.com\/index.php?rest_route=%2Fwp%2Fv2%2Fcomments&post=1547"}],"wp:featuredmedia":[{"embeddable":true,"href":"https:\/\/para-orchidee.com\/index.php?rest_route=\/wp\/v2\/media\/1364"}],"wp:attachment":[{"href":"https:\/\/para-orchidee.com\/index.php?rest_route=%2Fwp%2Fv2%2Fmedia&parent=1547"}],"wp:term":[{"taxonomy":"product_brand","embeddable":true,"href":"https:\/\/para-orchidee.com\/index.php?rest_route=%2Fwp%2Fv2%2Fproduct_brand&post=1547"},{"taxonomy":"product_cat","embeddable":true,"href":"https:\/\/para-orchidee.com\/index.php?rest_route=%2Fwp%2Fv2%2Fproduct_cat&post=1547"},{"taxonomy":"product_tag","embeddable":true,"href":"https:\/\/para-orchidee.com\/index.php?rest_route=%2Fwp%2Fv2%2Fproduct_tag&post=1547"}],"curies":[{"name":"wp","href":"https:\/\/api.w.org\/{rel}","templated":true}]}}