{"id":1549,"date":"2024-12-17T23:24:35","date_gmt":"2024-12-17T23:24:35","guid":{"rendered":"https:\/\/xn--Para-orchide-leb.com\/?product=dermalibour-barrier-creme-isolante-50-ml"},"modified":"2024-12-19T17:51:23","modified_gmt":"2024-12-19T17:51:23","slug":"dermalibour-barrier-creme-isolante-50-ml","status":"publish","type":"product","link":"https:\/\/para-orchidee.com\/?product=dermalibour-barrier-creme-isolante-50-ml&lang=fr","title":{"rendered":"Dermalibour+ Barrier Cr\u00e8me Isolante &#8211; 50 ml"},"content":{"rendered":"<p>Le \u00ab\u00a0<strong>Second Skin System<\/strong>\u00ab\u00a0*, un complexe d\u2019actifs d&rsquo;origine naturelle qui permet \u00e0 <strong>DERMALIBOUR+ BARRIER Cr\u00e8me isolante<\/strong> de prot\u00e9ger la peau des agressions ext\u00e9rieures.<\/p>\n<p><strong>Avantage<\/strong><br \/>\n<strong>DERMALIBOUR + BARRIER Cr\u00e8me<\/strong> isole et prot\u00e8ge les peaux irrit\u00e9es de toute la famille des agressions ext\u00e9rieures (domestiques, professionnelles) gr\u00e2ce \u00e0 son effet \u00ab\u00a0seconde peau\u00a0\u00bb et \u00e0 sa formule haute tol\u00e9rance sans silicone.<\/p>\n<p><strong>B\u00e9n\u00e9fices<\/strong><br \/>\n\u2022 ISOLE et PROT\u00c8GE les peaux irrit\u00e9es des agressions ext\u00e9rieures gr\u00e2ce \u00e0 sa formule contenant un complexe d\u2019actifs d&rsquo;origine naturelle, le \u00ab\u00a0Second Skin System\u00a0\u00bb* compos\u00e9 de Cire d\u2019Abeilles, de Triglyc\u00e9rides et de Glyc\u00e9rine &#8211; Cr\u00e8me barri\u00e8re isolante.<br \/>\n\u2022 APAISE et ASSAINIT les mains irrit\u00e9es sursollicit\u00e9es.<br \/>\n\u2022 R\u00c9SISTE jusqu\u2019\u00e0 cinq bains dans l\u2019eau (douce, de mer ou chlor\u00e9e)<\/p>\n","protected":false},"excerpt":{"rendered":"<p>Cr\u00e8me Isolante<br \/>\nApaise &#8211; Prot\u00e8ge &#8211; Isole<\/p>\n<p>Cette cr\u00e8me barri\u00e8re isole, prot\u00e8ge et apaise les peaux irrit\u00e9es agress\u00e9es : 90% des sujets avec des irritations de contact ont une peau moins irrit\u00e9e.<\/p>\n<p>Prot\u00e8ge des agressions ext\u00e9rieures. Usage domestique et professionnel.<br \/>\nSans silicone. Sans parfum. R\u00e9sistant \u00e0 l&rsquo;eau. Non com\u00e9dog\u00e8ne.<\/p>\n<p>Utilisable par<br \/>\nNourrissons &#8211; b\u00e9b\u00e9s &#8211; enfants &#8211; s\u00e9niors &#8211; adultes<br \/>\nPartie du corps<br \/>\nCorps &#8211; visage &#8211; mains &#8211; zones intimes externes<br \/>\nBesoin<br \/>\nProtection &#8211; anti-irritations<\/p>\n","protected":false},"featured_media":1369,"comment_status":"open","ping_status":"closed","template":"","meta":{"om_disable_all_campaigns":false,"_monsterinsights_skip_tracking":false,"_monsterinsights_sitenote_active":false,"_monsterinsights_sitenote_note":"","_monsterinsights_sitenote_category":0},"product_brand":[],"product_cat":[179,20,16,19,22,18],"product_tag":[],"class_list":{"0":"post-1549","1":"product","2":"type-product","3":"status-publish","4":"has-post-thumbnail","6":"product_cat-aderma","7":"product_cat-bebe","8":"product_cat-boutique","9":"product_cat-corps","10":"product_cat-soin-de-peau","11":"product_cat-visage","12":"thunk-woo-product-list","13":"opn-qv-enable","14":"big-store-woo-hover-zoom","15":"open-single-product-tab-horizontal","16":"open-shadow-","17":"open-shadow-hover-","19":"first","20":"instock","21":"sale","22":"taxable","23":"shipping-taxable","24":"purchasable","25":"product-type-simple"},"aioseo_notices":[],"_links":{"self":[{"href":"https:\/\/para-orchidee.com\/index.php?rest_route=\/wp\/v2\/product\/1549","targetHints":{"allow":["GET"]}}],"collection":[{"href":"https:\/\/para-orchidee.com\/index.php?rest_route=\/wp\/v2\/product"}],"about":[{"href":"https:\/\/para-orchidee.com\/index.php?rest_route=\/wp\/v2\/types\/product"}],"replies":[{"embeddable":true,"href":"https:\/\/para-orchidee.com\/index.php?rest_route=%2Fwp%2Fv2%2Fcomments&post=1549"}],"wp:featuredmedia":[{"embeddable":true,"href":"https:\/\/para-orchidee.com\/index.php?rest_route=\/wp\/v2\/media\/1369"}],"wp:attachment":[{"href":"https:\/\/para-orchidee.com\/index.php?rest_route=%2Fwp%2Fv2%2Fmedia&parent=1549"}],"wp:term":[{"taxonomy":"product_brand","embeddable":true,"href":"https:\/\/para-orchidee.com\/index.php?rest_route=%2Fwp%2Fv2%2Fproduct_brand&post=1549"},{"taxonomy":"product_cat","embeddable":true,"href":"https:\/\/para-orchidee.com\/index.php?rest_route=%2Fwp%2Fv2%2Fproduct_cat&post=1549"},{"taxonomy":"product_tag","embeddable":true,"href":"https:\/\/para-orchidee.com\/index.php?rest_route=%2Fwp%2Fv2%2Fproduct_tag&post=1549"}],"curies":[{"name":"wp","href":"https:\/\/api.w.org\/{rel}","templated":true}]}}