{"id":1551,"date":"2024-12-17T23:24:35","date_gmt":"2024-12-17T23:24:35","guid":{"rendered":"https:\/\/xn--Para-orchide-leb.com\/?product=dermalibour-cica-creme-reparatrice-assainissante-50-ml"},"modified":"2024-12-19T17:26:50","modified_gmt":"2024-12-19T17:26:50","slug":"dermalibour-cica-creme-reparatrice-assainissante-50-ml","status":"publish","type":"product","link":"https:\/\/para-orchidee.com\/?product=dermalibour-cica-creme-reparatrice-assainissante-50-ml&lang=fr","title":{"rendered":"DERMALIBOUR+ CICA-Cr\u00e8me r\u00e9paratrice assainissante &#8211; 50 ml"},"content":{"rendered":"<p><strong>DERMALIBOUR+ CICA-Cr\u00e8me r\u00e9paratrice assainissante<\/strong> vient au secours des peaux irrit\u00e9es de toute la famille d\u00e8s la naissance. Sa formule haute tol\u00e9rance est parfaitement adapt\u00e9e <strong>aux peaux irrit\u00e9es du visage, du corps, des paupi\u00e8res et des zones intimes externes des nouveau-n\u00e9s, enfants et adultes<\/strong>.<br \/>\nElle assainit, r\u00e9pare* d\u00e8s 24h\u00b9 et apaise imm\u00e9diatement, toutes les zones irrit\u00e9es qui rougissent, piquent ou tiraillent, y compris les irritations du mamelon li\u00e9es \u00e0 l\u2019allaitement**.<br \/>\nSa formule 100% d&rsquo;origine naturelle contient seulement 14 ingr\u00e9dients essentiels, dont l\u2019extrait apaisant, r\u00e9parateur et anti-irritant de <strong>Plantules d\u2019Avoine Rhealba\u00ae<\/strong> et le <strong>complexe de cuivre-zinc<\/strong>, qui limite le risque de prolif\u00e9ration bact\u00e9rienne.<br \/>\nSa texture agr\u00e9able, r\u00e9manente et invisible est facile \u00e0 appliquer et absorb\u00e9e rapidement par la peau, ne laissant pas de traces blanches. Elle ne contient pas d\u2019huile min\u00e9rale ni de parfum.<br \/>\nAvoine Rhealba\u00ae issue de l&rsquo;agriculture biologique.<br \/>\n<strong>Info vegan<\/strong> : sans ingr\u00e9dient d&rsquo;origine animale.<\/p>\n<p><strong>Avantage<\/strong><br \/>\nR\u00e9paratrice d\u00e8s 24h\u00b9, 100% d&rsquo;origine naturelle et assainissante, DERMALIBOUR + CICA-Cr\u00e8me apaise les irritations de toute la famille.<\/p>\n<p><strong>B\u00e9n\u00e9fices<\/strong><br \/>\n\u2022 <strong>APAISE IMM\u00c9DIATEMENT<\/strong> les peaux irrit\u00e9es qui rougissent, grattent, piquent ou tiraillent.<br \/>\n\u2022 <strong>REPARE<\/strong>* la peau d\u00e8s 24h\u00b9 du visage, du corps, des paupi\u00e8res et des zones intimes externes de toute la famille.<br \/>\n\u2022 <strong>ASSAINIT<\/strong> les peaux irrit\u00e9es, agress\u00e9es, malmen\u00e9es.<\/p>\n","protected":false},"excerpt":{"rendered":"<p><strong>CICA-Cr\u00e8me r\u00e9paratrice assainissante<\/strong><br \/>\n<em>Apaise &#8211; R\u00e9pare &#8211; Assainit<\/em><\/p>\n<p>Cette CICA-Cr\u00e8me r\u00e9paratrice assainissante, efficace d\u00e8s 24h\u00b9 et 100 % d&rsquo;origine naturelle, assainit, r\u00e9pare* et apaise imm\u00e9diatement les peaux irrit\u00e9es de toute la famille.<br \/>\nLa 1\u00e8re CICA-Cr\u00e8me qui r\u00e9pare* d\u00e8s 24h\u00b9 et 100% d&rsquo;origine naturelle.<br \/>\nSans parfum, sans huile min\u00e9rale, non com\u00e9dog\u00e8ne, r\u00e9sistante \u00e0 l&rsquo;eau.<br \/>\n<strong>Utilisable par<\/strong><br \/>\nB\u00e9b\u00e9s &#8211; enfants &#8211; jeunes mamans &#8211; adultes &#8211; d\u00e8s la naissance<br \/>\n<strong>Partie du corps<\/strong><br \/>\nCorps &#8211; visage &#8211; mains &#8211; zones intimes externes &#8211; paupi\u00e8res<br \/>\n<strong>Type de peau<\/strong><br \/>\nPeau irrit\u00e9e<\/p>\n","protected":false},"featured_media":1375,"comment_status":"open","ping_status":"closed","template":"","meta":{"om_disable_all_campaigns":false,"_monsterinsights_skip_tracking":false,"_monsterinsights_sitenote_active":false,"_monsterinsights_sitenote_note":"","_monsterinsights_sitenote_category":0},"product_brand":[],"product_cat":[179,20,16,19,22,18],"product_tag":[],"class_list":{"0":"post-1551","1":"product","2":"type-product","3":"status-publish","4":"has-post-thumbnail","6":"product_cat-aderma","7":"product_cat-bebe","8":"product_cat-boutique","9":"product_cat-corps","10":"product_cat-soin-de-peau","11":"product_cat-visage","12":"thunk-woo-product-list","13":"opn-qv-enable","14":"big-store-woo-hover-zoom","15":"open-single-product-tab-horizontal","16":"open-shadow-","17":"open-shadow-hover-","19":"first","20":"instock","21":"sale","22":"taxable","23":"shipping-taxable","24":"purchasable","25":"product-type-simple"},"aioseo_notices":[],"_links":{"self":[{"href":"https:\/\/para-orchidee.com\/index.php?rest_route=\/wp\/v2\/product\/1551","targetHints":{"allow":["GET"]}}],"collection":[{"href":"https:\/\/para-orchidee.com\/index.php?rest_route=\/wp\/v2\/product"}],"about":[{"href":"https:\/\/para-orchidee.com\/index.php?rest_route=\/wp\/v2\/types\/product"}],"replies":[{"embeddable":true,"href":"https:\/\/para-orchidee.com\/index.php?rest_route=%2Fwp%2Fv2%2Fcomments&post=1551"}],"wp:featuredmedia":[{"embeddable":true,"href":"https:\/\/para-orchidee.com\/index.php?rest_route=\/wp\/v2\/media\/1375"}],"wp:attachment":[{"href":"https:\/\/para-orchidee.com\/index.php?rest_route=%2Fwp%2Fv2%2Fmedia&parent=1551"}],"wp:term":[{"taxonomy":"product_brand","embeddable":true,"href":"https:\/\/para-orchidee.com\/index.php?rest_route=%2Fwp%2Fv2%2Fproduct_brand&post=1551"},{"taxonomy":"product_cat","embeddable":true,"href":"https:\/\/para-orchidee.com\/index.php?rest_route=%2Fwp%2Fv2%2Fproduct_cat&post=1551"},{"taxonomy":"product_tag","embeddable":true,"href":"https:\/\/para-orchidee.com\/index.php?rest_route=%2Fwp%2Fv2%2Fproduct_tag&post=1551"}],"curies":[{"name":"wp","href":"https:\/\/api.w.org\/{rel}","templated":true}]}}