{"id":1565,"date":"2024-12-17T23:22:56","date_gmt":"2024-12-17T23:22:56","guid":{"rendered":"https:\/\/xn--Para-orchide-leb.com\/?product=exomega-control-lait-emollient-anti-demangeaisons-200-ml"},"modified":"2024-12-21T00:06:57","modified_gmt":"2024-12-21T00:06:57","slug":"exomega-control-lait-emollient-anti-demangeaisons-200-ml","status":"publish","type":"product","link":"https:\/\/para-orchidee.com\/?product=exomega-control-lait-emollient-anti-demangeaisons-200-ml&lang=fr","title":{"rendered":"EXOMEGA CONTROL Lait \u00e9mollient anti-d\u00e9mangeaisons &#8211; 200 ml"},"content":{"rendered":"<p><strong>Le lait \u00e9mollient anti-grattage<\/strong> apaise les d\u00e9mangeaisons* et contribue \u00e0 espacer les pics d&rsquo;irritations tout en r\u00e9duisant les rougeurs des peaux s\u00e8ches \u00e0 tendance \u00e0 l\u2019ecz\u00e9ma atopique.<br \/>\nSon efficacit\u00e9 360\u00b0 r\u00e9duit \u00e9galement la s\u00e9cheresse de la peau, renforce la barri\u00e8re cutan\u00e9e et aide \u00e0 r\u00e9\u00e9quilibrer le microbiome**.<br \/>\nUn lait nutritif \u00e0 la texture fluide, non collante et non grasse pour une action triplement apaisante en une application par jour. Une formule \u00e0 base d&rsquo;Extrait de plantules d&rsquo;Avoine Rhealba, \u00e0 95% d\u2019ingr\u00e9dients d\u2019origine naturelle et sans parfum, pour une utilisation d\u00e8s la naissance.<br \/>\nUn geste quotidien, cibl\u00e9, efficace et rassurant, qui respecte la fragilit\u00e9 des peaux s\u00e8ches \u00e0 tendance atopique tout en am\u00e9liorant leur quotidien.<\/p>\n<p>Les nouveaux tubes \u00e9co-con\u00e7us sans \u00e9tui avec 33% de plastique en moins*** et recyclable respectent la peau fragile tout en contribuant au respect de l&rsquo;environnement. Apaisement et nature se conjuguent, pour encore plus de douceur.<\/p>\n<p>Comme tous nos soins \u00e9mollients aux <strong>Plantules d\u2019Avoine Rhealba\u00ae<\/strong>, le lait \u00e9mollient anti-grattage a \u00e9t\u00e9 cit\u00e9 dans<strong> les recommandations europ\u00e9ennes en dermatologie dans la prise en charge de l\u2019ecz\u00e9ma atopique<\/strong> : Emollient PLUS****.<br \/>\nAvoine Rhealba\u00ae issue de l\u2019agriculture biologique.<br \/>\nInfo Vegan : sans ingr\u00e9dient d\u2019origine animale.<\/p>\n<p><strong>Avantage<\/strong><br \/>\nSoin naturel \u00e9mollient triplement apaisant sans parfum, utilisable d\u00e8s la naissance. Efficace \u00e0 360\u00b0, le lait \u00e9mollient anti-grattage, apaise instantan\u00e9ment et durablement, nourrit la peau et renforce la barri\u00e8re cutan\u00e9e en une seule application par jour.<\/p>\n<p><strong>B\u00e9n\u00e9fices<\/strong><br \/>\n\u2022<strong> ACTION TRIPLEMENT APAISANTE<\/strong> gr\u00e2ce \u00e0 l&rsquo;Extrait de Plantules d\u2019Avoine Rhealba\u00ae renforc\u00e9 par le BIOVECT, vecteur d&rsquo;origine naturelle : apaisement des d\u00e9mangeaisons, diminution des rougeurs et espacement des pics d&rsquo;irritations.<br \/>\n\u2022 <strong>NUTRITION<\/strong> : r\u00e9duit la s\u00e9cheresse cutan\u00e9e et renforce la barri\u00e8re cutan\u00e9e gr\u00e2ce \u00e0 la Filax\u00e9rine, \u00e0 la vitamine B3 et au c\u0153ur \u00e9mollient de la formule.<br \/>\n\u2022 <strong>MICROBIOME :<\/strong> l&rsquo;Extrait de Plantules d\u2019Avoine Rhealba\u00ae aide \u00e0 r\u00e9\u00e9quilibrer le microbiome.<\/p>\n","protected":false},"excerpt":{"rendered":"<p><strong>Lait \u00e9mollient anti-d\u00e9mangeaisons<\/strong><br \/>\n<em>Nourrit &#8211; Apaise les d\u00e9mangeaisons<\/em><\/p>\n<p><strong>Le lait \u00e9mollient anti-grattage<\/strong> apaise s\u00e9cheresse, rougeurs, irritations et r\u00e9duit de 95% les d\u00e9mangeaisons\u00b9 des peaux s\u00e8ches \u00e0 tendance \u00e0 l\u2019ecz\u00e9ma atopique.<br \/>\nSoin \u00e9mollient naturel avec une triple action apaisante en une application par jour.<br \/>\nFormule naturelle. Sans parfum. D\u00e8s la naissance.<br \/>\n<strong>Utilisable par<\/strong><br \/>\nB\u00e9b\u00e9s &#8211; enfants &#8211; adultes &#8211; d\u00e8s la naissance<br \/>\n<strong>\u00c2ge<\/strong><br \/>\n\u00c0 partir de 0 an(s)<br \/>\n<strong>Partie du corps<\/strong><br \/>\nCorps &#8211; visage<br \/>\n<strong>Type de peau<\/strong><br \/>\nPeau s\u00e8che \u00e0 tendance \u00e0 l&rsquo;ecz\u00e9ma atopique<\/p>\n","protected":false},"featured_media":1400,"comment_status":"open","ping_status":"closed","template":"","meta":{"om_disable_all_campaigns":false,"_monsterinsights_skip_tracking":false,"_monsterinsights_sitenote_active":false,"_monsterinsights_sitenote_note":"","_monsterinsights_sitenote_category":0},"product_brand":[],"product_cat":[179,20,16,19,22,18],"product_tag":[],"class_list":{"0":"post-1565","1":"product","2":"type-product","3":"status-publish","4":"has-post-thumbnail","6":"product_cat-aderma","7":"product_cat-bebe","8":"product_cat-boutique","9":"product_cat-corps","10":"product_cat-soin-de-peau","11":"product_cat-visage","12":"thunk-woo-product-list","13":"opn-qv-enable","14":"big-store-woo-hover-zoom","15":"open-single-product-tab-horizontal","16":"open-shadow-","17":"open-shadow-hover-","19":"first","20":"instock","21":"sale","22":"taxable","23":"shipping-taxable","24":"purchasable","25":"product-type-simple"},"aioseo_notices":[],"_links":{"self":[{"href":"https:\/\/para-orchidee.com\/index.php?rest_route=\/wp\/v2\/product\/1565","targetHints":{"allow":["GET"]}}],"collection":[{"href":"https:\/\/para-orchidee.com\/index.php?rest_route=\/wp\/v2\/product"}],"about":[{"href":"https:\/\/para-orchidee.com\/index.php?rest_route=\/wp\/v2\/types\/product"}],"replies":[{"embeddable":true,"href":"https:\/\/para-orchidee.com\/index.php?rest_route=%2Fwp%2Fv2%2Fcomments&post=1565"}],"wp:featuredmedia":[{"embeddable":true,"href":"https:\/\/para-orchidee.com\/index.php?rest_route=\/wp\/v2\/media\/1400"}],"wp:attachment":[{"href":"https:\/\/para-orchidee.com\/index.php?rest_route=%2Fwp%2Fv2%2Fmedia&parent=1565"}],"wp:term":[{"taxonomy":"product_brand","embeddable":true,"href":"https:\/\/para-orchidee.com\/index.php?rest_route=%2Fwp%2Fv2%2Fproduct_brand&post=1565"},{"taxonomy":"product_cat","embeddable":true,"href":"https:\/\/para-orchidee.com\/index.php?rest_route=%2Fwp%2Fv2%2Fproduct_cat&post=1565"},{"taxonomy":"product_tag","embeddable":true,"href":"https:\/\/para-orchidee.com\/index.php?rest_route=%2Fwp%2Fv2%2Fproduct_tag&post=1565"}],"curies":[{"name":"wp","href":"https:\/\/api.w.org\/{rel}","templated":true}]}}