{"id":1575,"date":"2024-12-17T23:22:56","date_gmt":"2024-12-17T23:22:56","guid":{"rendered":"https:\/\/xn--Para-orchide-leb.com\/?product=cicalfate-creme-reparatrice-protectrice-40-ml"},"modified":"2024-12-20T15:34:04","modified_gmt":"2024-12-20T15:34:04","slug":"cicalfate-creme-reparatrice-protectrice-40-ml","status":"publish","type":"product","link":"https:\/\/para-orchidee.com\/?product=cicalfate-creme-reparatrice-protectrice-40-ml&lang=fr","title":{"rendered":"Cicalfate+ Cr\u00e8me r\u00e9paratrice protectrice &#8211; 40 ml"},"content":{"rendered":"<p><strong>Apaise<\/strong>, <strong>prot\u00e8ge<\/strong> et<strong> favorise la r\u00e9paration<\/strong>* d<strong>es peaux irrit\u00e9es<\/strong> de toute la famille. Elle forme un film protecteur au niveau des irritations des couches superficielles de l\u2019\u00e9piderme, et cr\u00e9e un effet \u00ab pansement \u00bb qui prot\u00e8ge la peau. Sa formule contient une combinaison d&rsquo;Eau thermale d&rsquo;Av\u00e8ne, de [C\u207a-Restore]\u2122 r\u00e9parateur et d&rsquo;ingr\u00e9dients purifiants: Sulfate de cuivre et Sulfate de zinc. <strong>Cicalfate+ Cr\u00e8me r\u00e9paratrice protectrice<\/strong> convient \u00e9galement aux zones intimes externes.<\/p>\n<p><strong>Avantage<\/strong><br \/>\nUne formule qui apaise imm\u00e9diatement et r\u00e9pare* d\u00e8s 48h**. Permet une r\u00e9paration quatre fois plus efficace***, gr\u00e2ce \u00e0 [C\u207a-Restore]\u2122, premier actif r\u00e9parateur postbiotique issu de l\u2019Eau thermale d\u2019Av\u00e8ne.<\/p>\n<p><strong>B\u00e9n\u00e9fices<\/strong><br \/>\n\u2022 <strong>R\u00c9PARATION<\/strong> des peaux irrit\u00e9es. [C\u207a-Restore]\u2122, premier actif r\u00e9parateur postbiotique issu de l\u2019Eau thermale d\u2019Av\u00e8ne, favorise la r\u00e9paration \u00e9pidermique.<br \/>\n\u2022 <strong>ASSAINISSEMENT<\/strong> des zones irrit\u00e9es. Les Sulfates de cuivre et de zinc limitent le risque de prolif\u00e9ration bact\u00e9rienne.<br \/>\n\u2022 <strong>APAISEMENT<\/strong> des sensations d\u2019inconfort. Riche en Eau thermale d\u2019Av\u00e8ne, Cicalfate+ Cr\u00e8me r\u00e9paratrice protectrice est recommand\u00e9e dans le cadre de l\u2019am\u00e9lioration du confort des peaux sensibilis\u00e9es, des rougeurs et irritations.<\/p>\n<p>*Favorise la r\u00e9paration \u00e9pidermique d\u00e8s 48h.<br \/>\n**Cotation clinique sous contr\u00f4le dermatologique, p\u00e9diatrique et gyn\u00e9cologique sur 248 sujets, 2 applications par jour pendant 21 jours. R\u00e9sultats \u00e0 48h.<\/p>\n<p>*Favorise la r\u00e9paration \u00e9pidermique d\u00e8s 48h.<\/p>\n<p>*Favorise la r\u00e9paration \u00e9pidermique d\u00e8s 48h .<br \/>\n**Cotation clinique sous contr\u00f4le dermatologique, p\u00e9diatrique et gyn\u00e9cologique sur 248 sujets, 2 applications par jour pendant 21 jours. R\u00e9sultats \u00e0 48 heures.<br \/>\n***Test ex-vivo versus non trait\u00e9. R\u00e9sultats \u00e0 6 jours.<\/p>\n","protected":false},"excerpt":{"rendered":"<p>Cette cr\u00e8me aux actifs r\u00e9parateurs* et assainissants apaise imm\u00e9diatement les inconforts et favorise la r\u00e9paration* des peaux sensibles et irrit\u00e9es d\u00e8s 48 h**.<br \/>\nApaise &#8211; R\u00e9pare &#8211; Assainit<br \/>\n1er actif r\u00e9parateur postbiotique issu de l&rsquo;Eau thermale d&rsquo;Av\u00e8ne.<br \/>\nId\u00e9al pour<br \/>\nFamille &#8211; personnes sous traitement anti-canc\u00e9reux ou post traitement<br \/>\n\u00c2ge<br \/>\n\u00c0 partir de 0 mois<br \/>\nType de peau<br \/>\nPeau sensible &#8211; peau irrit\u00e9e<br \/>\nBesoin<br \/>\nAnti-irritations<\/p>\n","protected":false},"featured_media":1438,"comment_status":"open","ping_status":"closed","template":"","meta":{"om_disable_all_campaigns":false,"_monsterinsights_skip_tracking":false,"_monsterinsights_sitenote_active":false,"_monsterinsights_sitenote_note":"","_monsterinsights_sitenote_category":0},"product_brand":[],"product_cat":[180,20,16,19,22,18],"product_tag":[],"class_list":{"0":"post-1575","1":"product","2":"type-product","3":"status-publish","4":"has-post-thumbnail","6":"product_cat-avene","7":"product_cat-bebe","8":"product_cat-boutique","9":"product_cat-corps","10":"product_cat-soin-de-peau","11":"product_cat-visage","12":"thunk-woo-product-list","13":"opn-qv-enable","14":"big-store-woo-hover-zoom","15":"open-single-product-tab-horizontal","16":"open-shadow-","17":"open-shadow-hover-","19":"first","20":"instock","21":"sale","22":"taxable","23":"shipping-taxable","24":"purchasable","25":"product-type-simple"},"aioseo_notices":[],"_links":{"self":[{"href":"https:\/\/para-orchidee.com\/index.php?rest_route=\/wp\/v2\/product\/1575","targetHints":{"allow":["GET"]}}],"collection":[{"href":"https:\/\/para-orchidee.com\/index.php?rest_route=\/wp\/v2\/product"}],"about":[{"href":"https:\/\/para-orchidee.com\/index.php?rest_route=\/wp\/v2\/types\/product"}],"replies":[{"embeddable":true,"href":"https:\/\/para-orchidee.com\/index.php?rest_route=%2Fwp%2Fv2%2Fcomments&post=1575"}],"wp:featuredmedia":[{"embeddable":true,"href":"https:\/\/para-orchidee.com\/index.php?rest_route=\/wp\/v2\/media\/1438"}],"wp:attachment":[{"href":"https:\/\/para-orchidee.com\/index.php?rest_route=%2Fwp%2Fv2%2Fmedia&parent=1575"}],"wp:term":[{"taxonomy":"product_brand","embeddable":true,"href":"https:\/\/para-orchidee.com\/index.php?rest_route=%2Fwp%2Fv2%2Fproduct_brand&post=1575"},{"taxonomy":"product_cat","embeddable":true,"href":"https:\/\/para-orchidee.com\/index.php?rest_route=%2Fwp%2Fv2%2Fproduct_cat&post=1575"},{"taxonomy":"product_tag","embeddable":true,"href":"https:\/\/para-orchidee.com\/index.php?rest_route=%2Fwp%2Fv2%2Fproduct_tag&post=1575"}],"curies":[{"name":"wp","href":"https:\/\/api.w.org\/{rel}","templated":true}]}}