{"id":1577,"date":"2024-12-17T23:21:34","date_gmt":"2024-12-17T23:21:34","guid":{"rendered":"https:\/\/xn--Para-orchide-leb.com\/?product=cicalfate-creme-mains-reparatrice-isolante-100-ml"},"modified":"2024-12-21T23:01:55","modified_gmt":"2024-12-21T23:01:55","slug":"cicalfate-creme-mains-reparatrice-isolante-100-ml","status":"publish","type":"product","link":"https:\/\/para-orchidee.com\/?product=cicalfate-creme-mains-reparatrice-isolante-100-ml&lang=fr","title":{"rendered":"Cicalfate+ Cr\u00e8me Mains r\u00e9paratrice Isolante"},"content":{"rendered":"<p>R\u00e9pare*, apaise et prot\u00e8ge les mains tr\u00e8s s\u00e8ches et irrit\u00e9es.<\/p>\n<p><strong>Cicalfate+ Cr\u00e8me Mains r\u00e9paratrice isolante <\/strong>hydrate la peau agress\u00e9e des mains et favorise la r\u00e9paration \u00e9pidermique.<\/p>\n<p>Les tiraillements et irritations sont apais\u00e9s.<\/p>\n<p>Cette cr\u00e8me r\u00e9paratrice enveloppe les mains d&rsquo;un voile protecteur r\u00e9sistant \u00e0 l&rsquo;eau** et favorise la reconstruction de la barri\u00e8re cutan\u00e9e, notamment apr\u00e8s des lavages fr\u00e9quents, ou l&rsquo;usage r\u00e9p\u00e9t\u00e9 de solutions hydroalcooliques qui dess\u00e8chent la peau.<\/p>\n<p>Agr\u00e9able \u00e0 utiliser au quotidien, ce soin offre aux mains irrit\u00e9es un toucher sec et agr\u00e9able.<\/p>\n<p><strong>Avantage<\/strong><br \/>\nCette cr\u00e8me r\u00e9paratrice effet \u00ab seconde peau \u00bb prot\u00e8ge et apaise les mains tr\u00e8s irrit\u00e9es et accompagne rapidement la r\u00e9g\u00e9n\u00e9ration des crevasses. Avec sa texture onctueuse et formul\u00e9e sans parfum, <strong>Cicalfate MAINS Cr\u00e8me r\u00e9paratrice isolante<\/strong> aide \u00e0 retrouver confort et douceur au quotidien.<\/p>\n<p><strong>B\u00e9n\u00e9fices<\/strong><br \/>\n\u2022 R\u00c9PARATION* des mains irrit\u00e9es par le froid, les lavages r\u00e9p\u00e9t\u00e9s et l\u2019application fr\u00e9quente de solution hydroalcoolique.<\/p>\n<p>\u2022 Le Sucralfate, actif original, favorise la r\u00e9paration de l\u2019\u00e9piderme.<\/p>\n<p>*Favorise la r\u00e9paration \u00e9pidermique.<\/p>\n<p>**Bonne r\u00e9manence \u00e0 l&rsquo;eau : 56,7% de protection apr\u00e8s 5 bains successifs. Mesure de l&rsquo;indice lipidique sur 11 sujets, application unique.<\/p>\n<p>*Favorise la r\u00e9paration \u00e9pidermique.<\/p>\n","protected":false},"excerpt":{"rendered":"<p>Ce soin r\u00e9confortant enveloppe et soulage les mains tr\u00e8s s\u00e8ches, gerc\u00e9es et fendill\u00e9es (les peaux fissur\u00e9es), sans coller.<\/p>\n<p>Utilisable par<br \/>\nAdolescents &#8211; Adultes<br \/>\nType de peau<br \/>\nPeau sensible &#8211; Peau irrit\u00e9e<br \/>\nBesoin<br \/>\nAnti-irritations<\/p>\n","protected":false},"featured_media":1437,"comment_status":"open","ping_status":"closed","template":"","meta":{"om_disable_all_campaigns":false,"_monsterinsights_skip_tracking":false,"_monsterinsights_sitenote_active":false,"_monsterinsights_sitenote_note":"","_monsterinsights_sitenote_category":0},"product_brand":[],"product_cat":[180,16,19,22],"product_tag":[],"class_list":{"0":"post-1577","1":"product","2":"type-product","3":"status-publish","4":"has-post-thumbnail","6":"product_cat-avene","7":"product_cat-boutique","8":"product_cat-corps","9":"product_cat-soin-de-peau","10":"thunk-woo-product-list","11":"opn-qv-enable","12":"big-store-woo-hover-zoom","13":"open-single-product-tab-horizontal","14":"open-shadow-","15":"open-shadow-hover-","17":"first","18":"instock","19":"sale","20":"taxable","21":"shipping-taxable","22":"purchasable","23":"product-type-simple"},"aioseo_notices":[],"_links":{"self":[{"href":"https:\/\/para-orchidee.com\/index.php?rest_route=\/wp\/v2\/product\/1577","targetHints":{"allow":["GET"]}}],"collection":[{"href":"https:\/\/para-orchidee.com\/index.php?rest_route=\/wp\/v2\/product"}],"about":[{"href":"https:\/\/para-orchidee.com\/index.php?rest_route=\/wp\/v2\/types\/product"}],"replies":[{"embeddable":true,"href":"https:\/\/para-orchidee.com\/index.php?rest_route=%2Fwp%2Fv2%2Fcomments&post=1577"}],"wp:featuredmedia":[{"embeddable":true,"href":"https:\/\/para-orchidee.com\/index.php?rest_route=\/wp\/v2\/media\/1437"}],"wp:attachment":[{"href":"https:\/\/para-orchidee.com\/index.php?rest_route=%2Fwp%2Fv2%2Fmedia&parent=1577"}],"wp:term":[{"taxonomy":"product_brand","embeddable":true,"href":"https:\/\/para-orchidee.com\/index.php?rest_route=%2Fwp%2Fv2%2Fproduct_brand&post=1577"},{"taxonomy":"product_cat","embeddable":true,"href":"https:\/\/para-orchidee.com\/index.php?rest_route=%2Fwp%2Fv2%2Fproduct_cat&post=1577"},{"taxonomy":"product_tag","embeddable":true,"href":"https:\/\/para-orchidee.com\/index.php?rest_route=%2Fwp%2Fv2%2Fproduct_tag&post=1577"}],"curies":[{"name":"wp","href":"https:\/\/api.w.org\/{rel}","templated":true}]}}