{"id":1580,"date":"2024-12-17T23:22:55","date_gmt":"2024-12-17T23:22:55","guid":{"rendered":"https:\/\/xn--Para-orchide-leb.com\/?product=cleanance-gel-nettoyant-200-ml"},"modified":"2024-12-20T15:42:16","modified_gmt":"2024-12-20T15:42:16","slug":"cleanance-gel-nettoyant-200-ml","status":"publish","type":"product","link":"https:\/\/para-orchidee.com\/?product=cleanance-gel-nettoyant-200-ml&lang=fr","title":{"rendered":"Cleanance Gel Nettoyant &#8211; 200 ml"},"content":{"rendered":"<p>Un gel nettoyant purifiant, l\u00e9g\u00e8rement moussant, destin\u00e9 aux peaux grasses et \/ou \u00e0 tendance acn\u00e9ique. Sa formule respectueuse des peaux sensibles combine une association unique d&rsquo;actifs aux triples b\u00e9n\u00e9fices : un nettoyage d\u00e9licat gr\u00e2ce \u00e0 une base lavante douce, un effet matifiant assur\u00e9 par la <strong>Comedoclastin\u2122,<\/strong> un actif v\u00e9g\u00e9tal issu de graines de chardon marie aux propri\u00e9t\u00e9s brevet\u00e9es* qui r\u00e9duit l\u2019exc\u00e8s de s\u00e9bum, et un confort li\u00e9 \u00e0 l&rsquo;Eau thermale d&rsquo;Av\u00e8ne aux propri\u00e9t\u00e9s apaisantes et anti-irritantes. La peau est nette, fra\u00eeche, purifi\u00e9e et moins brillante.<\/p>\n<p>Cleanance Gel nettoyant convient aux porteurs de lentilles. Avec son pH physiologique, il est formul\u00e9 sans savon, et pr\u00e9sente une tr\u00e8s bonne tol\u00e9rance cutan\u00e9e. Formule biod\u00e9gradable**.<\/p>\n<p><strong>Avantage<\/strong><br \/>\nNettoie d\u00e9licatement la peau gr\u00e2ce \u00e0 sa base lavante douce.<\/p>\n<p><strong>B\u00e9n\u00e9fices<\/strong><br \/>\n\u2022 <strong>NETTOYANT<\/strong> : l\u00e9g\u00e8rement moussant.<br \/>\n\u2022 <strong>APAISANT<\/strong> : gr\u00e2ce \u00e0 l&rsquo;Eau thermale d&rsquo;Av\u00e8ne aux propri\u00e9t\u00e9s apaisantes et anti-irritantes.<br \/>\n\u2022 <strong>MATIFIANT<\/strong> : r\u00e9duit l\u2019exc\u00e8s de s\u00e9bum.<\/p>\n","protected":false},"excerpt":{"rendered":"<p><em>Nettoie &#8211; Purifie &#8211; Matifie<\/em><br \/>\nUn gel nettoyant sans savon, purifiant et matifiant pour l&rsquo;hygi\u00e8ne quotidienne des peaux sensibles grasses, \u00e0 imperfections ou \u00e0 tendance acn\u00e9ique. Visage et corps.<\/p>\n<p><strong>Utilisable par<\/strong><br \/>\nAdolescents &#8211; Adultes<br \/>\n<strong>Type de peau<\/strong><br \/>\nPeau grasse &#8211; Peau \u00e0 tendance acn\u00e9ique<br \/>\n<strong>Besoin<\/strong><br \/>\nAnti-imperfections<\/p>\n","protected":false},"featured_media":1450,"comment_status":"open","ping_status":"closed","template":"","meta":{"om_disable_all_campaigns":false,"_monsterinsights_skip_tracking":false,"_monsterinsights_sitenote_active":false,"_monsterinsights_sitenote_note":"","_monsterinsights_sitenote_category":0},"product_brand":[],"product_cat":[180,16,19,18],"product_tag":[],"class_list":{"0":"post-1580","1":"product","2":"type-product","3":"status-publish","4":"has-post-thumbnail","6":"product_cat-avene","7":"product_cat-boutique","8":"product_cat-corps","9":"product_cat-visage","10":"thunk-woo-product-list","11":"opn-qv-enable","12":"big-store-woo-hover-zoom","13":"open-single-product-tab-horizontal","14":"open-shadow-","15":"open-shadow-hover-","17":"first","18":"instock","19":"sale","20":"taxable","21":"shipping-taxable","22":"purchasable","23":"product-type-simple"},"aioseo_notices":[],"_links":{"self":[{"href":"https:\/\/para-orchidee.com\/index.php?rest_route=\/wp\/v2\/product\/1580","targetHints":{"allow":["GET"]}}],"collection":[{"href":"https:\/\/para-orchidee.com\/index.php?rest_route=\/wp\/v2\/product"}],"about":[{"href":"https:\/\/para-orchidee.com\/index.php?rest_route=\/wp\/v2\/types\/product"}],"replies":[{"embeddable":true,"href":"https:\/\/para-orchidee.com\/index.php?rest_route=%2Fwp%2Fv2%2Fcomments&post=1580"}],"wp:featuredmedia":[{"embeddable":true,"href":"https:\/\/para-orchidee.com\/index.php?rest_route=\/wp\/v2\/media\/1450"}],"wp:attachment":[{"href":"https:\/\/para-orchidee.com\/index.php?rest_route=%2Fwp%2Fv2%2Fmedia&parent=1580"}],"wp:term":[{"taxonomy":"product_brand","embeddable":true,"href":"https:\/\/para-orchidee.com\/index.php?rest_route=%2Fwp%2Fv2%2Fproduct_brand&post=1580"},{"taxonomy":"product_cat","embeddable":true,"href":"https:\/\/para-orchidee.com\/index.php?rest_route=%2Fwp%2Fv2%2Fproduct_cat&post=1580"},{"taxonomy":"product_tag","embeddable":true,"href":"https:\/\/para-orchidee.com\/index.php?rest_route=%2Fwp%2Fv2%2Fproduct_tag&post=1580"}],"curies":[{"name":"wp","href":"https:\/\/api.w.org\/{rel}","templated":true}]}}