{"id":1581,"date":"2024-12-17T23:21:34","date_gmt":"2024-12-17T23:21:34","guid":{"rendered":"https:\/\/xn--Para-orchide-leb.com\/?product=cleanance-hydra-creme-apaisante-40-ml"},"modified":"2024-12-21T22:07:35","modified_gmt":"2024-12-21T22:07:35","slug":"cleanance-hydra-creme-apaisante-40-ml","status":"publish","type":"product","link":"https:\/\/para-orchidee.com\/?product=cleanance-hydra-creme-apaisante-40-ml&lang=fr","title":{"rendered":"Cleanance HYDRA Cr\u00e8me Apaisante &#8211; 40 ml"},"content":{"rendered":"<p><strong>Une cr\u00e8me hydratante compensatrice et relipidante<\/strong>, qui compense les effets dess\u00e9chants des traitements m\u00e9dicamenteux qui ass\u00e8chent <strong>les peaux \u00e0 tendance acn\u00e9ique<\/strong>.<\/p>\n<p>Gr\u00e2ce \u00e0 une combinaison d&rsquo;actifs cibl\u00e9s : le Glycol\u00e9ol relipidant, et le Sulfate de dextran, un actif qui calme les irritations et attenue les rougeurs, cette cr\u00e8me contribue \u00e0 reconstituer le film hydrolipidique alt\u00e9r\u00e9,\u00e0 nourrir et \u00e0 restaurer le confort cutan\u00e9 afin de <strong>faciliter le suivi des traitements m\u00e9dicamenteux<\/strong>.<\/p>\n<p>De plus sa texture onctueuse, non grasse, est facile \u00e0 \u00e9taler et rapidement absorb\u00e9e.<\/p>\n<p><strong>Avantage<\/strong><br \/>\nSoin relipidant et apaisant des peaux fragilis\u00e9es par des traitements m\u00e9dicamenteux dess\u00e9chants.<\/p>\n<p><strong>B\u00e9n\u00e9fices<\/strong><br \/>\n\u2022 <strong>RELIPIDANT<\/strong> : pour compenser les effets dess\u00e9chants des traitements m\u00e9dicamenteux.<br \/>\n\u2022 <strong>NOURRISSANT<\/strong> : restaure le confort cutan\u00e9.<br \/>\n\u2022 <strong>APAISANT<\/strong> : pour les peaux fragilis\u00e9es.<\/p>\n<p><strong>Texture<\/strong><br \/>\nAvantage de la texture<br \/>\nUne texture onctueuse et non grasse qui laisse la peau douce et confortable.<\/p>\n","protected":false},"excerpt":{"rendered":"<p>Soin apaisant relipidant qui restaure le confort cutan\u00e9 des peaux dess\u00e9ch\u00e9es et irrit\u00e9es par un traitement m\u00e9dicamenteux anti-acn\u00e9ique.<br \/>\n<em>Restaure la barri\u00e8re cutan\u00e9e &#8211; Apaise &#8211; Nourrit<\/em><br \/>\nAvec sa texture non grasse, ce soin apaise les irritations.<br \/>\n<strong>Hydratant, nourrissant, apaisant<\/strong><\/p>\n<p><strong>Utilisable par<\/strong><br \/>\nAdolescents &#8211; Adultes<br \/>\n<strong>Type de peau<\/strong><br \/>\nPeau \u00e0 imperfections &#8211; Peau sujette aux irritations<br \/>\n<strong>Besoin<\/strong><br \/>\nConfort &#8211; Nutrition<\/p>\n","protected":false},"featured_media":1452,"comment_status":"open","ping_status":"closed","template":"","meta":{"om_disable_all_campaigns":false,"_monsterinsights_skip_tracking":false,"_monsterinsights_sitenote_active":false,"_monsterinsights_sitenote_note":"","_monsterinsights_sitenote_category":0},"product_brand":[],"product_cat":[180,16,22,18],"product_tag":[],"class_list":{"0":"post-1581","1":"product","2":"type-product","3":"status-publish","4":"has-post-thumbnail","6":"product_cat-avene","7":"product_cat-boutique","8":"product_cat-soin-de-peau","9":"product_cat-visage","10":"thunk-woo-product-list","11":"opn-qv-enable","12":"big-store-woo-hover-zoom","13":"open-single-product-tab-horizontal","14":"open-shadow-","15":"open-shadow-hover-","17":"first","18":"instock","19":"sale","20":"taxable","21":"shipping-taxable","22":"purchasable","23":"product-type-simple"},"aioseo_notices":[],"_links":{"self":[{"href":"https:\/\/para-orchidee.com\/index.php?rest_route=\/wp\/v2\/product\/1581","targetHints":{"allow":["GET"]}}],"collection":[{"href":"https:\/\/para-orchidee.com\/index.php?rest_route=\/wp\/v2\/product"}],"about":[{"href":"https:\/\/para-orchidee.com\/index.php?rest_route=\/wp\/v2\/types\/product"}],"replies":[{"embeddable":true,"href":"https:\/\/para-orchidee.com\/index.php?rest_route=%2Fwp%2Fv2%2Fcomments&post=1581"}],"wp:featuredmedia":[{"embeddable":true,"href":"https:\/\/para-orchidee.com\/index.php?rest_route=\/wp\/v2\/media\/1452"}],"wp:attachment":[{"href":"https:\/\/para-orchidee.com\/index.php?rest_route=%2Fwp%2Fv2%2Fmedia&parent=1581"}],"wp:term":[{"taxonomy":"product_brand","embeddable":true,"href":"https:\/\/para-orchidee.com\/index.php?rest_route=%2Fwp%2Fv2%2Fproduct_brand&post=1581"},{"taxonomy":"product_cat","embeddable":true,"href":"https:\/\/para-orchidee.com\/index.php?rest_route=%2Fwp%2Fv2%2Fproduct_cat&post=1581"},{"taxonomy":"product_tag","embeddable":true,"href":"https:\/\/para-orchidee.com\/index.php?rest_route=%2Fwp%2Fv2%2Fproduct_tag&post=1581"}],"curies":[{"name":"wp","href":"https:\/\/api.w.org\/{rel}","templated":true}]}}