{"id":1582,"date":"2024-12-17T23:21:34","date_gmt":"2024-12-17T23:21:34","guid":{"rendered":"https:\/\/xn--Para-orchide-leb.com\/?product=cleanance-hydra-creme-lavante-apaisante-40-ml"},"modified":"2024-12-21T23:28:53","modified_gmt":"2024-12-21T23:28:53","slug":"cleanance-hydra-creme-lavante-apaisante-40-ml","status":"publish","type":"product","link":"https:\/\/para-orchidee.com\/?product=cleanance-hydra-creme-lavante-apaisante-40-ml&lang=fr","title":{"rendered":"Cleanance HYDRA Cr\u00e8me &#8211; 40ml"},"content":{"rendered":"<p><strong>Cleanance HYDRA Cr\u00e8me Lavante Apaisante<\/strong><\/p>\n<p><strong>Une cr\u00e8me lavante au pH physiologique<\/strong>, qui nettoie et respecte la sensibilit\u00e9 des peaux dess\u00e9ch\u00e9es et irrit\u00e9es par un traitement m\u00e9dicamenteux anti-acn\u00e9ique.<\/p>\n<p><strong>Cleanance HYDRA Cr\u00e8me lavante apaisante<\/strong> restaure le confort cutan\u00e9, et reconstitue le film hydrolipidique alt\u00e9r\u00e9.<\/p>\n<p>Cette base lavante douce aux actifs hydratants et nourrissants, apaise les peaux sensibles dess\u00e9ch\u00e9es et irrit\u00e9es, et facilite le suivi des traitements m\u00e9dicamenteux anti-acn\u00e9ique, gr\u00e2ce \u00e0 sa formule contenant de l&rsquo;Eau thermale d&rsquo;Av\u00e8ne.<\/p>\n<p><strong>Avantage<\/strong><br \/>\nCr\u00e8me lavante relipidante et apaisante des peaux fragilis\u00e9es par des traitements m\u00e9dicamenteux dess\u00e9chants.<\/p>\n<p><strong>B\u00e9n\u00e9fices<\/strong><br \/>\n\u2022 <strong>NETTOYANTE<\/strong> : dans le respect des peaux dess\u00e9ch\u00e9es et irrit\u00e9es par un traitement m\u00e9dicamenteux anti-acn\u00e9ique.<br \/>\n\u2022 <strong>NOURRISSANTE<\/strong> : restaure le confort cutan\u00e9.<br \/>\n\u2022 <strong>APAISANTE<\/strong> : pour les peaux fragilis\u00e9es.<\/p>\n","protected":false},"excerpt":{"rendered":"<p><strong>Cleanance HYDRA Cr\u00e8me lavante apaisante <\/strong>nettoie en douceur et restaure le confort cutan\u00e9 des peaux dess\u00e9ch\u00e9es et irrit\u00e9es par les traitements m\u00e9dicamenteux anti-acn\u00e9.<\/p>\n<p>Apaise les irritations.<br \/>\n<em>Nettoyant, nourrissant, apaisant<\/em><\/p>\n<p><strong>Utilisable par<\/strong><br \/>\nAdolescents &#8211; Adultes<br \/>\n<strong>Type de peau<\/strong><br \/>\nPeau \u00e0 imperfections &#8211; Peau sensible &#8211; Peau irrit\u00e9e<\/p>\n","protected":false},"featured_media":1453,"comment_status":"open","ping_status":"closed","template":"","meta":{"om_disable_all_campaigns":false,"_monsterinsights_skip_tracking":false,"_monsterinsights_sitenote_active":false,"_monsterinsights_sitenote_note":"","_monsterinsights_sitenote_category":0},"product_brand":[],"product_cat":[180,16,22,18],"product_tag":[],"class_list":{"0":"post-1582","1":"product","2":"type-product","3":"status-publish","4":"has-post-thumbnail","6":"product_cat-avene","7":"product_cat-boutique","8":"product_cat-soin-de-peau","9":"product_cat-visage","10":"thunk-woo-product-list","11":"opn-qv-enable","12":"big-store-woo-hover-zoom","13":"open-single-product-tab-horizontal","14":"open-shadow-","15":"open-shadow-hover-","17":"first","18":"instock","19":"sale","20":"taxable","21":"shipping-taxable","22":"purchasable","23":"product-type-simple"},"aioseo_notices":[],"_links":{"self":[{"href":"https:\/\/para-orchidee.com\/index.php?rest_route=\/wp\/v2\/product\/1582","targetHints":{"allow":["GET"]}}],"collection":[{"href":"https:\/\/para-orchidee.com\/index.php?rest_route=\/wp\/v2\/product"}],"about":[{"href":"https:\/\/para-orchidee.com\/index.php?rest_route=\/wp\/v2\/types\/product"}],"replies":[{"embeddable":true,"href":"https:\/\/para-orchidee.com\/index.php?rest_route=%2Fwp%2Fv2%2Fcomments&post=1582"}],"wp:featuredmedia":[{"embeddable":true,"href":"https:\/\/para-orchidee.com\/index.php?rest_route=\/wp\/v2\/media\/1453"}],"wp:attachment":[{"href":"https:\/\/para-orchidee.com\/index.php?rest_route=%2Fwp%2Fv2%2Fmedia&parent=1582"}],"wp:term":[{"taxonomy":"product_brand","embeddable":true,"href":"https:\/\/para-orchidee.com\/index.php?rest_route=%2Fwp%2Fv2%2Fproduct_brand&post=1582"},{"taxonomy":"product_cat","embeddable":true,"href":"https:\/\/para-orchidee.com\/index.php?rest_route=%2Fwp%2Fv2%2Fproduct_cat&post=1582"},{"taxonomy":"product_tag","embeddable":true,"href":"https:\/\/para-orchidee.com\/index.php?rest_route=%2Fwp%2Fv2%2Fproduct_tag&post=1582"}],"curies":[{"name":"wp","href":"https:\/\/api.w.org\/{rel}","templated":true}]}}