{"id":1585,"date":"2024-12-17T23:21:34","date_gmt":"2024-12-17T23:21:34","guid":{"rendered":"https:\/\/xn--Para-orchide-leb.com\/?product=spray-deau-thermale-avene-150-ml"},"modified":"2024-12-20T23:41:24","modified_gmt":"2024-12-20T23:41:24","slug":"spray-deau-thermale-avene-150-ml","status":"publish","type":"product","link":"https:\/\/para-orchidee.com\/?product=spray-deau-thermale-avene-150-ml&lang=fr","title":{"rendered":"Spray d&rsquo;Eau Thermale Av\u00e8ne &#8211; 150 ml"},"content":{"rendered":"<p><strong>Le Spray d&rsquo;Eau Thermale<\/strong>, apaise imm\u00e9diatement les peaux sensibles, irrit\u00e9es ou \u00e0 tendance allergique. <strong>L&rsquo;Eau thermale d&rsquo;Av\u00e8ne<\/strong>, riche d&rsquo;un parcours de plus d&rsquo;un demi-si\u00e8cle, se charge en min\u00e9raux et oligo-\u00e9l\u00e9ments pour atteindre un \u00e9quilibre min\u00e9ral optimal et d&rsquo;une microflore sp\u00e9cifique qui lui conf\u00e8re son caract\u00e8re unique et exceptionnel, capable d&rsquo;apaiser la peau, sans la dess\u00e9cher, ainsi elle devient le centre de la routine de soins. Sa richesse en silice apporte douceur et confort, pour un bien-\u00eatre imm\u00e9diat \u00e0 chaque application.<\/p>\n<p><strong>Le Spray d&rsquo;Eau Thermale<\/strong> s&rsquo;utilise tous les jours, apr\u00e8s le nettoyage du visage, pour enlever les impuret\u00e9s r\u00e9siduelles. Appliqu\u00e9 avant les soins, il pr\u00e9pare la peau et facilite leur application.<br \/>\nApr\u00e8s utilisation, les inconforts, rougeurs, d\u00e9mangeaisons et tiraillements de la peau sont imm\u00e9diatement apais\u00e9s. Id\u00e9al \u00e9galement en cas de chaleur, il permet de se rafra\u00eechir et de soulager sans dess\u00e9cher la peau.<\/p>\n<p><strong>Le Spray d&rsquo;Eau Thermale,<\/strong> s&rsquo;utilise sur le visage et le corps de toute la famille, pour une peau apais\u00e9e, renforc\u00e9e et en bonne sant\u00e9.<\/p>\n<p><strong>Avantage<\/strong><br \/>\n<strong>Le Spray d&rsquo;Eau thermale d&rsquo;Av\u00e8ne<\/strong>, apporte, d&rsquo;un geste, apaisement et soulagement aux peaux sensibles. Toute son efficacit\u00e9 est pr\u00e9serv\u00e9e intacte et pure et chaque goutte apaise, renforce et r\u00e9\u00e9quilibre les sensations d&rsquo;inconfort, pour en faire une v\u00e9ritable Eau de soin unique.<\/p>\n<p><strong>B\u00e9n\u00e9fices<\/strong><br \/>\n\u2022 <strong>APAISE<\/strong> : diminution de la sensibilit\u00e9 de la peau de 64 %*.<br \/>\n\u2022 <strong>RENFORCE<\/strong> : la barri\u00e8re cutan\u00e9e des peaux sensibles, gr\u00e2ce \u00e0 son \u00e9quilibre Calcium\/Magnesium id\u00e9al.<br \/>\n\u2022 <strong>R\u00c9\u00c9QUILIBRE<\/strong> : les sensations d&rsquo;inconfort de la peau et sa sensibilit\u00e9 pour la maintenir en bonne sant\u00e9.<\/p>\n<p>*Diminution de la sensibilit\u00e9 de la peau de 30 % d\u00e8s cinq minutes et 64 % durant la premi\u00e8re semaine. \u00c9tude men\u00e9e chez plus de 6 300 sujets ayant la peau sensible, nourrissons, enfants et adultes.<\/p>\n","protected":false},"excerpt":{"rendered":"<p>Spray apaisant pour un confort imm\u00e9diat. En un seul geste, le Spray d&rsquo;Eau thermale d&rsquo;Av\u00e8ne diffuse une agr\u00e9able brume r\u00e9\u00e9quilibrante qui apaise les sensations d&rsquo;inconfort.<br \/>\n<em>Apaise &#8211; Calme &#8211; Restaure la barri\u00e8re cutan\u00e9e<\/em><br \/>\n<strong>Efficacit\u00e9 d\u00e9montr\u00e9e par 150 \u00e9tudes cliniques et scientifiques<\/strong>.<\/p>\n<p>Apr\u00e8s utilisation, les inconforts, rougeurs, d\u00e9mangeaisons et tiraillements de la peau sont imm\u00e9diatement apais\u00e9s. Id\u00e9al \u00e9galement en cas de chaleur, il permet de se rafra\u00eechir et de soulager sans dess\u00e9cher la peau.<\/p>\n<p><strong>Le Spray d&rsquo;Eau Thermale<\/strong>, s&rsquo;utilise sur le visage et le corps de toute la famille, pour une peau apais\u00e9e, renforc\u00e9e et en bonne sant\u00e9.<\/p>\n","protected":false},"featured_media":1500,"comment_status":"open","ping_status":"closed","template":"","meta":{"om_disable_all_campaigns":false,"_monsterinsights_skip_tracking":false,"_monsterinsights_sitenote_active":false,"_monsterinsights_sitenote_note":"","_monsterinsights_sitenote_category":0},"product_brand":[],"product_cat":[180,16,19,18],"product_tag":[],"class_list":{"0":"post-1585","1":"product","2":"type-product","3":"status-publish","4":"has-post-thumbnail","6":"product_cat-avene","7":"product_cat-boutique","8":"product_cat-corps","9":"product_cat-visage","10":"thunk-woo-product-list","11":"opn-qv-enable","12":"big-store-woo-hover-zoom","13":"open-single-product-tab-horizontal","14":"open-shadow-","15":"open-shadow-hover-","17":"first","18":"instock","19":"sale","20":"taxable","21":"shipping-taxable","22":"purchasable","23":"product-type-simple"},"aioseo_notices":[],"_links":{"self":[{"href":"https:\/\/para-orchidee.com\/index.php?rest_route=\/wp\/v2\/product\/1585","targetHints":{"allow":["GET"]}}],"collection":[{"href":"https:\/\/para-orchidee.com\/index.php?rest_route=\/wp\/v2\/product"}],"about":[{"href":"https:\/\/para-orchidee.com\/index.php?rest_route=\/wp\/v2\/types\/product"}],"replies":[{"embeddable":true,"href":"https:\/\/para-orchidee.com\/index.php?rest_route=%2Fwp%2Fv2%2Fcomments&post=1585"}],"wp:featuredmedia":[{"embeddable":true,"href":"https:\/\/para-orchidee.com\/index.php?rest_route=\/wp\/v2\/media\/1500"}],"wp:attachment":[{"href":"https:\/\/para-orchidee.com\/index.php?rest_route=%2Fwp%2Fv2%2Fmedia&parent=1585"}],"wp:term":[{"taxonomy":"product_brand","embeddable":true,"href":"https:\/\/para-orchidee.com\/index.php?rest_route=%2Fwp%2Fv2%2Fproduct_brand&post=1585"},{"taxonomy":"product_cat","embeddable":true,"href":"https:\/\/para-orchidee.com\/index.php?rest_route=%2Fwp%2Fv2%2Fproduct_cat&post=1585"},{"taxonomy":"product_tag","embeddable":true,"href":"https:\/\/para-orchidee.com\/index.php?rest_route=%2Fwp%2Fv2%2Fproduct_tag&post=1585"}],"curies":[{"name":"wp","href":"https:\/\/api.w.org\/{rel}","templated":true}]}}