{"id":1586,"date":"2024-12-17T23:21:34","date_gmt":"2024-12-17T23:21:34","guid":{"rendered":"https:\/\/xn--Para-orchide-leb.com\/?product=hyaluron-activ-b3-creme-regeneration-cellulaire-50-ml"},"modified":"2024-12-21T23:47:55","modified_gmt":"2024-12-21T23:47:55","slug":"hyaluron-activ-b3-creme-regeneration-cellulaire-50-ml","status":"publish","type":"product","link":"https:\/\/para-orchidee.com\/?product=hyaluron-activ-b3-creme-regeneration-cellulaire-50-ml&lang=fr","title":{"rendered":"Hyaluron Activ B3 Cr\u00e8me &#8211; 50 ml"},"content":{"rendered":"<p><strong>Hyaluron Activ B3 Cr\u00e8me R\u00e9g\u00e9n\u00e9ration Cellulaire<\/strong><\/p>\n<p>Avec l&rsquo;\u00e2ge tout s&rsquo;acc\u00e9l\u00e8re. Les cellules vieillissantes se propagent et la peau fonctionne au ralenti. Les laboratoires dermatologiques Av\u00e8ne cr\u00e9ent <strong>la cr\u00e8me Hyaluron Activ B3<\/strong> concentr\u00e9e \u00e0 <strong>0,2% en acide hyaluronique pur<\/strong> (haut et bas poids mol\u00e9culaire) et <strong>niacinamide ( 6%)<\/strong> pour agir sur la cause du vieillissement et prolonger la vie des cellules*.<\/p>\n<p>D\u00e8s une seule application, la peau est repulp\u00e9e, liss\u00e9e et \u00e9clatante. D\u00e8s 15 jours, elle est r\u00e9g\u00e9n\u00e9r\u00e9e, plus ferme et les rides sont corrig\u00e9es**.<\/p>\n<p>Sa texture velout\u00e9e d\u00e9licatement parfum\u00e9e apporte du confort \u00e0 la peau. Il s&rsquo;agit \u00e9galement d&rsquo;une tr\u00e8s bonne base de maquillage.<\/p>\n<p><strong>La cr\u00e8me r\u00e9g\u00e9n\u00e9ration cellulaire Hyaluron Activ B3<\/strong> est un soin \u00e9co-con\u00e7u contenant 92% d&rsquo;ingr\u00e9dients d&rsquo;origine naturelle, sans ingr\u00e9dients d\u2019origine animale, dans un pot en verre rechargeable.<\/p>\n<p>*test in vitro, gr\u00e2ce au niacinamide.<br \/>\n**auto-\u00e9valuation, 71 utilisatrices, 1 application par jour.<\/p>\n<p><strong>B\u00e9n\u00e9fices<\/strong><\/p>\n<p style=\"padding-left: 40px;\">\u2022 RAFFERMIT la peau pour 97% des femmes.<br \/>\n\u2022 CORRIGE les rides d\u00e8s 15 jours.<br \/>\n\u2022 REGENERE la peau en prolongeant la long\u00e9vit\u00e9 des cellules.<\/p>\n<p>*test in vitro, gr\u00e2ce au niacinamide.<br \/>\n*test in vitro.<\/p>\n","protected":false},"excerpt":{"rendered":"<p>Cr\u00e8me concentr\u00e9e \u00e0 0,2% en acide hyaluronique pur et 6% en niacinamide, pour agir sur la cause du vieillissement*.<\/p>\n<p>La peau est plus ferme, les rides sont corrig\u00e9es.<br \/>\n<em>Raffermit &#8211; R\u00e9duit les rides &#8211; R\u00e9g\u00e9n\u00e8re<\/em><\/p>\n<p>*test in vitro, gr\u00e2ce au niacinamide.<\/p>\n<p>Agit sur la cause du vieillissement*<\/p>\n<ul>\n<li>Lissant<\/li>\n<li>Raffermissant<\/li>\n<li>R\u00e9g\u00e9n\u00e9rant<\/li>\n<li>92% d&rsquo;ingr\u00e9dients d&rsquo;origine naturelle<\/li>\n<\/ul>\n","protected":false},"featured_media":1499,"comment_status":"open","ping_status":"closed","template":"","meta":{"om_disable_all_campaigns":false,"_monsterinsights_skip_tracking":false,"_monsterinsights_sitenote_active":false,"_monsterinsights_sitenote_note":"","_monsterinsights_sitenote_category":0},"product_brand":[],"product_cat":[180,16,22,18],"product_tag":[],"class_list":{"0":"post-1586","1":"product","2":"type-product","3":"status-publish","4":"has-post-thumbnail","6":"product_cat-avene","7":"product_cat-boutique","8":"product_cat-soin-de-peau","9":"product_cat-visage","10":"thunk-woo-product-list","11":"opn-qv-enable","12":"big-store-woo-hover-zoom","13":"open-single-product-tab-horizontal","14":"open-shadow-","15":"open-shadow-hover-","17":"first","18":"instock","19":"sale","20":"taxable","21":"shipping-taxable","22":"purchasable","23":"product-type-simple"},"aioseo_notices":[],"_links":{"self":[{"href":"https:\/\/para-orchidee.com\/index.php?rest_route=\/wp\/v2\/product\/1586","targetHints":{"allow":["GET"]}}],"collection":[{"href":"https:\/\/para-orchidee.com\/index.php?rest_route=\/wp\/v2\/product"}],"about":[{"href":"https:\/\/para-orchidee.com\/index.php?rest_route=\/wp\/v2\/types\/product"}],"replies":[{"embeddable":true,"href":"https:\/\/para-orchidee.com\/index.php?rest_route=%2Fwp%2Fv2%2Fcomments&post=1586"}],"wp:featuredmedia":[{"embeddable":true,"href":"https:\/\/para-orchidee.com\/index.php?rest_route=\/wp\/v2\/media\/1499"}],"wp:attachment":[{"href":"https:\/\/para-orchidee.com\/index.php?rest_route=%2Fwp%2Fv2%2Fmedia&parent=1586"}],"wp:term":[{"taxonomy":"product_brand","embeddable":true,"href":"https:\/\/para-orchidee.com\/index.php?rest_route=%2Fwp%2Fv2%2Fproduct_brand&post=1586"},{"taxonomy":"product_cat","embeddable":true,"href":"https:\/\/para-orchidee.com\/index.php?rest_route=%2Fwp%2Fv2%2Fproduct_cat&post=1586"},{"taxonomy":"product_tag","embeddable":true,"href":"https:\/\/para-orchidee.com\/index.php?rest_route=%2Fwp%2Fv2%2Fproduct_tag&post=1586"}],"curies":[{"name":"wp","href":"https:\/\/api.w.org\/{rel}","templated":true}]}}