{"id":1591,"date":"2024-12-17T23:21:34","date_gmt":"2024-12-17T23:21:34","guid":{"rendered":"https:\/\/xn--Para-orchide-leb.com\/?product=hydrance-uv-legere-creme-hydratante-spf30-40-ml"},"modified":"2024-12-21T23:25:30","modified_gmt":"2024-12-21T23:25:30","slug":"hydrance-uv-legere-creme-hydratante-spf30-40-ml","status":"publish","type":"product","link":"https:\/\/para-orchidee.com\/?product=hydrance-uv-legere-creme-hydratante-spf30-40-ml&lang=fr","title":{"rendered":"Hydrance UV L\u00c9G\u00c8RE SPF30 &#8211; 40 ml"},"content":{"rendered":"<p><strong>Hydrance UV L\u00c9G\u00c8RE Cr\u00e9me hydratante SPF30<\/strong><\/p>\n<p>Gr\u00e2ce au toucher onctueux de cette cr\u00e8me riche, l\u2019hydratation devient la base de la routine beaut\u00e9 de toutes les peaux sensibles d\u00e9shydrat\u00e9es s\u00e8ches \u00e0 tr\u00e8s s\u00e8ches.<\/p>\n<p><strong>Hydrance RICHE Cr\u00e8me hydratante<\/strong> leur apporte une recharge d\u2019Eau thermale d&rsquo;Av\u00e8ne pour offrir 24h d&rsquo;hydratation. Sa texture riche et non collante laisse la peau souple et confortable, d\u00e9salt\u00e9r\u00e9e tout au long de la journ\u00e9e, tandis que son parfum subtil r\u00e9veille les sens.<\/p>\n<p>\u00c9galement disponible avec protection UV SPF30 ou en version teint\u00e9e BB.Gr\u00e2ce au toucher onctueux de cette cr\u00e8me riche, l\u2019hydratation devient la base de la routine beaut\u00e9 de toutes les peaux sensibles d\u00e9shydrat\u00e9es s\u00e8ches \u00e0 tr\u00e8s s\u00e8ches.<\/p>\n<p><strong>Hydrance RICHE Cr\u00e8me hydratante<\/strong> leur apporte une recharge d\u2019Eau thermale d&rsquo;Av\u00e8ne pour offrir 24h d&rsquo;hydratation.<\/p>\n<p>Sa texture riche et non collante laisse la peau souple et confortable, d\u00e9salt\u00e9r\u00e9e tout au long de la journ\u00e9e, tandis que son parfum subtil r\u00e9veille les sens.<\/p>\n<p>\u00c9galement disponible avec protection UV SPF30 ou en version teint\u00e9e BB.<\/p>\n<p><strong>Avantage<\/strong><br \/>\nHydrance RICHE Cr\u00e8me hydratante apporte une recharge d\u2019Eau thermale d&rsquo;Av\u00e8ne, pour une peau douce et durablement hydrat\u00e9e. Particuli\u00e8rement indiqu\u00e9e pour les peaux sensibles d\u00e9shydrat\u00e9es s\u00e8ches \u00e0 tr\u00e8s s\u00e8ches.<\/p>\n<p><strong>B\u00e9n\u00e9fices<\/strong><br \/>\n\u2022 <strong>HYDRATE<\/strong> 24 h en continu. L\u2019action du complexe hydratant d\u2019actifs Cohederm\u2122 brevet\u00e9* d&rsquo;Hydrance RICHE Cr\u00e8me hydratante assure une diffusion optimale de l\u2019Eau thermale d&rsquo;Av\u00e8ne et limite son \u00e9vaporation.<br \/>\n\u2022 <strong>ADOUCIT<\/strong> : Cette cr\u00e8me hydratante au subtil parfum frais apporte \u00e0 chaque application une recharge d\u2019Eau thermale d&rsquo;Av\u00e8ne, pour une peau douce et lumineuse.<br \/>\n\u2022 <strong>R\u00c9CONFORTE<\/strong> : Sa texture riche et non grasse d\u00e9salt\u00e8re la peau toute la journ\u00e9e et lui redonne souplesse et confort optimal.<\/p>\n","protected":false},"excerpt":{"rendered":"<p>Une cr\u00e8me hydratante riche qui laisse la peau hydrat\u00e9e, souple et confortable durant toute la journ\u00e9e.<\/p>\n<p>Hydratant 24h.<br \/>\n<em>Hydratant, adoucissant, texture velout\u00e9e<\/em><\/p>\n<p><strong>Utilisable par<\/strong><br \/>\nAdultes<br \/>\n<strong>Type de peau<\/strong><br \/>\nPeau s\u00e8che &#8211; Peau tr\u00e8s s\u00e8che &#8211; Peau sensible<br \/>\n<strong>Besoin<\/strong><br \/>\nConfort &#8211; Hydratation<\/p>\n","protected":false},"featured_media":1465,"comment_status":"open","ping_status":"closed","template":"","meta":{"om_disable_all_campaigns":false,"_monsterinsights_skip_tracking":false,"_monsterinsights_sitenote_active":false,"_monsterinsights_sitenote_note":"","_monsterinsights_sitenote_category":0},"product_brand":[],"product_cat":[180,16,181,18],"product_tag":[],"class_list":{"0":"post-1591","1":"product","2":"type-product","3":"status-publish","4":"has-post-thumbnail","6":"product_cat-avene","7":"product_cat-boutique","8":"product_cat-protection-solaire","9":"product_cat-visage","10":"thunk-woo-product-list","11":"opn-qv-enable","12":"big-store-woo-hover-zoom","13":"open-single-product-tab-horizontal","14":"open-shadow-","15":"open-shadow-hover-","17":"first","18":"instock","19":"sale","20":"taxable","21":"shipping-taxable","22":"purchasable","23":"product-type-simple"},"aioseo_notices":[],"_links":{"self":[{"href":"https:\/\/para-orchidee.com\/index.php?rest_route=\/wp\/v2\/product\/1591","targetHints":{"allow":["GET"]}}],"collection":[{"href":"https:\/\/para-orchidee.com\/index.php?rest_route=\/wp\/v2\/product"}],"about":[{"href":"https:\/\/para-orchidee.com\/index.php?rest_route=\/wp\/v2\/types\/product"}],"replies":[{"embeddable":true,"href":"https:\/\/para-orchidee.com\/index.php?rest_route=%2Fwp%2Fv2%2Fcomments&post=1591"}],"wp:featuredmedia":[{"embeddable":true,"href":"https:\/\/para-orchidee.com\/index.php?rest_route=\/wp\/v2\/media\/1465"}],"wp:attachment":[{"href":"https:\/\/para-orchidee.com\/index.php?rest_route=%2Fwp%2Fv2%2Fmedia&parent=1591"}],"wp:term":[{"taxonomy":"product_brand","embeddable":true,"href":"https:\/\/para-orchidee.com\/index.php?rest_route=%2Fwp%2Fv2%2Fproduct_brand&post=1591"},{"taxonomy":"product_cat","embeddable":true,"href":"https:\/\/para-orchidee.com\/index.php?rest_route=%2Fwp%2Fv2%2Fproduct_cat&post=1591"},{"taxonomy":"product_tag","embeddable":true,"href":"https:\/\/para-orchidee.com\/index.php?rest_route=%2Fwp%2Fv2%2Fproduct_tag&post=1591"}],"curies":[{"name":"wp","href":"https:\/\/api.w.org\/{rel}","templated":true}]}}