{"id":1593,"date":"2024-12-17T23:21:34","date_gmt":"2024-12-17T23:21:34","guid":{"rendered":"https:\/\/xn--Para-orchide-leb.com\/?product=hydrance-uv-riche-creme-hydratante-spf30-40-ml"},"modified":"2024-12-21T22:48:52","modified_gmt":"2024-12-21T22:48:52","slug":"hydrance-uv-riche-creme-hydratante-spf30-40-ml","status":"publish","type":"product","link":"https:\/\/para-orchidee.com\/?product=hydrance-uv-riche-creme-hydratante-spf30-40-ml&lang=fr","title":{"rendered":"Hydrance UV RICHE Cr\u00e8me hydratante SPF30"},"content":{"rendered":"<p>Gr\u00e2ce au toucher onctueux de cette cr\u00e8me riche, l\u2019hydratation devient la base de la routine beaut\u00e9 de toutes les peaux sensibles d\u00e9shydrat\u00e9es s\u00e8ches \u00e0 tr\u00e8s s\u00e8ches.<\/p>\n<p><strong>Hydrance UV RICHE Cr\u00e8me hydratante<\/strong> leur apporte une recharge d\u2019Eau thermale d\u2019Av\u00e8ne, pour <strong>offrir 24h d\u2019hydratation<\/strong> et <strong>une haute protection SPF 30<\/strong>.<\/p>\n<p>Sa texture riche non collante laisse la peau souple et d\u00e9salt\u00e9r\u00e9e, prot\u00e9g\u00e9e tout au long de la journ\u00e9e, tandis que son parfum subtil r\u00e9veille les sens.<\/p>\n<p><strong>Hydrance UV RICHE Cr\u00e8me hydratante<\/strong>* apporte une recharge d\u2019Eau thermale d\u2019Av\u00e8ne, pour une peau douce et durablement hydrat\u00e9e et prot\u00e9g\u00e9e.<\/p>\n<p>Particuli\u00e8rement indiqu\u00e9e pour les peaux sensibles s\u00e8ches \u00e0 tr\u00e8s s\u00e8ches d\u00e9shydrat\u00e9es.<\/p>\n<p><strong>\u00c9tudes cliniques :<\/strong><br \/>\n<strong>Hydrance UV-Riche Cr\u00e8me hydratante<\/strong> offre 24h* d\u2019hydratation en continu. Jour apr\u00e8s jour, la peau est visiblement :<\/p>\n<p style=\"padding-left: 40px;\">\u2013 Apais\u00e9e : 92%**<br \/>\n\u2013 Prot\u00e9g\u00e9e : 98%**<br \/>\n\u2013 Plus lumineuse : 91%**<\/p>\n<p>*Cin\u00e9tique IH, 22 sujets, application unique.<br \/>\n**Satisfaction \u00e9valu\u00e9e sur 82 sujets, une application par jour pendant 21 jours.<\/p>\n<p><strong>B\u00e9n\u00e9fices<\/strong> :<br \/>\n\u2013 <strong>PROT\u00c8GE<\/strong>. Une haute protection solaire SPF 30 contre les UV et la pollution, gr\u00e2ce au syst\u00e8me filtrant Sunsitive\u00ae Protection et au Pr\u00e9-tocoph\u00e9ryl.<br \/>\n\u2013 <strong>HYDRATE<\/strong> 24 h en continu. L\u2019action du complexe hydratant d\u2019actifs Cohederm\u2122 brevet\u00e9* d\u2019Hydrance UV RICHE Cr\u00e8me hydratante assure une diffusion optimale de l\u2019Eau thermale d\u2019Av\u00e8ne et limite son \u00e9vaporation.<br \/>\n\u2013 <strong>ADOUCIT<\/strong>. Cette cr\u00e8me hydratante au subtil parfum frais apporte \u00e0 chaque application une recharge d\u2019Eau thermale d\u2019Av\u00e8ne, pour une peau douce et lumineuse.<\/p>\n<p><strong>Indications<\/strong> :<br \/>\nPr\u00e9vention du vieillissement cutan\u00e9. Photoprotection du visage pour peaux d\u00e9shydrat\u00e9es, peaux sensibles, peaux s\u00e8ches, peaux tr\u00e8s s\u00e8ches.<\/p>\n","protected":false},"excerpt":{"rendered":"<p><strong>Eau Thermale Av\u00e8ne &#8211; Hydrance UV RICHE Cr\u00e8me hydratante<\/strong><\/p>\n<ul>\n<li>Prot\u00e8ge, Hydrate<\/li>\n<li>Peau s\u00e8che, Peau tr\u00e8s s\u00e8che, Peau d\u00e9shydrat\u00e9e, Peau sensible<\/li>\n<li>Visage, Cou, D\u00e9collet\u00e9<\/li>\n<\/ul>\n","protected":false},"featured_media":1471,"comment_status":"open","ping_status":"closed","template":"","meta":{"om_disable_all_campaigns":false,"_monsterinsights_skip_tracking":false,"_monsterinsights_sitenote_active":false,"_monsterinsights_sitenote_note":"","_monsterinsights_sitenote_category":0},"product_brand":[],"product_cat":[180,16,181,18],"product_tag":[],"class_list":{"0":"post-1593","1":"product","2":"type-product","3":"status-publish","4":"has-post-thumbnail","6":"product_cat-avene","7":"product_cat-boutique","8":"product_cat-protection-solaire","9":"product_cat-visage","10":"thunk-woo-product-list","11":"opn-qv-enable","12":"big-store-woo-hover-zoom","13":"open-single-product-tab-horizontal","14":"open-shadow-","15":"open-shadow-hover-","17":"first","18":"instock","19":"sale","20":"taxable","21":"shipping-taxable","22":"purchasable","23":"product-type-simple"},"aioseo_notices":[],"_links":{"self":[{"href":"https:\/\/para-orchidee.com\/index.php?rest_route=\/wp\/v2\/product\/1593","targetHints":{"allow":["GET"]}}],"collection":[{"href":"https:\/\/para-orchidee.com\/index.php?rest_route=\/wp\/v2\/product"}],"about":[{"href":"https:\/\/para-orchidee.com\/index.php?rest_route=\/wp\/v2\/types\/product"}],"replies":[{"embeddable":true,"href":"https:\/\/para-orchidee.com\/index.php?rest_route=%2Fwp%2Fv2%2Fcomments&post=1593"}],"wp:featuredmedia":[{"embeddable":true,"href":"https:\/\/para-orchidee.com\/index.php?rest_route=\/wp\/v2\/media\/1471"}],"wp:attachment":[{"href":"https:\/\/para-orchidee.com\/index.php?rest_route=%2Fwp%2Fv2%2Fmedia&parent=1593"}],"wp:term":[{"taxonomy":"product_brand","embeddable":true,"href":"https:\/\/para-orchidee.com\/index.php?rest_route=%2Fwp%2Fv2%2Fproduct_brand&post=1593"},{"taxonomy":"product_cat","embeddable":true,"href":"https:\/\/para-orchidee.com\/index.php?rest_route=%2Fwp%2Fv2%2Fproduct_cat&post=1593"},{"taxonomy":"product_tag","embeddable":true,"href":"https:\/\/para-orchidee.com\/index.php?rest_route=%2Fwp%2Fv2%2Fproduct_tag&post=1593"}],"curies":[{"name":"wp","href":"https:\/\/api.w.org\/{rel}","templated":true}]}}