{"id":1594,"date":"2024-12-17T23:21:34","date_gmt":"2024-12-17T23:21:34","guid":{"rendered":"https:\/\/xn--Para-orchide-leb.com\/?product=physiolift-jour-creme-lissante-30-ml"},"modified":"2024-12-20T23:33:41","modified_gmt":"2024-12-20T23:33:41","slug":"physiolift-jour-creme-lissante-30-ml","status":"publish","type":"product","link":"https:\/\/para-orchidee.com\/?product=physiolift-jour-creme-lissante-30-ml&lang=fr","title":{"rendered":"PhysioLift JOUR Cr\u00e8me lissante &#8211; 30 ml"},"content":{"rendered":"<p><strong>LISSE LES RIDES INSTALL\u00c9ES ET RETEND LA PEAU<\/strong> : la peau est recharg\u00e9e* en collag\u00e8ne et en acide hyaluronique, gr\u00e2ce \u00e0 l&rsquo;<strong>AscofillineTM<\/strong> et aux <strong>Mono-Oligom\u00e8res d&rsquo;Acide Hyaluronique<\/strong>.<\/p>\n<p><strong>PROT\u00c8GE LA PEAU<\/strong> des agressions radicalaires gr\u00e2ce au Pr\u00e9-tocoph\u00e9ryl, puissant anti-oxydant.<\/p>\n<p><strong>SUBLIME LE TEINT<\/strong>\u00a0: enrichie en micro-nacres pour une correction anti-fatigue et anti-grise mine, et en agents soft-focus pour un effet flouteur de rides.<\/p>\n<p><strong>APAISE<\/strong> : riche en Eau thermale d&rsquo;Av\u00e8ne, apaisante et anti-irritante.<\/p>\n<p>*Tests in-vitro<\/p>\n","protected":false},"excerpt":{"rendered":"<p><strong>Une cr\u00e8me de jour anti-\u00e2ge<\/strong> qui respecte la peau sensible<br \/>\n<strong>La cr\u00e8me anti-rides Physiolift<\/strong> est formul\u00e9e par les laboratoires Av\u00e8ne pour contribuer \u00e0 r\u00e9duire les rides et assouplir la peau s\u00e8che. Elle participe \u00e0 rendre votre teint plus lumineux et votre visage moins marqu\u00e9.<\/p>\n","protected":false},"featured_media":1495,"comment_status":"open","ping_status":"closed","template":"","meta":{"om_disable_all_campaigns":false,"_monsterinsights_skip_tracking":false,"_monsterinsights_sitenote_active":false,"_monsterinsights_sitenote_note":"","_monsterinsights_sitenote_category":0},"product_brand":[],"product_cat":[180,16,22,18],"product_tag":[],"class_list":{"0":"post-1594","1":"product","2":"type-product","3":"status-publish","4":"has-post-thumbnail","6":"product_cat-avene","7":"product_cat-boutique","8":"product_cat-soin-de-peau","9":"product_cat-visage","10":"thunk-woo-product-list","11":"opn-qv-enable","12":"big-store-woo-hover-zoom","13":"open-single-product-tab-horizontal","14":"open-shadow-","15":"open-shadow-hover-","17":"first","18":"instock","19":"sale","20":"taxable","21":"shipping-taxable","22":"purchasable","23":"product-type-simple"},"aioseo_notices":[],"_links":{"self":[{"href":"https:\/\/para-orchidee.com\/index.php?rest_route=\/wp\/v2\/product\/1594","targetHints":{"allow":["GET"]}}],"collection":[{"href":"https:\/\/para-orchidee.com\/index.php?rest_route=\/wp\/v2\/product"}],"about":[{"href":"https:\/\/para-orchidee.com\/index.php?rest_route=\/wp\/v2\/types\/product"}],"replies":[{"embeddable":true,"href":"https:\/\/para-orchidee.com\/index.php?rest_route=%2Fwp%2Fv2%2Fcomments&post=1594"}],"wp:featuredmedia":[{"embeddable":true,"href":"https:\/\/para-orchidee.com\/index.php?rest_route=\/wp\/v2\/media\/1495"}],"wp:attachment":[{"href":"https:\/\/para-orchidee.com\/index.php?rest_route=%2Fwp%2Fv2%2Fmedia&parent=1594"}],"wp:term":[{"taxonomy":"product_brand","embeddable":true,"href":"https:\/\/para-orchidee.com\/index.php?rest_route=%2Fwp%2Fv2%2Fproduct_brand&post=1594"},{"taxonomy":"product_cat","embeddable":true,"href":"https:\/\/para-orchidee.com\/index.php?rest_route=%2Fwp%2Fv2%2Fproduct_cat&post=1594"},{"taxonomy":"product_tag","embeddable":true,"href":"https:\/\/para-orchidee.com\/index.php?rest_route=%2Fwp%2Fv2%2Fproduct_tag&post=1594"}],"curies":[{"name":"wp","href":"https:\/\/api.w.org\/{rel}","templated":true}]}}