{"id":1597,"date":"2024-12-17T23:21:34","date_gmt":"2024-12-17T23:21:34","guid":{"rendered":"https:\/\/xn--Para-orchide-leb.com\/?product=avene-physiolift-precision-soin-combleur-15-ml"},"modified":"2024-12-20T23:25:11","modified_gmt":"2024-12-20T23:25:11","slug":"avene-physiolift-precision-soin-combleur-15-ml","status":"publish","type":"product","link":"https:\/\/para-orchidee.com\/?product=avene-physiolift-precision-soin-combleur-15-ml&lang=fr","title":{"rendered":"AVENE PHYSIOLIFT pr\u00e9cision soin combleur &#8211; 15 ml"},"content":{"rendered":"<p>D\u00e9livr\u00e9 \u00e0 la juste dose, gr\u00e2ce \u00e0 son applicateur haute-pr\u00e9cision, <strong>PhysioLift PRECISION<\/strong> offre une correction sur-mesure, au plus pr\u00e8s de la ride.<\/p>\n<p>Technique et surprenante, sa texture \u00ab mousse expansive \u00bb \u00e9pouse parfaitement le creux des rides et des sillons les plus marqu\u00e9s pour y lib\u00e9rer ses actifs, tout au long de la nuit.<\/p>\n<p>Sa bonne tol\u00e9rance a \u00e9t\u00e9 test\u00e9e sur peaux sensibles.<\/p>\n","protected":false},"excerpt":{"rendered":"<p><strong>Lutte contre les sillons profonds et les rides marqu\u00e9es<\/strong> (front, pattes d&rsquo;oie, rides intersourcill\u00e8res, sillons nasog\u00e9niens, contour de la bouche)<\/p>\n<p>Adapt\u00e9 \u00e0 tous les types de peau. Sa <strong>tol\u00e9rance a \u00e9t\u00e9 test\u00e9e sur peaux sensibles<\/strong>.<\/p>\n","protected":false},"featured_media":1480,"comment_status":"open","ping_status":"closed","template":"","meta":{"om_disable_all_campaigns":false,"_monsterinsights_skip_tracking":false,"_monsterinsights_sitenote_active":false,"_monsterinsights_sitenote_note":"","_monsterinsights_sitenote_category":0},"product_brand":[],"product_cat":[180,16,22,18],"product_tag":[],"class_list":{"0":"post-1597","1":"product","2":"type-product","3":"status-publish","4":"has-post-thumbnail","6":"product_cat-avene","7":"product_cat-boutique","8":"product_cat-soin-de-peau","9":"product_cat-visage","10":"thunk-woo-product-list","11":"opn-qv-enable","12":"big-store-woo-hover-zoom","13":"open-single-product-tab-horizontal","14":"open-shadow-","15":"open-shadow-hover-","17":"first","18":"instock","19":"sale","20":"taxable","21":"shipping-taxable","22":"purchasable","23":"product-type-simple"},"aioseo_notices":[],"_links":{"self":[{"href":"https:\/\/para-orchidee.com\/index.php?rest_route=\/wp\/v2\/product\/1597","targetHints":{"allow":["GET"]}}],"collection":[{"href":"https:\/\/para-orchidee.com\/index.php?rest_route=\/wp\/v2\/product"}],"about":[{"href":"https:\/\/para-orchidee.com\/index.php?rest_route=\/wp\/v2\/types\/product"}],"replies":[{"embeddable":true,"href":"https:\/\/para-orchidee.com\/index.php?rest_route=%2Fwp%2Fv2%2Fcomments&post=1597"}],"wp:featuredmedia":[{"embeddable":true,"href":"https:\/\/para-orchidee.com\/index.php?rest_route=\/wp\/v2\/media\/1480"}],"wp:attachment":[{"href":"https:\/\/para-orchidee.com\/index.php?rest_route=%2Fwp%2Fv2%2Fmedia&parent=1597"}],"wp:term":[{"taxonomy":"product_brand","embeddable":true,"href":"https:\/\/para-orchidee.com\/index.php?rest_route=%2Fwp%2Fv2%2Fproduct_brand&post=1597"},{"taxonomy":"product_cat","embeddable":true,"href":"https:\/\/para-orchidee.com\/index.php?rest_route=%2Fwp%2Fv2%2Fproduct_cat&post=1597"},{"taxonomy":"product_tag","embeddable":true,"href":"https:\/\/para-orchidee.com\/index.php?rest_route=%2Fwp%2Fv2%2Fproduct_tag&post=1597"}],"curies":[{"name":"wp","href":"https:\/\/api.w.org\/{rel}","templated":true}]}}