{"id":1598,"date":"2024-12-17T23:21:34","date_gmt":"2024-12-17T23:21:34","guid":{"rendered":"https:\/\/xn--Para-orchide-leb.com\/?product=avene-physiolift-yeux-15-ml"},"modified":"2024-12-21T23:17:10","modified_gmt":"2024-12-21T23:17:10","slug":"avene-physiolift-yeux-15-ml","status":"publish","type":"product","link":"https:\/\/para-orchidee.com\/?product=avene-physiolift-yeux-15-ml&lang=fr","title":{"rendered":"AVENE PHYSIOLIFT yeux &#8211; 15 ml"},"content":{"rendered":"<p><strong>Physiolift yeux Av\u00e8ne<\/strong> est un soin anti-\u00e2ge yeux adapt\u00e9 \u00e0 la zone fragile du contour de l\u2019oeil.<\/p>\n<p>Il r\u00e9duit les rides marqu\u00e9es et estompe les poches et les cernes gr\u00e2ce \u00e0 l\u2019effet d\u00e9congestionnant du sulfate de dextan.<\/p>\n<p>La texture du physiolift yeux Avene cr\u00e9e un effet patch qui diffuse les actifs toute la nuit.<\/p>\n<p>Il permet une action cibl\u00e9e, pour offrir une peau lisse au r\u00e9veil. Le matin, le regard est lumineux et parait plus jeune.<\/p>\n<p>Il s\u2019agit d\u2019un soin haute tol\u00e9rance destin\u00e9 \u00e0 tous les types de peaux, m\u00eame sensibles.<\/p>\n","protected":false},"excerpt":{"rendered":"<p><strong>Physiolift<\/strong> est un soin anti-\u00e2ge d\u2019Av\u00e8ne pour le<strong> contour des yeux<\/strong> qui lisse les rides et contribue \u00e0 effacer les poches sous les yeux.<\/p>\n<p>Hypoallerg\u00e9nique et non com\u00e9dog\u00e8ne, il convient aux \u00e9pidermes sensibles.<\/p>\n","protected":false},"featured_media":1479,"comment_status":"open","ping_status":"closed","template":"","meta":{"om_disable_all_campaigns":false,"_monsterinsights_skip_tracking":false,"_monsterinsights_sitenote_active":false,"_monsterinsights_sitenote_note":"","_monsterinsights_sitenote_category":0},"product_brand":[],"product_cat":[180,16,18],"product_tag":[],"class_list":{"0":"post-1598","1":"product","2":"type-product","3":"status-publish","4":"has-post-thumbnail","6":"product_cat-avene","7":"product_cat-boutique","8":"product_cat-visage","9":"thunk-woo-product-list","10":"opn-qv-enable","11":"big-store-woo-hover-zoom","12":"open-single-product-tab-horizontal","13":"open-shadow-","14":"open-shadow-hover-","16":"first","17":"instock","18":"sale","19":"taxable","20":"shipping-taxable","21":"purchasable","22":"product-type-simple"},"aioseo_notices":[],"_links":{"self":[{"href":"https:\/\/para-orchidee.com\/index.php?rest_route=\/wp\/v2\/product\/1598","targetHints":{"allow":["GET"]}}],"collection":[{"href":"https:\/\/para-orchidee.com\/index.php?rest_route=\/wp\/v2\/product"}],"about":[{"href":"https:\/\/para-orchidee.com\/index.php?rest_route=\/wp\/v2\/types\/product"}],"replies":[{"embeddable":true,"href":"https:\/\/para-orchidee.com\/index.php?rest_route=%2Fwp%2Fv2%2Fcomments&post=1598"}],"wp:featuredmedia":[{"embeddable":true,"href":"https:\/\/para-orchidee.com\/index.php?rest_route=\/wp\/v2\/media\/1479"}],"wp:attachment":[{"href":"https:\/\/para-orchidee.com\/index.php?rest_route=%2Fwp%2Fv2%2Fmedia&parent=1598"}],"wp:term":[{"taxonomy":"product_brand","embeddable":true,"href":"https:\/\/para-orchidee.com\/index.php?rest_route=%2Fwp%2Fv2%2Fproduct_brand&post=1598"},{"taxonomy":"product_cat","embeddable":true,"href":"https:\/\/para-orchidee.com\/index.php?rest_route=%2Fwp%2Fv2%2Fproduct_cat&post=1598"},{"taxonomy":"product_tag","embeddable":true,"href":"https:\/\/para-orchidee.com\/index.php?rest_route=%2Fwp%2Fv2%2Fproduct_tag&post=1598"}],"curies":[{"name":"wp","href":"https:\/\/api.w.org\/{rel}","templated":true}]}}