{"id":1599,"date":"2024-12-17T23:20:20","date_gmt":"2024-12-17T23:20:20","guid":{"rendered":"https:\/\/xn--Para-orchide-leb.com\/?product=hyaluron-activ-b3-15-ml"},"modified":"2024-12-17T23:20:20","modified_gmt":"2024-12-17T23:20:20","slug":"hyaluron-activ-b3-15-ml","status":"publish","type":"product","link":"https:\/\/para-orchidee.com\/?product=hyaluron-activ-b3-15-ml&lang=fr","title":{"rendered":"Hyaluron Activ B3 &#8211; 15 ml"},"content":{"rendered":"<p>Avec l&rsquo;\u00e2ge tout s&rsquo;acc\u00e9l\u00e8re. Les cellules vieillissantes se propagent et la peau fonctionne au ralenti. Les laboratoires dermatologiques Av\u00e8ne cr\u00e9ent le soin regard Hyaluron Activ B3 contenant du sulfate de dextran, de l&rsquo;acide hyaluronique pur (haut poids mol\u00e9culaire et taille interm\u00e9diaire) et du niacinamide (6%) pour agir sur la cause du vieillissement et prolonger la vie des cellules*. Le soin regard triple correction Hyaluron Activ B3 est un soin \u00e9co-con\u00e7u contenant 93% d&rsquo;ingr\u00e9dients d&rsquo;origine naturelle, sans ingr\u00e9dients d\u2019origine animale. Sa texture gel-cr\u00e8me apporte un effet frais imm\u00e9diat. Le contour de l&rsquo;\u0153il est plus ferme. Les rides, poches, cernes sont combl\u00e9es. Sans parfum, ce soin convient au contour des yeux m\u00eames sensibles ainsi qu&rsquo;au contour des l\u00e8vres. Il s&rsquo;agit \u00e9galement une bonne base de maquillage.<\/p>\n<p>B\u00e9n\u00e9fices<br \/>\n\u2022 CORRIGE rides et ridules.<br \/>\n\u2022 DECONGESTIONNE le contour de l\u2019\u0153il.<br \/>\n\u2022 RAVIVE l\u2019\u00e9clat du regard.<\/p>\n<p>Fr\u00e9quence d\u2019usage<br \/>\n1 \u00e0 2 fois par jour<br \/>\nAppliquer le matin et\/ou le soir, seul ou apr\u00e8s votre s\u00e9rum. Convient au contour des l\u00e8vres.<\/p>\n","protected":false},"excerpt":{"rendered":"<p>Soin regard triple correction contenant du sulfate de dextran, de l&rsquo;acide hyaluronique pur et du niacinamide pour agir sur la cause du vieillissement*. Le contour de l&rsquo;\u0153il est plus ferme. Les rides, poches, cernes sont combl\u00e9es.<\/p>\n<p>Agit sur la cause du vieillissement*.<br \/>\nLissant<br \/>\nRaffermissant<br \/>\nR\u00e9g\u00e9n\u00e9rant<br \/>\n93% d&rsquo;ingr\u00e9dients d&rsquo;origine naturelle<\/p>\n","protected":false},"featured_media":1458,"comment_status":"open","ping_status":"closed","template":"","meta":{"om_disable_all_campaigns":false,"_monsterinsights_skip_tracking":false,"_monsterinsights_sitenote_active":false,"_monsterinsights_sitenote_note":"","_monsterinsights_sitenote_category":0},"product_brand":[],"product_cat":[180,16,22,18],"product_tag":[],"class_list":{"0":"post-1599","1":"product","2":"type-product","3":"status-publish","4":"has-post-thumbnail","6":"product_cat-avene","7":"product_cat-boutique","8":"product_cat-soin-de-peau","9":"product_cat-visage","10":"thunk-woo-product-list","11":"opn-qv-enable","12":"big-store-woo-hover-zoom","13":"open-single-product-tab-horizontal","14":"open-shadow-","15":"open-shadow-hover-","17":"first","18":"instock","19":"sale","20":"taxable","21":"shipping-taxable","22":"purchasable","23":"product-type-simple"},"aioseo_notices":[],"_links":{"self":[{"href":"https:\/\/para-orchidee.com\/index.php?rest_route=\/wp\/v2\/product\/1599","targetHints":{"allow":["GET"]}}],"collection":[{"href":"https:\/\/para-orchidee.com\/index.php?rest_route=\/wp\/v2\/product"}],"about":[{"href":"https:\/\/para-orchidee.com\/index.php?rest_route=\/wp\/v2\/types\/product"}],"replies":[{"embeddable":true,"href":"https:\/\/para-orchidee.com\/index.php?rest_route=%2Fwp%2Fv2%2Fcomments&post=1599"}],"wp:featuredmedia":[{"embeddable":true,"href":"https:\/\/para-orchidee.com\/index.php?rest_route=\/wp\/v2\/media\/1458"}],"wp:attachment":[{"href":"https:\/\/para-orchidee.com\/index.php?rest_route=%2Fwp%2Fv2%2Fmedia&parent=1599"}],"wp:term":[{"taxonomy":"product_brand","embeddable":true,"href":"https:\/\/para-orchidee.com\/index.php?rest_route=%2Fwp%2Fv2%2Fproduct_brand&post=1599"},{"taxonomy":"product_cat","embeddable":true,"href":"https:\/\/para-orchidee.com\/index.php?rest_route=%2Fwp%2Fv2%2Fproduct_cat&post=1599"},{"taxonomy":"product_tag","embeddable":true,"href":"https:\/\/para-orchidee.com\/index.php?rest_route=%2Fwp%2Fv2%2Fproduct_tag&post=1599"}],"curies":[{"name":"wp","href":"https:\/\/api.w.org\/{rel}","templated":true}]}}