{"id":1606,"date":"2024-12-17T23:20:20","date_gmt":"2024-12-17T23:20:20","guid":{"rendered":"https:\/\/xn--Para-orchide-leb.com\/?product=avene-creme-solaire-minerale-spf-50-50-ml"},"modified":"2024-12-29T13:14:53","modified_gmt":"2024-12-29T13:14:53","slug":"avene-creme-solaire-minerale-spf-50-50-ml","status":"publish","type":"product","link":"https:\/\/para-orchidee.com\/?product=avene-creme-solaire-minerale-spf-50-50-ml&lang=fr","title":{"rendered":"Cr\u00e8me Solaire Min\u00e9rale SPF50+ &#8211; 50 ml"},"content":{"rendered":"<p><strong>La Cr\u00e8me min\u00e9rale SPF 50+<\/strong> offre une tr\u00e8s haute protection solaire aux peaux intol\u00e9rantes aux filtres chimiques et aux parfums, ainsi qu&rsquo;aux peaux fragiles des adultes et des enfants.<\/p>\n<p>Appliqu\u00e9e sur le visage, sa formule \u00e0 la texture riche et onctueuse hydrate et prot\u00e8ge la peau. La Cr\u00e8me min\u00e9rale SPF 50+ est compos\u00e9e :<\/p>\n<ul>\n<li>D&rsquo;un filtre min\u00e9ral pour une tr\u00e8s large protection UVB-UVA stable assurant une tol\u00e9rance cutan\u00e9e optimale.<\/li>\n<li>De la Provitamine E (Pr\u00e9-tocoph\u00e9ryl), puissant antioxydant, pour une protection des cellules des radicaux libres.<\/li>\n<li>D&rsquo;Eau thermale d&rsquo;Av\u00e8ne, reconnue pour ses propri\u00e9t\u00e9s apaisantes, anti-irritantes et adoucissantes.Pour toute la famille (adultes &amp; enfants).<\/li>\n<\/ul>\n<h3 class=\"u-h6 u-margin-top--10 u-text-color--accent\">Avantage<\/h3>\n<p class=\"u-body-m-caption\">Une cr\u00e8me visage 100% min\u00e9rale \u00e0 la texture riche et onctueuse, pour les peaux fragiles des adultes et des enfants.<\/p>\n<h3 class=\"u-h6 u-margin-top--10 u-text-color--accent\">B\u00e9n\u00e9fices<\/h3>\n<p class=\"u-body-m-caption\">\u2022 PHOTOPROTECTRICE : un syst\u00e8me filtrant UVB-UVA photostable qui lutte contre les effets nocifs du rayonnement solaire.<br \/>\n\u2022 100% MIN\u00c9RALE<br \/>\n\u2022 ANTIOXYDANTE : la Provitamine E (Pr\u00e9-tocoph\u00e9ryl) contribue \u00e0 assurer une protection des cellules contre les radicaux libres.<br \/>\n\u2022 SANS PARFUM : pour un plus grand respect des peaux sensibles ou intol\u00e9rantes.<br \/>\n\u2022 TR\u00c8S R\u00c9SISTANTE \u00c0 L&rsquo;EAU<br \/>\n\u2022 HYDRATANT<\/p>\n<h3 class=\"u-body-m-regular u-text-color--accent u-margin-bottom--2\">Conseil d&rsquo;utilisation<\/h3>\n<p class=\"u-body-m-caption\">Avant l&rsquo;exposition au soleil, appliquez un doigt* de produit sur le visage et le cou d&rsquo;un adulte ou d&rsquo;un enfant .<\/p>\n<p class=\"u-body-m-caption\">Renouvelez fr\u00e9quemment l&rsquo;application pour maintenir la protection, surtout apr\u00e8s avoir transpir\u00e9, nag\u00e9 ou vous \u00eatre essuy\u00e9.<\/p>\n<p class=\"u-body-m-caption\">*En r\u00e9duisant cette quantit\u00e9, vous diminuez nettement le niveau de protection.<\/p>\n","protected":false},"excerpt":{"rendered":"<p>Une tr\u00e8s haute protection solaire visage des peaux intol\u00e9rantes aux filtres chimiques et aux parfums des adultes et des enfants.<\/p>\n","protected":false},"featured_media":1421,"comment_status":"open","ping_status":"closed","template":"","meta":{"om_disable_all_campaigns":false,"_monsterinsights_skip_tracking":false,"_monsterinsights_sitenote_active":false,"_monsterinsights_sitenote_note":"","_monsterinsights_sitenote_category":0},"product_brand":[],"product_cat":[180,20,16,19,181,18],"product_tag":[],"class_list":{"0":"post-1606","1":"product","2":"type-product","3":"status-publish","4":"has-post-thumbnail","6":"product_cat-avene","7":"product_cat-bebe","8":"product_cat-boutique","9":"product_cat-corps","10":"product_cat-protection-solaire","11":"product_cat-visage","12":"thunk-woo-product-list","13":"opn-qv-enable","14":"big-store-woo-hover-zoom","15":"open-single-product-tab-horizontal","16":"open-shadow-","17":"open-shadow-hover-","19":"first","20":"instock","21":"sale","22":"taxable","23":"shipping-taxable","24":"purchasable","25":"product-type-simple"},"aioseo_notices":[],"_links":{"self":[{"href":"https:\/\/para-orchidee.com\/index.php?rest_route=\/wp\/v2\/product\/1606","targetHints":{"allow":["GET"]}}],"collection":[{"href":"https:\/\/para-orchidee.com\/index.php?rest_route=\/wp\/v2\/product"}],"about":[{"href":"https:\/\/para-orchidee.com\/index.php?rest_route=\/wp\/v2\/types\/product"}],"replies":[{"embeddable":true,"href":"https:\/\/para-orchidee.com\/index.php?rest_route=%2Fwp%2Fv2%2Fcomments&post=1606"}],"wp:featuredmedia":[{"embeddable":true,"href":"https:\/\/para-orchidee.com\/index.php?rest_route=\/wp\/v2\/media\/1421"}],"wp:attachment":[{"href":"https:\/\/para-orchidee.com\/index.php?rest_route=%2Fwp%2Fv2%2Fmedia&parent=1606"}],"wp:term":[{"taxonomy":"product_brand","embeddable":true,"href":"https:\/\/para-orchidee.com\/index.php?rest_route=%2Fwp%2Fv2%2Fproduct_brand&post=1606"},{"taxonomy":"product_cat","embeddable":true,"href":"https:\/\/para-orchidee.com\/index.php?rest_route=%2Fwp%2Fv2%2Fproduct_cat&post=1606"},{"taxonomy":"product_tag","embeddable":true,"href":"https:\/\/para-orchidee.com\/index.php?rest_route=%2Fwp%2Fv2%2Fproduct_tag&post=1606"}],"curies":[{"name":"wp","href":"https:\/\/api.w.org\/{rel}","templated":true}]}}