{"id":1611,"date":"2024-12-17T23:20:20","date_gmt":"2024-12-17T23:20:20","guid":{"rendered":"https:\/\/xn--Para-orchide-leb.com\/?product=avene-sunsimed-fluide-tres-haute-protection-80-ml"},"modified":"2024-12-29T13:03:29","modified_gmt":"2024-12-29T13:03:29","slug":"avene-sunsimed-fluide-tres-haute-protection-80-ml","status":"publish","type":"product","link":"https:\/\/para-orchidee.com\/?product=avene-sunsimed-fluide-tres-haute-protection-80-ml&lang=fr","title":{"rendered":"SUNSIMED TR\u00c8S HAUTE PROTECTION &#8211; 80 ml"},"content":{"rendered":"<p><strong>SunsiMed Dispositif M\u00e9dical<\/strong>, une tr\u00e8s haute protection solaire con\u00e7ue comme une r\u00e9ponse compl\u00e8te adapt\u00e9e aux peaux \u00e0 risque face \u00e0 l\u2019exposition solaire.<\/p>\n<p>Gr\u00e2ce \u00e0 son complexe protecteur exclusif issu de la Recherche Pierre Fabre, SunsiMed, Dispositif M\u00e9dical de classe I, prot\u00e8ge la peau au quotidien face au rayonnement solaire.<\/p>\n<p><strong>B\u00e9n\u00e9fices<\/strong> :<br \/>\n\u2013 Photoprotecteur : des filtres UVB-UVA photostables qui luttent contre les effets nocifs du rayonnement solaire.<br \/>\n\u2013 Pr\u00e9vention des k\u00e9ratoses actiniques et des cancers cutan\u00e9s (hors m\u00e9lanomes).<\/p>\n<p><strong>Conseils d\u2019utilisation :<\/strong><br \/>\nAussi souvent que n\u00e9cessaire. Appliquez chaque matin sur le visage et les zones du corps expos\u00e9es au soleil. Renouvelez l\u2019application en cas d\u2019exposition prolong\u00e9e, de forte transpiration ou de contact avec l\u2019eau.<\/p>\n","protected":false},"excerpt":{"rendered":"<p>Une tr\u00e8s haute protection solaire adapt\u00e9e aux peaux \u00e0 risque.<\/p>\n<div class=\"c-product__key-feature\">\n<div class=\"c-product__key-feature-title\"><strong>Utilisable par :<\/strong> Adultes &#8211; Personnes sous traitement anti-canc\u00e9reux ou post traitement<\/div>\n<\/div>\n","protected":false},"featured_media":1478,"comment_status":"open","ping_status":"closed","template":"","meta":{"om_disable_all_campaigns":false,"_monsterinsights_skip_tracking":false,"_monsterinsights_sitenote_active":false,"_monsterinsights_sitenote_note":"","_monsterinsights_sitenote_category":0},"product_brand":[],"product_cat":[180,16,19,181,22,18],"product_tag":[],"class_list":{"0":"post-1611","1":"product","2":"type-product","3":"status-publish","4":"has-post-thumbnail","6":"product_cat-avene","7":"product_cat-boutique","8":"product_cat-corps","9":"product_cat-protection-solaire","10":"product_cat-soin-de-peau","11":"product_cat-visage","12":"thunk-woo-product-list","13":"opn-qv-enable","14":"big-store-woo-hover-zoom","15":"open-single-product-tab-horizontal","16":"open-shadow-","17":"open-shadow-hover-","19":"first","20":"instock","21":"sale","22":"taxable","23":"shipping-taxable","24":"purchasable","25":"product-type-simple"},"aioseo_notices":[],"_links":{"self":[{"href":"https:\/\/para-orchidee.com\/index.php?rest_route=\/wp\/v2\/product\/1611","targetHints":{"allow":["GET"]}}],"collection":[{"href":"https:\/\/para-orchidee.com\/index.php?rest_route=\/wp\/v2\/product"}],"about":[{"href":"https:\/\/para-orchidee.com\/index.php?rest_route=\/wp\/v2\/types\/product"}],"replies":[{"embeddable":true,"href":"https:\/\/para-orchidee.com\/index.php?rest_route=%2Fwp%2Fv2%2Fcomments&post=1611"}],"wp:featuredmedia":[{"embeddable":true,"href":"https:\/\/para-orchidee.com\/index.php?rest_route=\/wp\/v2\/media\/1478"}],"wp:attachment":[{"href":"https:\/\/para-orchidee.com\/index.php?rest_route=%2Fwp%2Fv2%2Fmedia&parent=1611"}],"wp:term":[{"taxonomy":"product_brand","embeddable":true,"href":"https:\/\/para-orchidee.com\/index.php?rest_route=%2Fwp%2Fv2%2Fproduct_brand&post=1611"},{"taxonomy":"product_cat","embeddable":true,"href":"https:\/\/para-orchidee.com\/index.php?rest_route=%2Fwp%2Fv2%2Fproduct_cat&post=1611"},{"taxonomy":"product_tag","embeddable":true,"href":"https:\/\/para-orchidee.com\/index.php?rest_route=%2Fwp%2Fv2%2Fproduct_tag&post=1611"}],"curies":[{"name":"wp","href":"https:\/\/api.w.org\/{rel}","templated":true}]}}