{"id":1614,"date":"2024-12-17T23:20:20","date_gmt":"2024-12-17T23:20:20","guid":{"rendered":"https:\/\/xn--Para-orchide-leb.com\/?product=avene-solaire-spray-spf50-peaux-sensibles-200ml"},"modified":"2024-12-23T23:51:21","modified_gmt":"2024-12-23T23:51:21","slug":"avene-solaire-spray-spf50-peaux-sensibles-200ml","status":"publish","type":"product","link":"https:\/\/para-orchidee.com\/?product=avene-solaire-spray-spf50-peaux-sensibles-200ml&lang=fr","title":{"rendered":"SOLAR SPRAY SPF50+ &#8211; 200ML"},"content":{"rendered":"<p><strong>Le Spray Solaire SPF 50+<\/strong> d\u2019Av\u00e8ne est un excellent choix pour offrir une tr\u00e8s haute protection solaire aux peaux sensibles expos\u00e9es \u00e0 un ensoleillement intense.<\/p>\n<p>Sa formule est sp\u00e9cialement adapt\u00e9e pour une utilisation sur le visage et le corps, et sa texture hydra-protectrice procure une sensation de confort imm\u00e9diate et durable.<\/p>\n<p>Il offre un effet anti-dess\u00e8chement et une hydratation qui dure jusqu\u2019\u00e0 six heures.<\/p>\n<p>Le syst\u00e8me OPEN \/ STOP du flacon offre une praticit\u00e9 et un respect de l\u2019environnement appr\u00e9ciables : en tournant, l\u2019embout appara\u00eet pour faciliter l\u2019application et en tournant \u00e0 nouveau, l\u2019embout dispara\u00eet pour une fermeture s\u00e9curis\u00e9e.<\/p>\n<p>Les b\u00e9n\u00e9fices du <strong>Spray Solaire SPF 50+<\/strong> sont multiples :<\/p>\n<ul>\n<li>Il agit comme un v\u00e9ritable photoprotecteur gr\u00e2ce \u00e0 ses filtres UVB-UVA photostables, luttant ainsi contre les effets nocifs du rayonnement solaire.<\/li>\n<li>Son action antioxydante aide \u00e0 pr\u00e9server les cellules de la peau des dommages caus\u00e9s par les radicaux libres.<\/li>\n<li>De plus, il est r\u00e9sistant \u00e0 l\u2019eau (waterproof), ce qui signifie qu\u2019il prot\u00e8ge efficacement la peau m\u00eame lors de la baignade.<\/li>\n<\/ul>\n<p>En outre, sa formule hydratante prend soin des couches sup\u00e9rieures de la peau, \u00e9vitant ainsi le dess\u00e8chement cutan\u00e9.<\/p>\n<p>Un avantage appr\u00e9ciable est que ce spray solaire ne laisse pas d\u2019effet blanc sur la peau, offrant ainsi une protection invisible tout en laissant un teint naturel.<\/p>\n<p><strong>Le Spray Solaire SPF 50+<\/strong> d\u2019Av\u00e8ne est test\u00e9 dermatologiquement, garantissant une tol\u00e9rance optimale pour les peaux sensibles. Il est propos\u00e9 en flacon-spray de 200 ml, offrant une quantit\u00e9 g\u00e9n\u00e9reuse de produit pour une protection solaire compl\u00e8te et durable.<\/p>\n<p>Profitez du soleil en toute s\u00e9r\u00e9nit\u00e9 avec ce spray solaire haute protection et hydratant, sp\u00e9cialement con\u00e7u pour prendre soin des peaux les plus sensibles.<\/p>\n","protected":false},"excerpt":{"rendered":"<p>PHOTOPROTECTEUR, \u00a0ANTIOXYDANT, R\u00c9SISTANT \u00c0 L\u2019EAU, HYDRATANT, SANS EFFET BLANC.<\/p>\n<p>Une tr\u00e8s large protection contre les rayons UVB-UVA<\/p>\n","protected":false},"featured_media":1493,"comment_status":"open","ping_status":"closed","template":"","meta":{"om_disable_all_campaigns":false,"_monsterinsights_skip_tracking":false,"_monsterinsights_sitenote_active":false,"_monsterinsights_sitenote_note":"","_monsterinsights_sitenote_category":0},"product_brand":[],"product_cat":[180,16,181,18],"product_tag":[],"class_list":{"0":"post-1614","1":"product","2":"type-product","3":"status-publish","4":"has-post-thumbnail","6":"product_cat-avene","7":"product_cat-boutique","8":"product_cat-protection-solaire","9":"product_cat-visage","10":"thunk-woo-product-list","11":"opn-qv-enable","12":"big-store-woo-hover-zoom","13":"open-single-product-tab-horizontal","14":"open-shadow-","15":"open-shadow-hover-","17":"first","18":"instock","19":"sale","20":"taxable","21":"shipping-taxable","22":"purchasable","23":"product-type-simple"},"aioseo_notices":[],"_links":{"self":[{"href":"https:\/\/para-orchidee.com\/index.php?rest_route=\/wp\/v2\/product\/1614","targetHints":{"allow":["GET"]}}],"collection":[{"href":"https:\/\/para-orchidee.com\/index.php?rest_route=\/wp\/v2\/product"}],"about":[{"href":"https:\/\/para-orchidee.com\/index.php?rest_route=\/wp\/v2\/types\/product"}],"replies":[{"embeddable":true,"href":"https:\/\/para-orchidee.com\/index.php?rest_route=%2Fwp%2Fv2%2Fcomments&post=1614"}],"wp:featuredmedia":[{"embeddable":true,"href":"https:\/\/para-orchidee.com\/index.php?rest_route=\/wp\/v2\/media\/1493"}],"wp:attachment":[{"href":"https:\/\/para-orchidee.com\/index.php?rest_route=%2Fwp%2Fv2%2Fmedia&parent=1614"}],"wp:term":[{"taxonomy":"product_brand","embeddable":true,"href":"https:\/\/para-orchidee.com\/index.php?rest_route=%2Fwp%2Fv2%2Fproduct_brand&post=1614"},{"taxonomy":"product_cat","embeddable":true,"href":"https:\/\/para-orchidee.com\/index.php?rest_route=%2Fwp%2Fv2%2Fproduct_cat&post=1614"},{"taxonomy":"product_tag","embeddable":true,"href":"https:\/\/para-orchidee.com\/index.php?rest_route=%2Fwp%2Fv2%2Fproduct_tag&post=1614"}],"curies":[{"name":"wp","href":"https:\/\/api.w.org\/{rel}","templated":true}]}}