{"id":1615,"date":"2024-12-17T23:20:19","date_gmt":"2024-12-17T23:20:19","guid":{"rendered":"https:\/\/xn--Para-orchide-leb.com\/?product=tolerance-control-creme-apaisante-restauratrice-40-ml"},"modified":"2024-12-29T12:47:30","modified_gmt":"2024-12-29T12:47:30","slug":"tolerance-control-creme-apaisante-restauratrice-40-ml","status":"publish","type":"product","link":"https:\/\/para-orchidee.com\/?product=tolerance-control-creme-apaisante-restauratrice-40-ml&lang=fr","title":{"rendered":"Tol\u00e9rance CONTROL &#8211; 40 ml"},"content":{"rendered":"<hr \/>\n<p>Tol\u00e9rance Control cr\u00e8me apaisante pour <strong>peaux hypersensibles, r\u00e9actives, intol\u00e9rantes ou allergiques<\/strong> calme la peau en 30 secondes*.<\/p>\n<p>Gr\u00e2ce au <strong>D-Sensinose\u2122<\/strong> ultra-calmant, nouvel actif postbiotique brevet\u00e9**, ce soin soulage les sensations d&rsquo;\u00e9chauffement, de tiraillements, picotements, d&rsquo;inconfort.<\/p>\n<p>La peau est intens\u00e9ment hydrat\u00e9e, et sa barri\u00e8re cutan\u00e9e est restaur\u00e9e en seulement 48 heures***. Ce soin apporte un confort imm\u00e9diat et durable, r\u00e9pondant parfaitement aux besoins des peaux sensibles et fragilis\u00e9es.<\/p>\n<p>Formul\u00e9 sans parfum ni conservateur, ce produit b\u00e9n\u00e9ficie de la technologie innovante du <strong>tube Cosm\u00e9tique St\u00e9rile\u00ae<\/strong>, qui prot\u00e8ge la formule de l&rsquo;air ext\u00e9rieur et des bact\u00e9ries, garantissant une s\u00e9curit\u00e9 et une efficacit\u00e9 optimales.<\/p>\n<p><strong>Avantage<\/strong><br \/>\nCr\u00e8me apaisante pour les peaux hypersensibles, r\u00e9actives, intol\u00e9rantes ou allergiques. Gr\u00e2ce \u00e0 sa triple innovation actif, formule et packaging, ce soin calme la peau en 30 secondes*, restaure sa barri\u00e8re en 48h*** et diminue durablement l&rsquo;hyper-r\u00e9activit\u00e9 cutan\u00e9e. Haute tol\u00e9rance.<\/p>\n<p><strong>B\u00e9n\u00e9fices<\/strong><br \/>\n\u2022 CALME la peau en 30 secondes* gr\u00e2ce au D-Sensinose\u2122 ultra-calmant.<br \/>\n\u2022 HYDRATE 24h**** et RESTAURE la barri\u00e8re cutan\u00e9e en 48h*** gr\u00e2ce \u00e0 sa composition 100% biomim\u00e9tique de la peau.<br \/>\n\u2022 CONTR\u00d4LE durablement l&rsquo;hyper-r\u00e9activit\u00e9 cutan\u00e9e.<\/p>\n<p>*Satisfaction des utilisateurs, 25 sujets, 3 mois, 2 applications par jour.<\/p>\n<h5><strong>**Brevet d\u00e9pos\u00e9.<\/strong><br \/>\n<strong>***Test ex-vivo sur \u00e9pidermes cultiv\u00e9s en condition hydrique r\u00e9duite.<\/strong><br \/>\n<strong>****Cin\u00e9tique IH, 26 sujets<\/strong><\/h5>\n","protected":false},"excerpt":{"rendered":"<p><strong>Tol\u00e9rance CONTROL Cr\u00e8me Apaisante Restauratrice :<\/strong><\/p>\n<p><span style=\"color: #333399;\">Hydrate &#8211; Renforce la barri\u00e8re cutan\u00e9e &#8211; Calme<\/span><br \/>\nSans conservateur.<br \/>\n<strong>\u00c2ge<\/strong><br \/>\n\u00c0 partir de 2 an(s)<\/p>\n","protected":false},"featured_media":1477,"comment_status":"open","ping_status":"closed","template":"","meta":{"om_disable_all_campaigns":false,"_monsterinsights_skip_tracking":false,"_monsterinsights_sitenote_active":false,"_monsterinsights_sitenote_note":"","_monsterinsights_sitenote_category":0},"product_brand":[],"product_cat":[180,16,22,18],"product_tag":[],"class_list":{"0":"post-1615","1":"product","2":"type-product","3":"status-publish","4":"has-post-thumbnail","6":"product_cat-avene","7":"product_cat-boutique","8":"product_cat-soin-de-peau","9":"product_cat-visage","10":"thunk-woo-product-list","11":"opn-qv-enable","12":"big-store-woo-hover-zoom","13":"open-single-product-tab-horizontal","14":"open-shadow-","15":"open-shadow-hover-","17":"first","18":"instock","19":"sale","20":"taxable","21":"shipping-taxable","22":"purchasable","23":"product-type-simple"},"aioseo_notices":[],"_links":{"self":[{"href":"https:\/\/para-orchidee.com\/index.php?rest_route=\/wp\/v2\/product\/1615","targetHints":{"allow":["GET"]}}],"collection":[{"href":"https:\/\/para-orchidee.com\/index.php?rest_route=\/wp\/v2\/product"}],"about":[{"href":"https:\/\/para-orchidee.com\/index.php?rest_route=\/wp\/v2\/types\/product"}],"replies":[{"embeddable":true,"href":"https:\/\/para-orchidee.com\/index.php?rest_route=%2Fwp%2Fv2%2Fcomments&post=1615"}],"wp:featuredmedia":[{"embeddable":true,"href":"https:\/\/para-orchidee.com\/index.php?rest_route=\/wp\/v2\/media\/1477"}],"wp:attachment":[{"href":"https:\/\/para-orchidee.com\/index.php?rest_route=%2Fwp%2Fv2%2Fmedia&parent=1615"}],"wp:term":[{"taxonomy":"product_brand","embeddable":true,"href":"https:\/\/para-orchidee.com\/index.php?rest_route=%2Fwp%2Fv2%2Fproduct_brand&post=1615"},{"taxonomy":"product_cat","embeddable":true,"href":"https:\/\/para-orchidee.com\/index.php?rest_route=%2Fwp%2Fv2%2Fproduct_cat&post=1615"},{"taxonomy":"product_tag","embeddable":true,"href":"https:\/\/para-orchidee.com\/index.php?rest_route=%2Fwp%2Fv2%2Fproduct_tag&post=1615"}],"curies":[{"name":"wp","href":"https:\/\/api.w.org\/{rel}","templated":true}]}}