{"id":1616,"date":"2024-12-17T23:20:19","date_gmt":"2024-12-17T23:20:19","guid":{"rendered":"https:\/\/xn--Para-orchide-leb.com\/?product=avene-triacneal-expert-30-ml"},"modified":"2024-12-17T23:20:19","modified_gmt":"2024-12-17T23:20:19","slug":"avene-triacneal-expert-30-ml","status":"publish","type":"product","link":"https:\/\/para-orchidee.com\/?product=avene-triacneal-expert-30-ml&lang=fr","title":{"rendered":"Av\u00e8ne TRIACNEAL EXPERT &#8211; 30 ml"},"content":{"rendered":"<p><strong>ANTI-IMPERFECTIONS<\/strong><br \/>\n<strong>Diol\u00e9nyl\u00ae*<\/strong>, innovation brevet\u00e9e issue de la Recherche Pierre Fabre, exerce une triple action s\u00e9lective pour limiter le risque de prolif\u00e9ration bact\u00e9rienne (d\u00e9montr\u00e9 in vitro sur P. acnes), r\u00e9duire les rougeurs et favoriser l\u2019\u00e9limination des boutons.<br \/>\n<strong>EXFOLIANT<\/strong><br \/>\n<em><strong>X-PressinTM<\/strong><\/em> favorise la diminution des points noirs et lisse le grain de peau.<br \/>\n<strong>LISSANT<\/strong><br \/>\nLe <em><strong>R\u00e9tinald\u00e9hyde<\/strong><\/em> favorise l\u2019att\u00e9nuation des marques r\u00e9siduelles, tout en offrant ses b\u00e9n\u00e9fices anti-\u00e2ge.<br \/>\n<strong>APAISANT<\/strong><br \/>\nL\u2019<em><strong>Eau thermale d\u2019Av\u00e8ne<\/strong><\/em> restitue toutes ses propri\u00e9t\u00e9s apaisantes et anti-irritantes.<\/p>\n<p><em><strong>TriAcn\u00e9al EXPERT<\/strong><\/em> est une \u00e9mulsion onctueuse qui s\u2019\u00e9tale facilement, est rapidement absorb\u00e9e. La peau est hydrat\u00e9e et confortable.<\/p>\n","protected":false},"excerpt":{"rendered":"<p>Soin destin\u00e9 aux imperfections persistantes et marques r\u00e9siduelles de l\u2019adulte.<\/p>\n<p><span style=\"color: #333399;\">Hypoallerg\u00e9nique. Non com\u00e9dog\u00e8ne.<\/span><\/p>\n","protected":false},"featured_media":1490,"comment_status":"open","ping_status":"closed","template":"","meta":{"om_disable_all_campaigns":false,"_monsterinsights_skip_tracking":false,"_monsterinsights_sitenote_active":false,"_monsterinsights_sitenote_note":"","_monsterinsights_sitenote_category":0},"product_brand":[],"product_cat":[180,16,22,18],"product_tag":[],"class_list":{"0":"post-1616","1":"product","2":"type-product","3":"status-publish","4":"has-post-thumbnail","6":"product_cat-avene","7":"product_cat-boutique","8":"product_cat-soin-de-peau","9":"product_cat-visage","10":"thunk-woo-product-list","11":"opn-qv-enable","12":"big-store-woo-hover-zoom","13":"open-single-product-tab-horizontal","14":"open-shadow-","15":"open-shadow-hover-","17":"first","18":"instock","19":"sale","20":"taxable","21":"shipping-taxable","22":"purchasable","23":"product-type-simple"},"aioseo_notices":[],"_links":{"self":[{"href":"https:\/\/para-orchidee.com\/index.php?rest_route=\/wp\/v2\/product\/1616","targetHints":{"allow":["GET"]}}],"collection":[{"href":"https:\/\/para-orchidee.com\/index.php?rest_route=\/wp\/v2\/product"}],"about":[{"href":"https:\/\/para-orchidee.com\/index.php?rest_route=\/wp\/v2\/types\/product"}],"replies":[{"embeddable":true,"href":"https:\/\/para-orchidee.com\/index.php?rest_route=%2Fwp%2Fv2%2Fcomments&post=1616"}],"wp:featuredmedia":[{"embeddable":true,"href":"https:\/\/para-orchidee.com\/index.php?rest_route=\/wp\/v2\/media\/1490"}],"wp:attachment":[{"href":"https:\/\/para-orchidee.com\/index.php?rest_route=%2Fwp%2Fv2%2Fmedia&parent=1616"}],"wp:term":[{"taxonomy":"product_brand","embeddable":true,"href":"https:\/\/para-orchidee.com\/index.php?rest_route=%2Fwp%2Fv2%2Fproduct_brand&post=1616"},{"taxonomy":"product_cat","embeddable":true,"href":"https:\/\/para-orchidee.com\/index.php?rest_route=%2Fwp%2Fv2%2Fproduct_cat&post=1616"},{"taxonomy":"product_tag","embeddable":true,"href":"https:\/\/para-orchidee.com\/index.php?rest_route=%2Fwp%2Fv2%2Fproduct_tag&post=1616"}],"curies":[{"name":"wp","href":"https:\/\/api.w.org\/{rel}","templated":true}]}}