{"id":1617,"date":"2024-12-17T23:20:19","date_gmt":"2024-12-17T23:20:19","guid":{"rendered":"https:\/\/xn--Para-orchide-leb.com\/?product=trixera-baume-nutri-fluide-200-ml"},"modified":"2024-12-17T23:20:20","modified_gmt":"2024-12-17T23:20:20","slug":"trixera-baume-nutri-fluide-200-ml","status":"publish","type":"product","link":"https:\/\/para-orchidee.com\/?product=trixera-baume-nutri-fluide-200-ml&lang=fr","title":{"rendered":"Trixera Baume Nutri-Fluide &#8211; 200 ml"},"content":{"rendered":"<p>L\u2019Av\u00e8ne TriXera Nutrition Baume Apaisant Nutri-Fluide \u2013 200ml est un soin quotidien con\u00e7u pour les peaux sensibles s\u00e8ches \u00e0 tr\u00e8s s\u00e8ches de toute la famille. Ce baume nutri-fluide nourrit, prot\u00e8ge et r\u00e9pare la barri\u00e8re cutan\u00e9e. Sa texture fluide, non grasse et non collante facilite son application rapide.<\/p>\n<p>Ce soin contient un trio lipidique v\u00e9g\u00e9tal, du s\u00e9lectiose (un actif brevet\u00e9 par Pierre Fabre) et de l\u2019Eau thermale d\u2019Av\u00e8ne, connue pour ses propri\u00e9t\u00e9s apaisantes et anti-irritantes. Il est sans parfum, apaise les tiraillements et offre une hydratation pendant 48 heures. Sa texture fluide et onctueuse permet une application facile pour toute la famille.<\/p>\n<p>Les b\u00e9n\u00e9fices de TriXera Nutrition Baume Nutri-Fluide incluent un effet nutritif imm\u00e9diat et une hydratation jusqu\u2019\u00e0 6 heures apr\u00e8s l\u2019application. Apr\u00e8s une application, l\u2019indice d\u2019hydratation augmente de 66%, et apr\u00e8s 7 jours d\u2019utilisation, l\u2019hydratation est en augmentation de 91%. Ce baume offre une hydratation longue dur\u00e9e de 48 heures.<\/p>\n<p>Conseils d\u2019application :<br \/>\nPour appliquer le baume nutri-fluide, \u00e9talez-le entre les deux mains et appliquez-le d\u00e9licatement avec toute la surface de la main en effectuant de larges mouvements circulaires.<\/p>\n","protected":false},"excerpt":{"rendered":"<p>Soin quotidien pour les peaux sensibles et tr\u00e8s s\u00e8ches de la famille.(nourrissons, enfants, adultes)<br \/>\nR\u00e9pare, nourrit et apaise les peaux s\u00e8ches, facilite le quotidien de la famille.<\/p>\n","protected":false},"featured_media":1489,"comment_status":"open","ping_status":"closed","template":"","meta":{"om_disable_all_campaigns":false,"_monsterinsights_skip_tracking":false,"_monsterinsights_sitenote_active":false,"_monsterinsights_sitenote_note":"","_monsterinsights_sitenote_category":0},"product_brand":[],"product_cat":[180,20,16,19,18],"product_tag":[],"class_list":{"0":"post-1617","1":"product","2":"type-product","3":"status-publish","4":"has-post-thumbnail","6":"product_cat-avene","7":"product_cat-bebe","8":"product_cat-boutique","9":"product_cat-corps","10":"product_cat-visage","11":"thunk-woo-product-list","12":"opn-qv-enable","13":"big-store-woo-hover-zoom","14":"open-single-product-tab-horizontal","15":"open-shadow-","16":"open-shadow-hover-","18":"first","19":"instock","20":"sale","21":"taxable","22":"shipping-taxable","23":"purchasable","24":"product-type-simple"},"aioseo_notices":[],"_links":{"self":[{"href":"https:\/\/para-orchidee.com\/index.php?rest_route=\/wp\/v2\/product\/1617","targetHints":{"allow":["GET"]}}],"collection":[{"href":"https:\/\/para-orchidee.com\/index.php?rest_route=\/wp\/v2\/product"}],"about":[{"href":"https:\/\/para-orchidee.com\/index.php?rest_route=\/wp\/v2\/types\/product"}],"replies":[{"embeddable":true,"href":"https:\/\/para-orchidee.com\/index.php?rest_route=%2Fwp%2Fv2%2Fcomments&post=1617"}],"wp:featuredmedia":[{"embeddable":true,"href":"https:\/\/para-orchidee.com\/index.php?rest_route=\/wp\/v2\/media\/1489"}],"wp:attachment":[{"href":"https:\/\/para-orchidee.com\/index.php?rest_route=%2Fwp%2Fv2%2Fmedia&parent=1617"}],"wp:term":[{"taxonomy":"product_brand","embeddable":true,"href":"https:\/\/para-orchidee.com\/index.php?rest_route=%2Fwp%2Fv2%2Fproduct_brand&post=1617"},{"taxonomy":"product_cat","embeddable":true,"href":"https:\/\/para-orchidee.com\/index.php?rest_route=%2Fwp%2Fv2%2Fproduct_cat&post=1617"},{"taxonomy":"product_tag","embeddable":true,"href":"https:\/\/para-orchidee.com\/index.php?rest_route=%2Fwp%2Fv2%2Fproduct_tag&post=1617"}],"curies":[{"name":"wp","href":"https:\/\/api.w.org\/{rel}","templated":true}]}}