{"id":1618,"date":"2024-12-17T23:20:19","date_gmt":"2024-12-17T23:20:19","guid":{"rendered":"https:\/\/xn--Para-orchide-leb.com\/?product=trixera-nutrition-lait-nutri-fluide-200-ml"},"modified":"2024-12-24T00:29:30","modified_gmt":"2024-12-24T00:29:30","slug":"trixera-nutrition-lait-nutri-fluide-200-ml","status":"publish","type":"product","link":"https:\/\/para-orchidee.com\/?product=trixera-nutrition-lait-nutri-fluide-200-ml&lang=fr","title":{"rendered":"TriXera NUTRITION &#8211; 200 ml"},"content":{"rendered":"<hr \/>\n<p><strong>TriXera NUTRITION Lait Nutri-fluide <\/strong>nourrit, prot\u00e8ge et r\u00e9pare la barri\u00e8re cutan\u00e9e des peaux sensibles s\u00e8ches de toute la famille.<\/p>\n<p>Votre peau tiraille apr\u00e8s la douche ou elle est r\u00eache au toucher ? C\u2019est bien LE soin qui vous faut. La richesse d\u2019une cr\u00e8me dans une texture lait qui redonnera confort et souplesse \u00e0 votre peau s\u00e8che, comme \u00e0 celle de toute la famille. Sa formule est vite absorb\u00e9e par la peau pour un habillage express garanti !<\/p>\n<p>Gr\u00e2ce \u00e0 l&rsquo;association trio lipidique v\u00e9g\u00e9tal, S\u00e9lectiose (actif brevet\u00e9 Pierre Fabre) et \u00e0 l&rsquo;Eau thermale d&rsquo;Av\u00e8ne, aux propri\u00e9t\u00e9s apaisantes et anti-irritantes, ce soin d\u00e9licatement parfum\u00e9 apaise les tiraillements et hydrate pendant 48h.<\/p>\n<p>Eau thermale d&rsquo;Av\u00e8ne: apaise les peaux s\u00e8ches irrit\u00e9es par les tiraillements.<\/p>\n<p><strong>Avantage<\/strong><br \/>\nSa texture fluide, non grasse et d\u00e9licatement parfum\u00e9e permet une application express pour faciliter le quotidien de toute la famille.<\/p>\n<p><strong>B\u00e9n\u00e9fices<\/strong><br \/>\n\u2022 <em>APAISE<\/em> gr\u00e2ce aux propri\u00e9t\u00e9s de l&rsquo;Eau thermale d&rsquo;Av\u00e8ne.<br \/>\n\u2022 <em>NOURRIT<\/em> gr\u00e2ce au trio lipidique v\u00e9g\u00e9tal et S\u00e9lectiose.<br \/>\n\u2022 R\u00c9PARE et restaure la barri\u00e8re cutan\u00e9e.<\/p>\n<p><strong>Fr\u00e9quence d\u2019usage : <\/strong>1 \u00e0 2 fois par jour<\/p>\n<p><strong>Conseil d&rsquo;utilisation<\/strong><br \/>\nEtalez le Lait nutri-fluide entre les 2 mains, l\u2019appliquer d\u00e9licatement avec toute la surface de la main et en faisant de larges mouvements circulaires.<\/p>\n<p><strong>Ingr\u00e9dients :<\/strong><\/p>\n<p>AVENE THERMAL SPRING WATER (AVENE AQUA). GLYCERIN. CAPRYLIC\/CAPRIC TRIGLYCERIDE. ISOPROPYL PALMITATE. PROPYLENE GLYCOL DICAPRYLATE\/DICAPRATE. GLYCERYL STEARATE. PEG-100 STEARATE. MYRETH-3 MYRISTATE. ACRYLATES\/C10-30 ALKYL ACRYLATE CROSSPOLYMER. BENZOIC ACID. CAPRYLYL GLYCOL. CARBOMER. FRAGRANCE (PARFUM). GLYCINE. GLYCINE SOJA (SOYBEAN) SEED EXTRACT (GLYCINE SOJA SEED EXTRACT). OENOTHERA BIENNIS (EVENING PRIMROSE) OIL (OENOTHERA BIENNIS OIL). PEG-32. PEG-400. PENTYL RHAMNOSIDE. SODIUM HYDROXIDE. TOCOPHEROL. TOCOPHERYL ACETATE. WATER (AQUA)<\/p>\n","protected":false},"excerpt":{"rendered":"<p>Soin quotidien pour les peaux sensibles et s\u00e8ches de la famille.<br \/>\nApaisant, nourrissant, r\u00e9parateur<br \/>\n<strong>\u00c2ge<\/strong><br \/>\n\u00c0 partir de 0 mois<\/p>\n","protected":false},"featured_media":1413,"comment_status":"open","ping_status":"closed","template":"","meta":{"om_disable_all_campaigns":false,"_monsterinsights_skip_tracking":false,"_monsterinsights_sitenote_active":false,"_monsterinsights_sitenote_note":"","_monsterinsights_sitenote_category":0},"product_brand":[],"product_cat":[180,20,16,19,22,18],"product_tag":[],"class_list":{"0":"post-1618","1":"product","2":"type-product","3":"status-publish","4":"has-post-thumbnail","6":"product_cat-avene","7":"product_cat-bebe","8":"product_cat-boutique","9":"product_cat-corps","10":"product_cat-soin-de-peau","11":"product_cat-visage","12":"thunk-woo-product-list","13":"opn-qv-enable","14":"big-store-woo-hover-zoom","15":"open-single-product-tab-horizontal","16":"open-shadow-","17":"open-shadow-hover-","19":"first","20":"instock","21":"sale","22":"taxable","23":"shipping-taxable","24":"purchasable","25":"product-type-simple"},"aioseo_notices":[],"_links":{"self":[{"href":"https:\/\/para-orchidee.com\/index.php?rest_route=\/wp\/v2\/product\/1618","targetHints":{"allow":["GET"]}}],"collection":[{"href":"https:\/\/para-orchidee.com\/index.php?rest_route=\/wp\/v2\/product"}],"about":[{"href":"https:\/\/para-orchidee.com\/index.php?rest_route=\/wp\/v2\/types\/product"}],"replies":[{"embeddable":true,"href":"https:\/\/para-orchidee.com\/index.php?rest_route=%2Fwp%2Fv2%2Fcomments&post=1618"}],"wp:featuredmedia":[{"embeddable":true,"href":"https:\/\/para-orchidee.com\/index.php?rest_route=\/wp\/v2\/media\/1413"}],"wp:attachment":[{"href":"https:\/\/para-orchidee.com\/index.php?rest_route=%2Fwp%2Fv2%2Fmedia&parent=1618"}],"wp:term":[{"taxonomy":"product_brand","embeddable":true,"href":"https:\/\/para-orchidee.com\/index.php?rest_route=%2Fwp%2Fv2%2Fproduct_brand&post=1618"},{"taxonomy":"product_cat","embeddable":true,"href":"https:\/\/para-orchidee.com\/index.php?rest_route=%2Fwp%2Fv2%2Fproduct_cat&post=1618"},{"taxonomy":"product_tag","embeddable":true,"href":"https:\/\/para-orchidee.com\/index.php?rest_route=%2Fwp%2Fv2%2Fproduct_tag&post=1618"}],"curies":[{"name":"wp","href":"https:\/\/api.w.org\/{rel}","templated":true}]}}