{"id":1664,"date":"2024-12-17T23:24:35","date_gmt":"2024-12-17T23:24:35","guid":{"rendered":"https:\/\/xn--Para-orchide-leb.com\/?post_type=product&#038;p=1664"},"modified":"2024-12-29T13:34:37","modified_gmt":"2024-12-29T13:34:37","slug":"cutalgan-ultra-calming-refreshing-spray-100-ml","status":"publish","type":"product","link":"https:\/\/para-orchidee.com\/?product=cutalgan-ultra-calming-refreshing-spray-100-ml&lang=en","title":{"rendered":"CUTALGAN Ultra-calming spray &#8211; 100ml"},"content":{"rendered":"<p><strong>CUTALGAN Ultra-calming refreshing spray<\/strong> soothes the skin when it heats up, stings or itches. With its 12 ingredients, including <strong>Rhealba\u00ae Oat<\/strong> Plantlet extract and Peruvian liana and with 98% ingredients of natural origin, it becomes the skin&rsquo;s soothing and ultra-calming reflex.<br \/>\nIt acts immediately and for six hours\u00b9 to give respite to tight or uncomfortable skin. <strong>Unpleasant or even painful skin sensations<\/strong> on the face, <strong>body<\/strong>, <strong>scalp<\/strong> and <strong>external intimate areas<\/strong> find immediate and lasting comfort in it. CUTALGAN Ultra-calming refreshing spray can be applied in a few sprays, as soon as necessary, and up to six times a day.<br \/>\nSuitable for all skin types, <strong>from infants to adults<\/strong>, this ultra-calming spray with a patented* \u00ab\u00a0bandage effect\u00a0\u00bb texture is <strong>tested under dermatological, pediatric and gynecological control<\/strong> on fragile skin, including dry skin with atopic and\/or scaly tendencies.<br \/>\n<strong>Vegan Info<\/strong>: no ingredients of animal origin<\/p>\n<p>98% d&rsquo;ingr\u00e9dients d&rsquo;origine naturelle. Avoine Rh\u00e9alba\u00ae issue de l&rsquo;agriculture biologique.<\/p>\n<p>Utilisable par : B\u00e9b\u00e9s &#8211; enfants &#8211; adultes<br \/>\nPartie du corps : Corps &#8211; visage &#8211; cuir chevelu &#8211; zones intimes externes<br \/>\nType de peau : Peau fragile &#8211; sensations de d\u00e9mangeaisons &#8211; peau sujette aux d\u00e9mangeaisons &#8211; peau irrit\u00e9e &#8211; peau s\u00e8che \u00e0 tendance \u00e0 l&rsquo;ecz\u00e9ma atopique<\/p>\n<p><strong>Advantage<\/strong><br \/>\nCalming and refreshing, CUTALGAN Ultra-calming refreshing spray soothes painful sensations in fragile skin.<\/p>\n<p><strong>Benefits<\/strong><br \/>\n\u2022 <strong>SOOTHES<\/strong> skin sensations that may be felt as painful immediately and up to six hours\u00b9 after application.<br \/>\n\u2022<strong> INSTANTLY REFRESHES<\/strong> the body, face, hands, scalp and external intimate areas.<br \/>\nVegan Info: no ingredients of animal origin<\/p>\n","protected":false},"excerpt":{"rendered":"<p>R\u00e9flexe naturel ultra-calmant pour toutes les sensations cutan\u00e9es d&rsquo;inconfort pouvant \u00eatre ressenties comme douloureuses.<\/p>\n","protected":false},"featured_media":1361,"comment_status":"open","ping_status":"closed","template":"","meta":{"om_disable_all_campaigns":false,"_monsterinsights_skip_tracking":false,"_monsterinsights_sitenote_active":false,"_monsterinsights_sitenote_note":"","_monsterinsights_sitenote_category":0},"product_brand":[],"product_cat":[179,20,16,19,22,18],"product_tag":[],"class_list":{"0":"post-1664","1":"product","2":"type-product","3":"status-publish","4":"has-post-thumbnail","6":"product_cat-aderma","7":"product_cat-bebe","8":"product_cat-boutique","9":"product_cat-corps","10":"product_cat-soin-de-peau","11":"product_cat-visage","12":"thunk-woo-product-list","13":"opn-qv-enable","14":"big-store-woo-hover-zoom","15":"open-single-product-tab-horizontal","16":"open-shadow-","17":"open-shadow-hover-","19":"first","20":"instock","21":"sale","22":"taxable","23":"shipping-taxable","24":"purchasable","25":"product-type-simple"},"aioseo_notices":[],"_links":{"self":[{"href":"https:\/\/para-orchidee.com\/index.php?rest_route=\/wp\/v2\/product\/1664","targetHints":{"allow":["GET"]}}],"collection":[{"href":"https:\/\/para-orchidee.com\/index.php?rest_route=\/wp\/v2\/product"}],"about":[{"href":"https:\/\/para-orchidee.com\/index.php?rest_route=\/wp\/v2\/types\/product"}],"replies":[{"embeddable":true,"href":"https:\/\/para-orchidee.com\/index.php?rest_route=%2Fwp%2Fv2%2Fcomments&post=1664"}],"wp:featuredmedia":[{"embeddable":true,"href":"https:\/\/para-orchidee.com\/index.php?rest_route=\/wp\/v2\/media\/1361"}],"wp:attachment":[{"href":"https:\/\/para-orchidee.com\/index.php?rest_route=%2Fwp%2Fv2%2Fmedia&parent=1664"}],"wp:term":[{"taxonomy":"product_brand","embeddable":true,"href":"https:\/\/para-orchidee.com\/index.php?rest_route=%2Fwp%2Fv2%2Fproduct_brand&post=1664"},{"taxonomy":"product_cat","embeddable":true,"href":"https:\/\/para-orchidee.com\/index.php?rest_route=%2Fwp%2Fv2%2Fproduct_cat&post=1664"},{"taxonomy":"product_tag","embeddable":true,"href":"https:\/\/para-orchidee.com\/index.php?rest_route=%2Fwp%2Fv2%2Fproduct_tag&post=1664"}],"curies":[{"name":"wp","href":"https:\/\/api.w.org\/{rel}","templated":true}]}}