{"id":2078,"date":"2025-01-07T10:36:33","date_gmt":"2025-01-07T10:36:33","guid":{"rendered":"https:\/\/xn--Para-orchide-leb.com\/?product=anthelios-brume-visage-invisible-spf50-spray-75-ml"},"modified":"2025-01-15T15:18:21","modified_gmt":"2025-01-15T15:18:21","slug":"anthelios-brume-visage-invisible-spf50-spray-75-ml","status":"publish","type":"product","link":"https:\/\/para-orchidee.com\/?product=anthelios-brume-visage-invisible-spf50-spray-75-ml&lang=fr","title":{"rendered":"ANTHELIOS BRUME VISAGE INVISIBLE SPF50+75ML"},"content":{"rendered":"<ul>\n<li>ACTION<br \/>\nANTHELIOS BRUME FRA\u00ceCHE INVISIBLE SPF50 offre une tr\u00e8s haute protection \u00e0 large spectre (UVA, UVB) et aide \u00e0 prot\u00e9ger la peau des dommages cutan\u00e9s caus\u00e9s par les rayons infrarouges et la pollution.<\/li>\n<li>Invisible.<\/li>\n<li>R\u00e9sistante \u00e0 l&rsquo;eau.<\/li>\n<li>Absorption rapide avec un fini mat.<\/li>\n<\/ul>\n<p>CONSEILS D&rsquo;APPLICATION :<\/p>\n<ul>\n<li>Appliquez en derni\u00e8re \u00e9tape de votre routine de soin.<\/li>\n<li>Peut \u00eatre appliqu\u00e9e avant le maquillage.<\/li>\n<li>Appliquez le produit juste avant de vous exposer au soleil.<\/li>\n<li>Renouvelez fr\u00e9quemment et g\u00e9n\u00e9reusement l&rsquo;application pour maintenir la protection, notamment apr\u00e8s avoir transpir\u00e9 ou vous \u00eatre essuy\u00e9.<\/li>\n<li>Usage externe.<\/li>\n<li>Une surexposition au soleil est dangereuse.<\/li>\n<li>M\u00eame si vous utilisez un produit de protection solaire, car il ne prot\u00e8ge pas \u00e0 100 %.<\/li>\n<li>Les b\u00e9b\u00e9s et jeunes enfants ne doivent pas \u00eatre directement expos\u00e9s au soleil.<\/li>\n<\/ul>\n<p>TEXTURE<\/p>\n<ul>\n<li>Absorption rapide.<\/li>\n<li>Effet peau nue.<\/li>\n<li>Non grasse. Non collante.Sans traces blanches.<\/li>\n<li>Avec l&rsquo;Eau thermale de La Roche-Posay<\/li>\n<li>PRINCIPAUX AVANTAGES<\/li>\n<li>Haute protection. Matifiante.<\/li>\n<li>Fini anti-brillance.<\/li>\n<\/ul>\n<p>Convient aux peaux sensibles, vuln\u00e9rables ou intol\u00e9rantes au soleil. Convient \u00e9galement aux peaux allergiques au soleil.<br \/>\nNon com\u00e9dog\u00e8ne.<br \/>\nL&rsquo; EXPERTISE SCIENTIFIQUE<br \/>\nXL-PROTECT, une technologie filtrante brevet\u00e9e qui offre une tr\u00e8s haute protection \u00e0 large spectre contre les UVA\/UVB et aide \u00e0 prot\u00e9ger la peau des dommages cutan\u00e9s caus\u00e9s par la pollution et les rayons infrarouges.<br \/>\nTest\u00e9 sous contr\u00f4le dermatologique. Soumis \u00e0 des tests d&rsquo;allergie.<\/p>\n","protected":false},"excerpt":{"rendered":"<p>LA ROCHE POSAY ANTHELIOS BRUME VISAGE INVISIBLE SPF50+ 75 ML SPRAY : PEAUX GRASSES ET SENSIBLES, HAUTE PROTECTION. MATIFIANTE.<\/p>\n","protected":false},"featured_media":1841,"comment_status":"open","ping_status":"closed","template":"","meta":{"om_disable_all_campaigns":false,"_monsterinsights_skip_tracking":false,"_monsterinsights_sitenote_active":false,"_monsterinsights_sitenote_note":"","_monsterinsights_sitenote_category":0},"product_brand":[],"product_cat":[256,16],"product_tag":[],"class_list":{"0":"post-2078","1":"product","2":"type-product","3":"status-publish","4":"has-post-thumbnail","6":"product_cat-la-roche-posay","7":"product_cat-boutique","8":"thunk-woo-product-list","9":"opn-qv-enable","10":"big-store-woo-hover-zoom","11":"open-single-product-tab-horizontal","12":"open-shadow-","13":"open-shadow-hover-","15":"first","16":"instock","17":"sale","18":"taxable","19":"shipping-taxable","20":"purchasable","21":"product-type-simple"},"aioseo_notices":[],"_links":{"self":[{"href":"https:\/\/para-orchidee.com\/index.php?rest_route=\/wp\/v2\/product\/2078","targetHints":{"allow":["GET"]}}],"collection":[{"href":"https:\/\/para-orchidee.com\/index.php?rest_route=\/wp\/v2\/product"}],"about":[{"href":"https:\/\/para-orchidee.com\/index.php?rest_route=\/wp\/v2\/types\/product"}],"replies":[{"embeddable":true,"href":"https:\/\/para-orchidee.com\/index.php?rest_route=%2Fwp%2Fv2%2Fcomments&post=2078"}],"wp:featuredmedia":[{"embeddable":true,"href":"https:\/\/para-orchidee.com\/index.php?rest_route=\/wp\/v2\/media\/1841"}],"wp:attachment":[{"href":"https:\/\/para-orchidee.com\/index.php?rest_route=%2Fwp%2Fv2%2Fmedia&parent=2078"}],"wp:term":[{"taxonomy":"product_brand","embeddable":true,"href":"https:\/\/para-orchidee.com\/index.php?rest_route=%2Fwp%2Fv2%2Fproduct_brand&post=2078"},{"taxonomy":"product_cat","embeddable":true,"href":"https:\/\/para-orchidee.com\/index.php?rest_route=%2Fwp%2Fv2%2Fproduct_cat&post=2078"},{"taxonomy":"product_tag","embeddable":true,"href":"https:\/\/para-orchidee.com\/index.php?rest_route=%2Fwp%2Fv2%2Fproduct_tag&post=2078"}],"curies":[{"name":"wp","href":"https:\/\/api.w.org\/{rel}","templated":true}]}}