{"id":2084,"date":"2025-01-07T10:36:33","date_gmt":"2025-01-07T10:36:33","guid":{"rendered":"https:\/\/xn--Para-orchide-leb.com\/?product=anthelios-uvmune-400-dermo-pediatrics-lait-250-ml"},"modified":"2025-01-15T23:28:13","modified_gmt":"2025-01-15T23:28:13","slug":"anthelios-uvmune-400-dermo-pediatrics-lait-250-ml","status":"publish","type":"product","link":"https:\/\/para-orchidee.com\/?product=anthelios-uvmune-400-dermo-pediatrics-lait-250-ml&lang=fr","title":{"rendered":"ANTHELIOS UVMUNE 400 DERMO PEDIATRICS LAIT 250 ML"},"content":{"rendered":"<p>Le Lait Solaire Anthelios UVMUNE 400 Dermo-Pediatrics SPF50+ de La Roche-Posay offre une tr\u00e8s haute protection \u00e0 large spectre contre les UVA\/UVB &amp; UVA ultra-longs.<br \/>\nSa formule est tr\u00e8s r\u00e9sistante \u00e0 l&rsquo;eau, \u00e0 la transpiration et au frottement du sable.<br \/>\nFormul\u00e9e pour la peau sensible de l&rsquo;enfant et les peaux sujettes aux intol\u00e9rances solaires.<br \/>\nSon efficacit\u00e9 est cliniquement prouv\u00e9e, sa formule test\u00e9e sous contr\u00f4le dermatologique et p\u00e9diatrique :<br \/>\n&#8211; Prot\u00e8ge des dommages cellulaires profonds gr\u00e2ce au meilleur filtre UV La Roche-Posay : Mexoryl 400. Le filtre le plus efficace contre les UV les plus insidieux [380-400NM] UVA ultra-longs : Ils sont imperceptibles et dommageables, repr\u00e9sentent 30% des rayons UV impactant notre peau toute l&rsquo;ann\u00e9e.<br \/>\n&#8211; Enrichi en Vitamines E aux propri\u00e9t\u00e9s antioxydantes pour combattre les radicaux libres;<br \/>\n&#8211; Enrichi en beurre de karit\u00e9 pour restaurer le film hydrolipidique de la peau.<\/p>\n<p>CONSEILS D&rsquo;UTILISATION:<br \/>\nAppliquez le lait solaire juste avant l&rsquo;exposition. Renouvelez fr\u00e9quemment et g\u00e9n\u00e9reusement l&rsquo;application pour maintenir la protection, surtout apr\u00e8s avoir transpir\u00e9 ou s\u2019\u00eatre essuy\u00e9.<\/p>\n","protected":false},"excerpt":{"rendered":"<p>Une tr\u00e8s haute protection \u00e0 large spectre contre les UVA\/UVB &amp; UVA ultra-longs.<\/p>\n","protected":false},"featured_media":1850,"comment_status":"open","ping_status":"closed","template":"","meta":{"om_disable_all_campaigns":false,"_monsterinsights_skip_tracking":false,"_monsterinsights_sitenote_active":false,"_monsterinsights_sitenote_note":"","_monsterinsights_sitenote_category":0},"product_brand":[],"product_cat":[256,20,16,19,181,18],"product_tag":[],"class_list":{"0":"post-2084","1":"product","2":"type-product","3":"status-publish","4":"has-post-thumbnail","6":"product_cat-la-roche-posay","7":"product_cat-bebe","8":"product_cat-boutique","9":"product_cat-corps","10":"product_cat-protection-solaire","11":"product_cat-visage","12":"thunk-woo-product-list","13":"opn-qv-enable","14":"big-store-woo-hover-zoom","15":"open-single-product-tab-horizontal","16":"open-shadow-","17":"open-shadow-hover-","19":"first","20":"instock","21":"sale","22":"taxable","23":"shipping-taxable","24":"purchasable","25":"product-type-simple"},"aioseo_notices":[],"_links":{"self":[{"href":"https:\/\/para-orchidee.com\/index.php?rest_route=\/wp\/v2\/product\/2084","targetHints":{"allow":["GET"]}}],"collection":[{"href":"https:\/\/para-orchidee.com\/index.php?rest_route=\/wp\/v2\/product"}],"about":[{"href":"https:\/\/para-orchidee.com\/index.php?rest_route=\/wp\/v2\/types\/product"}],"replies":[{"embeddable":true,"href":"https:\/\/para-orchidee.com\/index.php?rest_route=%2Fwp%2Fv2%2Fcomments&post=2084"}],"wp:featuredmedia":[{"embeddable":true,"href":"https:\/\/para-orchidee.com\/index.php?rest_route=\/wp\/v2\/media\/1850"}],"wp:attachment":[{"href":"https:\/\/para-orchidee.com\/index.php?rest_route=%2Fwp%2Fv2%2Fmedia&parent=2084"}],"wp:term":[{"taxonomy":"product_brand","embeddable":true,"href":"https:\/\/para-orchidee.com\/index.php?rest_route=%2Fwp%2Fv2%2Fproduct_brand&post=2084"},{"taxonomy":"product_cat","embeddable":true,"href":"https:\/\/para-orchidee.com\/index.php?rest_route=%2Fwp%2Fv2%2Fproduct_cat&post=2084"},{"taxonomy":"product_tag","embeddable":true,"href":"https:\/\/para-orchidee.com\/index.php?rest_route=%2Fwp%2Fv2%2Fproduct_tag&post=2084"}],"curies":[{"name":"wp","href":"https:\/\/api.w.org\/{rel}","templated":true}]}}