{"id":2085,"date":"2025-01-07T10:36:33","date_gmt":"2025-01-07T10:36:33","guid":{"rendered":"https:\/\/xn--Para-orchide-leb.com\/?product=anthelios-post-uv-200-ml-lotion-apres-soleil"},"modified":"2025-01-15T15:14:47","modified_gmt":"2025-01-15T15:14:47","slug":"anthelios-post-uv-200-ml-lotion-apres-soleil","status":"publish","type":"product","link":"https:\/\/para-orchidee.com\/?product=anthelios-post-uv-200-ml-lotion-apres-soleil&lang=fr","title":{"rendered":"ANTHELIOS POST UV 200 ML LOTION APRES SOLEIL"},"content":{"rendered":"<p>Le lait apr\u00e8s-soleil Anthelios Post-UV de La Roche-Posay : votre alli\u00e9 r\u00e9parateur apr\u00e8s l&rsquo;exposition solaire !<\/p>\n<p>Sa formule triple action, enrichie en Panthenol, Glyc\u00e9rine et eau thermale La Roche-Posay, soulage instantan\u00e9ment les sensations de chaleur tout en r\u00e9parant et fortifiant la barri\u00e8re cutan\u00e9e.<br \/>\nSa texture lact\u00e9e p\u00e9n\u00e8tre facilement et procure un effet apaisant imm\u00e9diat sur le visage comme sur le corps.<\/p>\n<p>Respectueux de l&rsquo;environnement, son packaging innovant contient 60% de carton recycl\u00e9. La formule, test\u00e9e sous contr\u00f4le dermatologique, est hypoallerg\u00e9nique pour une tol\u00e9rance optimale.<br \/>\nMode d&#8217;emploi : Appliquez en massant d\u00e9licatement apr\u00e8s votre bain ou votre douche pour un moment de fra\u00eecheur et de r\u00e9confort.<\/p>\n","protected":false},"excerpt":{"rendered":"<p>La Roche-Posay Anthelios Post-UV\u00a0 APRES SOLEIL : Exposure Lait Apr\u00e8s-Soleil est un soin triple-action r\u00e9parateur.<\/p>\n","protected":false},"featured_media":1849,"comment_status":"open","ping_status":"closed","template":"","meta":{"om_disable_all_campaigns":false,"_monsterinsights_skip_tracking":false,"_monsterinsights_sitenote_active":false,"_monsterinsights_sitenote_note":"","_monsterinsights_sitenote_category":0},"product_brand":[],"product_cat":[256,16,19,22,18],"product_tag":[],"class_list":{"0":"post-2085","1":"product","2":"type-product","3":"status-publish","4":"has-post-thumbnail","6":"product_cat-la-roche-posay","7":"product_cat-boutique","8":"product_cat-corps","9":"product_cat-soin-de-peau","10":"product_cat-visage","11":"thunk-woo-product-list","12":"opn-qv-enable","13":"big-store-woo-hover-zoom","14":"open-single-product-tab-horizontal","15":"open-shadow-","16":"open-shadow-hover-","18":"first","19":"instock","20":"sale","21":"taxable","22":"shipping-taxable","23":"purchasable","24":"product-type-simple"},"aioseo_notices":[],"_links":{"self":[{"href":"https:\/\/para-orchidee.com\/index.php?rest_route=\/wp\/v2\/product\/2085","targetHints":{"allow":["GET"]}}],"collection":[{"href":"https:\/\/para-orchidee.com\/index.php?rest_route=\/wp\/v2\/product"}],"about":[{"href":"https:\/\/para-orchidee.com\/index.php?rest_route=\/wp\/v2\/types\/product"}],"replies":[{"embeddable":true,"href":"https:\/\/para-orchidee.com\/index.php?rest_route=%2Fwp%2Fv2%2Fcomments&post=2085"}],"wp:featuredmedia":[{"embeddable":true,"href":"https:\/\/para-orchidee.com\/index.php?rest_route=\/wp\/v2\/media\/1849"}],"wp:attachment":[{"href":"https:\/\/para-orchidee.com\/index.php?rest_route=%2Fwp%2Fv2%2Fmedia&parent=2085"}],"wp:term":[{"taxonomy":"product_brand","embeddable":true,"href":"https:\/\/para-orchidee.com\/index.php?rest_route=%2Fwp%2Fv2%2Fproduct_brand&post=2085"},{"taxonomy":"product_cat","embeddable":true,"href":"https:\/\/para-orchidee.com\/index.php?rest_route=%2Fwp%2Fv2%2Fproduct_cat&post=2085"},{"taxonomy":"product_tag","embeddable":true,"href":"https:\/\/para-orchidee.com\/index.php?rest_route=%2Fwp%2Fv2%2Fproduct_tag&post=2085"}],"curies":[{"name":"wp","href":"https:\/\/api.w.org\/{rel}","templated":true}]}}