{"id":2091,"date":"2025-01-07T10:36:35","date_gmt":"2025-01-07T10:36:35","guid":{"rendered":"https:\/\/xn--Para-orchide-leb.com\/?product=cicaplast-baume-b5-reparateur-40ml"},"modified":"2025-01-15T11:12:59","modified_gmt":"2025-01-15T11:12:59","slug":"cicaplast-baume-b5-reparateur-40ml","status":"publish","type":"product","link":"https:\/\/para-orchidee.com\/?product=cicaplast-baume-b5-reparateur-40ml&lang=fr","title":{"rendered":"Cicaplast Baume B5+ REPARATEUR 40ml"},"content":{"rendered":"<p>B\u00c9N\u00c9FICES<br \/>\nCicaplast Baume B5+ est une cr\u00e8me r\u00e9paratrice et apaisante qui s\u2019utilise pour r\u00e9parer la fonction barri\u00e8re de la peau et soulager intens\u00e9ment les peaux fragiles et irrit\u00e9es tout en r\u00e9duisant les marques. Cette cr\u00e8me r\u00e9paratrice corps et visage contient du beurre de karit\u00e9 nourrissant, de la vitamine B5 apaisante et de la mad\u00e9cassoside connue pour ses propri\u00e9t\u00e9s apaisantes. La peau est imm\u00e9diatement nourrie et confortable, les rougeurs et les irritations sont apais\u00e9es..<\/p>\n<p>INDICATION<br \/>\nPeaux fragilis\u00e9es et irrit\u00e9es des b\u00e9b\u00e9s (nourrissons), enfants et adultes. Cicaplast Baume B5+ est indiqu\u00e9 pour les peaux sensibles suite \u00e0 des atteintes \u00e9pidermiques : rougeurs du si\u00e8ge du b\u00e9b\u00e9, irritation p\u00e9ri-orale, micro-ger\u00e7ure, s\u00e9cheresse intense, irritation cutan\u00e9e, post-laser superficiel, irritation post-\u00e9pilation&#8230;<\/p>\n<p>Probl\u00e8mes cibl\u00e9s :<br \/>\nPeaux irrit\u00e9es ou fragilis\u00e9es suite \u00e0 des atteintes \u00e9pidermiques<br \/>\nMarques<br \/>\nAgressions du quotidien (\u00e9chauffements superficiels de la peau, rasage, piq\u00fbres d&rsquo;insectes)<br \/>\nIrritations (fesses de b\u00e9b\u00e9, x\u00e9rose, post-herp\u00e8s)<br \/>\nPost-actes dermatologiques superficiels (laser resurfa\u00e7ant, peeling)<\/p>\n<p>Type de peau :<br \/>\nSensible<br \/>\nTous types de peaux<\/p>\n<p>\u00c2ge :<br \/>\nD\u00e8s la naissance<br \/>\nConvient \u00e0 toute la famille :<br \/>\nNourrissons<br \/>\nEnfants et adultes<\/p>\n","protected":false},"excerpt":{"rendered":"<p>Cr\u00e8me ultra-r\u00e9paratrice apaisante visage et corps au beurre de karit\u00e9. R\u00e9pare et apaise la peau. Anti-rougeurs et anti-irritations. Formulation haute tol\u00e9rance.<\/p>\n","protected":false},"featured_media":2242,"comment_status":"open","ping_status":"closed","template":"","meta":{"om_disable_all_campaigns":false,"_monsterinsights_skip_tracking":false,"_monsterinsights_sitenote_active":false,"_monsterinsights_sitenote_note":"","_monsterinsights_sitenote_category":0},"product_brand":[],"product_cat":[256,20,16,19,22,18],"product_tag":[],"class_list":{"0":"post-2091","1":"product","2":"type-product","3":"status-publish","4":"has-post-thumbnail","6":"product_cat-la-roche-posay","7":"product_cat-bebe","8":"product_cat-boutique","9":"product_cat-corps","10":"product_cat-soin-de-peau","11":"product_cat-visage","12":"thunk-woo-product-list","13":"opn-qv-enable","14":"big-store-woo-hover-zoom","15":"open-single-product-tab-horizontal","16":"open-shadow-","17":"open-shadow-hover-","19":"first","20":"instock","21":"sale","22":"taxable","23":"shipping-taxable","24":"purchasable","25":"product-type-simple"},"aioseo_notices":[],"_links":{"self":[{"href":"https:\/\/para-orchidee.com\/index.php?rest_route=\/wp\/v2\/product\/2091","targetHints":{"allow":["GET"]}}],"collection":[{"href":"https:\/\/para-orchidee.com\/index.php?rest_route=\/wp\/v2\/product"}],"about":[{"href":"https:\/\/para-orchidee.com\/index.php?rest_route=\/wp\/v2\/types\/product"}],"replies":[{"embeddable":true,"href":"https:\/\/para-orchidee.com\/index.php?rest_route=%2Fwp%2Fv2%2Fcomments&post=2091"}],"wp:featuredmedia":[{"embeddable":true,"href":"https:\/\/para-orchidee.com\/index.php?rest_route=\/wp\/v2\/media\/2242"}],"wp:attachment":[{"href":"https:\/\/para-orchidee.com\/index.php?rest_route=%2Fwp%2Fv2%2Fmedia&parent=2091"}],"wp:term":[{"taxonomy":"product_brand","embeddable":true,"href":"https:\/\/para-orchidee.com\/index.php?rest_route=%2Fwp%2Fv2%2Fproduct_brand&post=2091"},{"taxonomy":"product_cat","embeddable":true,"href":"https:\/\/para-orchidee.com\/index.php?rest_route=%2Fwp%2Fv2%2Fproduct_cat&post=2091"},{"taxonomy":"product_tag","embeddable":true,"href":"https:\/\/para-orchidee.com\/index.php?rest_route=%2Fwp%2Fv2%2Fproduct_tag&post=2091"}],"curies":[{"name":"wp","href":"https:\/\/api.w.org\/{rel}","templated":true}]}}