{"id":2093,"date":"2025-01-07T10:36:35","date_gmt":"2025-01-07T10:36:35","guid":{"rendered":"https:\/\/xn--Para-orchide-leb.com\/?product=cicaplast-baume-b5-reparateur-apaisant-15ml"},"modified":"2025-01-15T11:24:00","modified_gmt":"2025-01-15T11:24:00","slug":"cicaplast-baume-b5-reparateur-apaisant-15ml","status":"publish","type":"product","link":"https:\/\/para-orchidee.com\/?product=cicaplast-baume-b5-reparateur-apaisant-15ml&lang=fr","title":{"rendered":"Cicaplast Baume B5+ R\u00e9parateur Apaisant 15ML"},"content":{"rendered":"<p>S\u00e9cheresse, rougeurs, dartres, ecz\u00e9ma, ger\u00e7ures\u2026 Cicaplast aide la peau \u00e0 cicatriser et \u00e0 se renouveler en cas d\u2019atteinte \u00e9pidermique. Que vous ayez subi une op\u00e9ration ou que votre peau pr\u00e9sente une l\u00e9g\u00e8re s\u00e9cheresse, ce soin peut l\u2019aider \u00e0 retrouver sa force et sa sant\u00e9.<\/p>\n<p>Il permet de soulager les d\u00e9mangeaisons, les br\u00fblures, \u00e9gratignures, ger\u00e7ures, piq\u00fbres, dartres, \u00e9ryth\u00e8mes fessiers, coups de soleil, cicatrices de varicelles, l\u00e9sions dues \u00e0 une intervention (peeling, laser, cicatrice \u2026), pieds ab\u00eem\u00e9s, rougeurs sur les ailes du nez\u2026<\/p>\n<p>R\u00e9put\u00e9 pour \u00eatre l\u2019alli\u00e9e des peaux l\u00e9s\u00e9es et fragilis\u00e9es, Cicaplast B5 est \u00e9galement employ\u00e9 pour favoriser la cicatrisation des tatouages et les prot\u00e9ger efficacement. Pour ce faire, appliquez le baume directement sur la zone concern\u00e9e (corps et visage) et laissez \u00e0 l\u2019air libre pour faciliter la r\u00e9paration de la peau.<\/p>\n<p>S\u00e9curit\u00e9 :<br \/>\n\u2013 Sans Parfum.<br \/>\n\u2013 Sans Parab\u00e8ne.<br \/>\n\u2013 Sans Allerg\u00e8nes.<br \/>\n\u2013 Convient aux nourrissons, enfants et adultes.<br \/>\n\u2013 Convient aux peaux tatou\u00e9es.<br \/>\n\u2013 Tol\u00e9rance Optimale. Test\u00e9 sur peaux sensibles.<\/p>\n<p>Ingr\u00e9dients &amp; Principes Actifs Cl\u00e9s :<br \/>\n\u2013 Mad\u00e9casosside : un actif d\u2019origine v\u00e9g\u00e9tale poss\u00e9dant des vertus anti-inflammatoires. Il favorise \u00e9galement l\u2019\u00e9quilibre cellulaire et r\u00e9g\u00e9n\u00e8re l\u2019\u00e9piderme.<br \/>\n\u2013 Beurre de Karit\u00e9 et Glyc\u00e9rine : deux puissants hydratants qui nourrissent l\u2019\u00e9piderme en profondeur.<br \/>\n\u2013 Vitamine B5 (ou panth\u00e9nol) 5% : anti-douleur et anti-inflammatoire, elle soulage l\u2019\u00e9piderme.<br \/>\n\u2013 Mangan\u00e8se, Cuivre et Zinc : antibact\u00e9riens, ils assainissent l\u2019\u00e9piderme et le prot\u00e8gent des agressions ext\u00e9rieures.<\/p>\n<p>Conseils d\u2019Utilisation :<br \/>\nAppliquez 2 fois par jour, matin et soir, sur une peau propre et s\u00e8che. Le soin peut s\u2019appliquer sur le visage, le corps et les l\u00e8vres. Evitez le contour des yeux.<\/p>\n","protected":false},"excerpt":{"rendered":"<p>CICAPLAST Baume Cicatrisant B5 aide la peau \u00e0 cicatriser. R\u00e9parateur et apaisant, il soulage instantan\u00e9ment les \u00e9pidermes fragilis\u00e9s, agress\u00e9s ou sensibles.<\/p>\n","protected":false},"featured_media":1856,"comment_status":"open","ping_status":"closed","template":"","meta":{"om_disable_all_campaigns":false,"_monsterinsights_skip_tracking":false,"_monsterinsights_sitenote_active":false,"_monsterinsights_sitenote_note":"","_monsterinsights_sitenote_category":0},"product_brand":[],"product_cat":[256,20,16,19,22,18],"product_tag":[],"class_list":{"0":"post-2093","1":"product","2":"type-product","3":"status-publish","4":"has-post-thumbnail","6":"product_cat-la-roche-posay","7":"product_cat-bebe","8":"product_cat-boutique","9":"product_cat-corps","10":"product_cat-soin-de-peau","11":"product_cat-visage","12":"thunk-woo-product-list","13":"opn-qv-enable","14":"big-store-woo-hover-zoom","15":"open-single-product-tab-horizontal","16":"open-shadow-","17":"open-shadow-hover-","19":"first","20":"instock","21":"sale","22":"taxable","23":"shipping-taxable","24":"purchasable","25":"product-type-simple"},"aioseo_notices":[],"_links":{"self":[{"href":"https:\/\/para-orchidee.com\/index.php?rest_route=\/wp\/v2\/product\/2093","targetHints":{"allow":["GET"]}}],"collection":[{"href":"https:\/\/para-orchidee.com\/index.php?rest_route=\/wp\/v2\/product"}],"about":[{"href":"https:\/\/para-orchidee.com\/index.php?rest_route=\/wp\/v2\/types\/product"}],"replies":[{"embeddable":true,"href":"https:\/\/para-orchidee.com\/index.php?rest_route=%2Fwp%2Fv2%2Fcomments&post=2093"}],"wp:featuredmedia":[{"embeddable":true,"href":"https:\/\/para-orchidee.com\/index.php?rest_route=\/wp\/v2\/media\/1856"}],"wp:attachment":[{"href":"https:\/\/para-orchidee.com\/index.php?rest_route=%2Fwp%2Fv2%2Fmedia&parent=2093"}],"wp:term":[{"taxonomy":"product_brand","embeddable":true,"href":"https:\/\/para-orchidee.com\/index.php?rest_route=%2Fwp%2Fv2%2Fproduct_brand&post=2093"},{"taxonomy":"product_cat","embeddable":true,"href":"https:\/\/para-orchidee.com\/index.php?rest_route=%2Fwp%2Fv2%2Fproduct_cat&post=2093"},{"taxonomy":"product_tag","embeddable":true,"href":"https:\/\/para-orchidee.com\/index.php?rest_route=%2Fwp%2Fv2%2Fproduct_tag&post=2093"}],"curies":[{"name":"wp","href":"https:\/\/api.w.org\/{rel}","templated":true}]}}