{"id":2094,"date":"2025-01-07T10:36:35","date_gmt":"2025-01-07T10:36:35","guid":{"rendered":"https:\/\/xn--Para-orchide-leb.com\/?product=cicaplast-baume-b5-spf50-40ml"},"modified":"2025-01-15T11:18:06","modified_gmt":"2025-01-15T11:18:06","slug":"cicaplast-baume-b5-spf50-40ml","status":"publish","type":"product","link":"https:\/\/para-orchidee.com\/?product=cicaplast-baume-b5-spf50-40ml&lang=fr","title":{"rendered":"Cicaplast Baume B5 SPF50 40ML"},"content":{"rendered":"<p>Le Baume B5 La Roche-Posay est un soin cicatrisant. Il p\u00e9n\u00e8tre facilement dans la peau et permet d\u2019obtenir un fini non gras, non collant et sans traces. Assimil\u00e9 \u00e0 un pansement anti-UV pour les cicatrices et les tatouages, il :<br \/>\n\u2013 prot\u00e8ge la peau des UVA et des UVB.<br \/>\n\u2013 favorise la r\u00e9paration des peaux ab\u00eem\u00e9es.<br \/>\n\u2013 nourrit et hydrate la peau en profondeur.<br \/>\n\u2013 limite les sensations d\u2019inconfort li\u00e9es \u00e0 la s\u00e9cheresse cutan\u00e9e, aux irritations ou aux cicatrices.<br \/>\n\u2013 pr\u00e9vient l\u2019hyperpigmentation et l\u2019apparition de taches brunes.<\/p>\n<p>S\u00e9curit\u00e9 :<br \/>\n\u2013 Test\u00e9 sous contr\u00f4le dermatologique et p\u00e9diatrique.<br \/>\n\u2013 Sans Parab\u00e8ne.<br \/>\n\u2013 Sans Parfum.<br \/>\n\u2013 Sans Lanoline.<br \/>\n\u2013 Convient aux nourrissons, enfants et adultes.<br \/>\n\u2013 Convient aux peaux sensibles et tatou\u00e9es.<\/p>\n<p>Ingr\u00e9dients &amp; Principes Actifs Cl\u00e9s :<br \/>\n\u2013 ProceradTM et C\u00e9ramide Brevet\u00e9 : pr\u00e9vient les marques cicatricielles rouges et brunes.<br \/>\n\u2013 Mad\u00e9cassoside : un actif v\u00e9g\u00e9tal issu de la Centella Asiatica, r\u00e9gule les r\u00e9actions inflammatoires \u00e9pidermiques et stimule la synth\u00e8se de collag\u00e8ne.<br \/>\n\u2013 Beurre de Karit\u00e9 et Glyc\u00e9rine : relipident la peau et limitent la d\u00e9shydratation.<br \/>\n\u2013 Panth\u00e9nol : apaise la peau et diminue les d\u00e9mangeaisons.<\/p>\n<p>Conseils d\u2019Utilisation :<br \/>\nNe pas appliquer sur peau l\u00e9s\u00e9e. Eviter les l\u00e8vres et le contour des yeux.<\/p>\n<p>Le baume Cicaplast s\u2019applique comme une cr\u00e8me cicatrisante : en quantit\u00e9 suffisante et sur une peau propre et s\u00e8che. Pour garantir une protection solaire optimale, l\u2019application doit \u00eatre renouvel\u00e9e r\u00e9guli\u00e8rement.<\/p>\n<p>Le baume solaire Cicaplast permet non seulement de favoriser le processus de r\u00e9paration de la peau mais \u00e9galement d\u2019exposer, en toute s\u00e9r\u00e9nit\u00e9, les cicatrices et les tatouages au soleil.<\/p>\n<p>Composition :<br \/>\nLes listes d\u2019ingr\u00e9dients entrant dans la composition des produits de notre marque sont r\u00e9guli\u00e8rement mises \u00e0 jour. Avant d\u2019utiliser un produit de notre marque, vous \u00eates invit\u00e9s \u00e0 lire la liste d\u2019ingr\u00e9dients figurant sur son emballage afin de vous assurer que les ingr\u00e9dients sont adapt\u00e9s \u00e0 votre utilisation personnelle.<\/p>\n","protected":false},"excerpt":{"rendered":"<p>CICAPLAST Baume Cicatrisant B5 SPF 50 est un soin qui aide la peau \u00e0 cicatriser, limite les sensations d\u2019inconfort, et prot\u00e8ge des effets n\u00e9fastes du soleil.<\/p>\n","protected":false},"featured_media":2336,"comment_status":"open","ping_status":"closed","template":"","meta":{"om_disable_all_campaigns":false,"_monsterinsights_skip_tracking":false,"_monsterinsights_sitenote_active":false,"_monsterinsights_sitenote_note":"","_monsterinsights_sitenote_category":0},"product_brand":[],"product_cat":[256,16,181,22,18],"product_tag":[],"class_list":{"0":"post-2094","1":"product","2":"type-product","3":"status-publish","4":"has-post-thumbnail","6":"product_cat-la-roche-posay","7":"product_cat-boutique","8":"product_cat-protection-solaire","9":"product_cat-soin-de-peau","10":"product_cat-visage","11":"thunk-woo-product-list","12":"opn-qv-enable","13":"big-store-woo-hover-zoom","14":"open-single-product-tab-horizontal","15":"open-shadow-","16":"open-shadow-hover-","18":"first","19":"instock","20":"sale","21":"taxable","22":"shipping-taxable","23":"purchasable","24":"product-type-simple"},"aioseo_notices":[],"_links":{"self":[{"href":"https:\/\/para-orchidee.com\/index.php?rest_route=\/wp\/v2\/product\/2094","targetHints":{"allow":["GET"]}}],"collection":[{"href":"https:\/\/para-orchidee.com\/index.php?rest_route=\/wp\/v2\/product"}],"about":[{"href":"https:\/\/para-orchidee.com\/index.php?rest_route=\/wp\/v2\/types\/product"}],"replies":[{"embeddable":true,"href":"https:\/\/para-orchidee.com\/index.php?rest_route=%2Fwp%2Fv2%2Fcomments&post=2094"}],"wp:featuredmedia":[{"embeddable":true,"href":"https:\/\/para-orchidee.com\/index.php?rest_route=\/wp\/v2\/media\/2336"}],"wp:attachment":[{"href":"https:\/\/para-orchidee.com\/index.php?rest_route=%2Fwp%2Fv2%2Fmedia&parent=2094"}],"wp:term":[{"taxonomy":"product_brand","embeddable":true,"href":"https:\/\/para-orchidee.com\/index.php?rest_route=%2Fwp%2Fv2%2Fproduct_brand&post=2094"},{"taxonomy":"product_cat","embeddable":true,"href":"https:\/\/para-orchidee.com\/index.php?rest_route=%2Fwp%2Fv2%2Fproduct_cat&post=2094"},{"taxonomy":"product_tag","embeddable":true,"href":"https:\/\/para-orchidee.com\/index.php?rest_route=%2Fwp%2Fv2%2Fproduct_tag&post=2094"}],"curies":[{"name":"wp","href":"https:\/\/api.w.org\/{rel}","templated":true}]}}