{"id":2095,"date":"2025-01-07T10:36:36","date_gmt":"2025-01-07T10:36:36","guid":{"rendered":"https:\/\/xn--Para-orchide-leb.com\/?product=cicaplast-levres-baume-barriere-75ml"},"modified":"2025-01-11T23:36:38","modified_gmt":"2025-01-11T23:36:38","slug":"cicaplast-levres-baume-barriere-75ml","status":"publish","type":"product","link":"https:\/\/para-orchidee.com\/?product=cicaplast-levres-baume-barriere-75ml&lang=fr","title":{"rendered":"Cicaplast L\u00e8vres Baume Barri\u00e8re 7,5ml"},"content":{"rendered":"<p>Pour vous aider \u00e0 prendre soin de vos l\u00e8vres gerc\u00e9es, fendill\u00e9es ou irrit\u00e9es, les laboratoires La Roche-Posay ont con\u00e7u le baume \u00e0 l\u00e8vres Cicaplast pour hydrater, r\u00e9parer et apaiser les l\u00e8vres fragiles :<br \/>\n\u2013 hydrate les l\u00e8vres et limite la d\u00e9shydratation \u00e0 court terme.<br \/>\n\u2013 favorise la reconstruction de la barri\u00e8re cutan\u00e9e pour soulager les crevasses des l\u00e8vres.<br \/>\n\u2013 apaise les \u00e9pidermes fragilis\u00e9s.<br \/>\n\u2013 am\u00e9liore le confort des l\u00e8vres gerc\u00e9es de mani\u00e8re durable.<\/p>\n<p>S\u00e9curit\u00e9 :<br \/>\n\u2013 Sans Parfum.<br \/>\n\u2013 Convient aux enfants et aux adultes.<br \/>\n\u2013 Convient aux personnes suivant un traitement contre l\u2019acn\u00e9 \u00e0 base d\u2019isotr\u00e9tino\u00efne.<\/p>\n<p>Ingr\u00e9dients &amp; Principes Actifs Cl\u00e9s :<br \/>\n\u2013 Texture-barri\u00e8re nouvelle g\u00e9n\u00e9ration : apaise les l\u00e8vres gerc\u00e9es, les r\u00e9pare et les prot\u00e8ge des agressions ext\u00e9rieures pour un effet imm\u00e9diat.<br \/>\n\u2013 MP-Lipides : participe \u00e0 la reconstruction de la barri\u00e8re cutan\u00e9e dans son ensemble.<br \/>\n\u2013 Panth\u00e9nol 5 % : contribue \u00e0 apaiser les l\u00e8vres fragiles pour un confort imm\u00e9diat.<\/p>\n<p>Conseils d\u2019Utilisation :<br \/>\nPour prendre soin de vos l\u00e8vres s\u00e8ches, appliquez plusieurs fois par jour le baume sur les l\u00e8vres, les contours et les commissures. Renouvelez l\u2019op\u00e9ration aussi souvent que n\u00e9cessaire pour votre confort.<\/p>\n<p>Le baume \u00e0 l\u00e8vres convient aux enfants et aux adultes.<\/p>\n<p>Efficacit\u00e9 :<br \/>\nTest\u00e9e par les l\u00e8vres les plus fragiles\u2026<br \/>\nTest\u00e9 sur les l\u00e8vres de sujets sous isotr\u00e9tino\u00efne, un traitement contre l\u2019acn\u00e9 particuli\u00e8rement ass\u00e9chant, CICAPLAST L\u00e8vres a montr\u00e9 sa bonne tol\u00e9rance et son efficacit\u00e9 pour:<\/p>\n<p>Limiter la d\u00e9shydratation \u00e0 court terme<br \/>\nFavoriser la reconstruction de la barri\u00e8re cutan\u00e9e<br \/>\nFavoriser l\u2019apaisement de fa\u00e7on imm\u00e9diate<br \/>\nAm\u00e9liorer durablement le confort cutan\u00e9<\/p>\n<p>Protocole : Test d\u2019usage sous contr\u00f4le dermatologique, sur 32 sujets sous traitement isotretinoine. Dur\u00e9e 4 semaines.<\/p>\n<p>Composition :<br \/>\nLes listes d\u2019ingr\u00e9dients entrant dans la composition des produits de notre marque sont r\u00e9guli\u00e8rement mises \u00e0 jour. Avant d\u2019utiliser un produit de notre marque, vous \u00eates invit\u00e9s \u00e0 lire la liste d\u2019ingr\u00e9dients figurant sur son emballage afin de vous assurer que les ingr\u00e9dients sont adapt\u00e9s \u00e0 votre utilisation personnelle.<\/p>\n","protected":false},"excerpt":{"rendered":"<p>CICAPLAST Baume \u00e0 L\u00e8vres r\u00e9pare, apaise, prot\u00e8ge et hydrate les \u00e9pidermes fragiles. Il contribue \u00e0 reconstruire la barri\u00e8re cutan\u00e9e des l\u00e8vres.<\/p>\n","protected":false},"featured_media":1855,"comment_status":"open","ping_status":"closed","template":"","meta":{"om_disable_all_campaigns":false,"_monsterinsights_skip_tracking":false,"_monsterinsights_sitenote_active":false,"_monsterinsights_sitenote_note":"","_monsterinsights_sitenote_category":0},"product_brand":[],"product_cat":[256,16],"product_tag":[],"class_list":{"0":"post-2095","1":"product","2":"type-product","3":"status-publish","4":"has-post-thumbnail","6":"product_cat-la-roche-posay","7":"product_cat-boutique","8":"thunk-woo-product-list","9":"opn-qv-enable","10":"big-store-woo-hover-zoom","11":"open-single-product-tab-horizontal","12":"open-shadow-","13":"open-shadow-hover-","15":"first","16":"instock","17":"sale","18":"taxable","19":"shipping-taxable","20":"purchasable","21":"product-type-simple"},"aioseo_notices":[],"_links":{"self":[{"href":"https:\/\/para-orchidee.com\/index.php?rest_route=\/wp\/v2\/product\/2095","targetHints":{"allow":["GET"]}}],"collection":[{"href":"https:\/\/para-orchidee.com\/index.php?rest_route=\/wp\/v2\/product"}],"about":[{"href":"https:\/\/para-orchidee.com\/index.php?rest_route=\/wp\/v2\/types\/product"}],"replies":[{"embeddable":true,"href":"https:\/\/para-orchidee.com\/index.php?rest_route=%2Fwp%2Fv2%2Fcomments&post=2095"}],"wp:featuredmedia":[{"embeddable":true,"href":"https:\/\/para-orchidee.com\/index.php?rest_route=\/wp\/v2\/media\/1855"}],"wp:attachment":[{"href":"https:\/\/para-orchidee.com\/index.php?rest_route=%2Fwp%2Fv2%2Fmedia&parent=2095"}],"wp:term":[{"taxonomy":"product_brand","embeddable":true,"href":"https:\/\/para-orchidee.com\/index.php?rest_route=%2Fwp%2Fv2%2Fproduct_brand&post=2095"},{"taxonomy":"product_cat","embeddable":true,"href":"https:\/\/para-orchidee.com\/index.php?rest_route=%2Fwp%2Fv2%2Fproduct_cat&post=2095"},{"taxonomy":"product_tag","embeddable":true,"href":"https:\/\/para-orchidee.com\/index.php?rest_route=%2Fwp%2Fv2%2Fproduct_tag&post=2095"}],"curies":[{"name":"wp","href":"https:\/\/api.w.org\/{rel}","templated":true}]}}