{"id":2099,"date":"2025-01-07T10:36:36","date_gmt":"2025-01-07T10:36:36","guid":{"rendered":"https:\/\/xn--Para-orchide-leb.com\/?product=effaclar-duo-spf30-40ml"},"modified":"2025-01-12T00:27:29","modified_gmt":"2025-01-12T00:27:29","slug":"effaclar-duo-spf30-40ml","status":"publish","type":"product","link":"https:\/\/para-orchidee.com\/?product=effaclar-duo-spf30-40ml&lang=fr","title":{"rendered":"Effaclar Duo(+) SPF30 40ML"},"content":{"rendered":"<p>Caract\u00e9ristiques :<br \/>\nContrairement \u00e0 ce que l\u2019on pourrait croire, une peau grasse est \u00e9galement une peau tr\u00e8s sensible. Pour en prendre soin, il est indispensable d\u2019utiliser des produits sp\u00e9cifiques qui agissent sur les imperfections et r\u00e9gulent la production de s\u00e9bum sans pour autant irriter l\u2019\u00e9piderme. C\u2019est le cas du soin Effaclar Duo+ SPF30 qui traite la peau grasse \u00e0 tendance acn\u00e9ique gr\u00e2ce \u00e0 un complexe d\u2019actifs puissants justement dos\u00e9s. Son action est multiple :<\/p>\n<p>\u2013 R\u00e9duit les imperfections<br \/>\n\u2013 Corrige le teint<br \/>\n\u2013 D\u00e9sincruste les pores<br \/>\n\u2013 Pr\u00e9vient l\u2019apparition des marques et des taches<br \/>\n\u2013 Prot\u00e8ge des rayons UV gr\u00e2ce \u00e0 son SPF30<\/p>\n<p>S\u00e9curit\u00e9 :<br \/>\n\u2013 Hypoallerg\u00e9nique.<br \/>\n\u2013 Sans Parab\u00e8ne.<br \/>\n\u2013 Convient aux peaux sensibles.<\/p>\n<p>Ingr\u00e9dients &amp; Principes Actifs Cl\u00e9s :<br \/>\n\u2013 Proc\u00e9rad : ce c\u00e9ramide brevet\u00e9 est un anti-marques exclusif. Il agit en amont pour att\u00e9nuer l\u2019irritation et \u00e9viter que les imperfections ne laissent des marques d\u00e9finitives.<br \/>\n\u2013 Niacinamide : qui apaise durablement la peau. Anti-rougeurs.<br \/>\n\u2013 LHA &amp; Acide Salicylique : micro-exfolie pour une action anti-irritations.<br \/>\n\u2013 Zinc PCA : r\u00e9duit l\u2019exc\u00e8s de s\u00e9bum.<br \/>\n\u2013 Filtre anti-UV XL Protect : ce filtre solaire forme une barri\u00e8re de protection pour limiter la p\u00e9n\u00e9tration des rayons UVA\/UVB.<\/p>\n<p>Conseils d\u2019Utilisation :<br \/>\nAppliquez chaque matin sur l\u2019ensemble du visage sur la peau parfaitement nettoy\u00e9e avec EFFACLAR Gel Moussant.<\/p>\n<p>Excellente base de maquillage. Evitez le contour de l\u2019\u0153il.<\/p>\n<p>Ce produit n\u2019est pas un produit solaire. En cas d\u2019exposition prolong\u00e9e ou intense au soleil, appliquez une cr\u00e8me solaire et renouvelez l\u2019application r\u00e9guli\u00e8rement.<\/p>\n","protected":false},"excerpt":{"rendered":"<p>EFFACLAR Duo+ est un soin global qui d\u00e9sincruste les pores, pr\u00e9vient l\u2019apparition des taches et prot\u00e8ge des rayons UV.<\/p>\n","protected":false},"featured_media":1863,"comment_status":"open","ping_status":"closed","template":"","meta":{"om_disable_all_campaigns":false,"_monsterinsights_skip_tracking":false,"_monsterinsights_sitenote_active":false,"_monsterinsights_sitenote_note":"","_monsterinsights_sitenote_category":0},"product_brand":[],"product_cat":[256,16,22,18],"product_tag":[],"class_list":{"0":"post-2099","1":"product","2":"type-product","3":"status-publish","4":"has-post-thumbnail","6":"product_cat-la-roche-posay","7":"product_cat-boutique","8":"product_cat-soin-de-peau","9":"product_cat-visage","10":"thunk-woo-product-list","11":"opn-qv-enable","12":"big-store-woo-hover-zoom","13":"open-single-product-tab-horizontal","14":"open-shadow-","15":"open-shadow-hover-","17":"first","18":"instock","19":"sale","20":"taxable","21":"shipping-taxable","22":"purchasable","23":"product-type-simple"},"aioseo_notices":[],"_links":{"self":[{"href":"https:\/\/para-orchidee.com\/index.php?rest_route=\/wp\/v2\/product\/2099","targetHints":{"allow":["GET"]}}],"collection":[{"href":"https:\/\/para-orchidee.com\/index.php?rest_route=\/wp\/v2\/product"}],"about":[{"href":"https:\/\/para-orchidee.com\/index.php?rest_route=\/wp\/v2\/types\/product"}],"replies":[{"embeddable":true,"href":"https:\/\/para-orchidee.com\/index.php?rest_route=%2Fwp%2Fv2%2Fcomments&post=2099"}],"wp:featuredmedia":[{"embeddable":true,"href":"https:\/\/para-orchidee.com\/index.php?rest_route=\/wp\/v2\/media\/1863"}],"wp:attachment":[{"href":"https:\/\/para-orchidee.com\/index.php?rest_route=%2Fwp%2Fv2%2Fmedia&parent=2099"}],"wp:term":[{"taxonomy":"product_brand","embeddable":true,"href":"https:\/\/para-orchidee.com\/index.php?rest_route=%2Fwp%2Fv2%2Fproduct_brand&post=2099"},{"taxonomy":"product_cat","embeddable":true,"href":"https:\/\/para-orchidee.com\/index.php?rest_route=%2Fwp%2Fv2%2Fproduct_cat&post=2099"},{"taxonomy":"product_tag","embeddable":true,"href":"https:\/\/para-orchidee.com\/index.php?rest_route=%2Fwp%2Fv2%2Fproduct_tag&post=2099"}],"curies":[{"name":"wp","href":"https:\/\/api.w.org\/{rel}","templated":true}]}}