{"id":2102,"date":"2025-01-07T10:36:29","date_gmt":"2025-01-07T10:36:29","guid":{"rendered":"https:\/\/xn--Para-orchide-leb.com\/?product=effaclar-serum-visage-anti-imperfections-30ml"},"modified":"2025-01-12T17:17:02","modified_gmt":"2025-01-12T17:17:02","slug":"effaclar-serum-visage-anti-imperfections-30ml","status":"publish","type":"product","link":"https:\/\/para-orchidee.com\/?product=effaclar-serum-visage-anti-imperfections-30ml&lang=fr","title":{"rendered":"EFFACLAR SERUM VISAGE ANTI IMPERFECTIONS 30ML"},"content":{"rendered":"<p>S\u00e9rum anti-imperfections : effet peeling pour peaux adultes \u00e0 tendance acn\u00e9ique<\/p>\n<p>B\u00c9N\u00c9FICES<br \/>\nS\u00e9rum anti-imperfections effet peeling \u00e0 base d&rsquo;acide salicylique, d&rsquo;acide glycolique, de LHA et de Niacinamide apaisant.<\/p>\n<p>INDICATION<br \/>\nTest\u00e9 sur peaux adultes \u00e0 tendance acn\u00e9ique.<br \/>\nImperfections, marques persistantes, pores dilat\u00e9s.<\/p>\n<p>Probl\u00e8mes cibl\u00e9s :<br \/>\nImperfections<br \/>\nPoints noirs<br \/>\nPores dilat\u00e9s<br \/>\nMarques persistantes<\/p>\n<p>Type de peau :<br \/>\nPeaux grasses \u00e0 tendance acn\u00e9ique<\/p>\n<p>\u00c2ge :<br \/>\n\u00c0 partir de 18 ans<\/p>\n<p>Formul\u00e9 avec un complexe de 3 acides compl\u00e9mentaires ultra concentr\u00e9s associ\u00e9s \u00e0 des actifs apaisants :<\/p>\n<p>1\/ D\u00c9SINCRUSTE ET R\u00c9\u00c9QUILIBRE<br \/>\nACIDE SALYCILIQUE : d\u00e9sincruste les pores et r\u00e9duit l&rsquo;accumulation de s\u00e9bum. Naturellement pr\u00e9sent dans certains fruits, l&rsquo;acide salicylique favorise l&rsquo;\u00e9limination des cellules mortes et ainsi lib\u00e8res les pores bouch\u00e9s, facilitant l&rsquo;\u00e9coulement du s\u00e9bum. Son action k\u00e9ratolytique contribue \u00e0 lisser et adoucir la surface de la peau.<\/p>\n<p>2\/ STIMULE LE RENOUVELLEMENT CELLULAIRE<br \/>\nACIDE GLYCOLIQUE : active le renouvellement de la peau. Produit \u00e0 partir de la canne \u00e0 sucre, l&rsquo;acide glycolique favorise l&rsquo;\u00e9limination des cellules mortes et d\u00e9shydrat\u00e9es. En acc\u00e9l\u00e9rant la desquamation, il stimule le renouvellement cellulaire, ce qui contribue \u00e0 am\u00e9liorer la texture de la peau, et l&rsquo;\u00e9clat du teint.<\/p>\n<p>3\/ EXFOLIE EN DOUCEUR<br \/>\nLHA : Exfolie en douceur la surface de la peau. Actif brevet\u00e9 La Roche-Posay, le LHA d\u00e9montre une tr\u00e8s bonne activit\u00e9 exfoliante. Il est \u00e0 l&rsquo;origine d&rsquo;une desquamation fine et participe \u00e0 la r\u00e9duction des com\u00e9dons. La peau est unifi\u00e9e et les ridules att\u00e9nu\u00e9es.<\/p>\n<p>4\/ R\u00c9DUIT LES MARQUES<br \/>\nNIACINAMIDE: Apaisante, aux propri\u00e9t\u00e9s antioxydante et anti-inflammatoire. D\u00e9riv\u00e9e de la vitamine B3, la niacinamide agit en amont pour pr\u00e9venir l&rsquo;apparition des marques hyperpigment\u00e9es et diminue la perte en eau. Les marques sont estomp\u00e9es et le teint est plus uniforme et lumineux.<\/p>\n<p>5\/ APAISE ET ADOUCIT<br \/>\nEAU THERMALE: Apaise les peaux \u00e0 tendance acn\u00e9ique, elle est riche en min\u00e9raux et oligo-\u00e9l\u00e9ments dont le s\u00e9l\u00e9nium. Ses vertus sont apaisantes et adoucissantes.<\/p>\n<p>Test\u00e9 dermatologiquement sur les peaux \u00e0 tendance acn\u00e9ique.<br \/>\nNon com\u00e9dog\u00e8ne<\/p>\n","protected":false},"excerpt":{"rendered":"<p>EFFACLAR S\u00e9rum ultra concentr\u00e9 pour peau adulte, grasse \u00e0 tendance acn\u00e9ique combine un effet peeling.Ce s\u00e9rum corrige les imperfections persistantes.<\/p>\n","protected":false},"featured_media":1869,"comment_status":"open","ping_status":"closed","template":"","meta":{"om_disable_all_campaigns":false,"_monsterinsights_skip_tracking":false,"_monsterinsights_sitenote_active":false,"_monsterinsights_sitenote_note":"","_monsterinsights_sitenote_category":0},"product_brand":[],"product_cat":[256,16,22,18],"product_tag":[],"class_list":{"0":"post-2102","1":"product","2":"type-product","3":"status-publish","4":"has-post-thumbnail","6":"product_cat-la-roche-posay","7":"product_cat-boutique","8":"product_cat-soin-de-peau","9":"product_cat-visage","10":"thunk-woo-product-list","11":"opn-qv-enable","12":"big-store-woo-hover-zoom","13":"open-single-product-tab-horizontal","14":"open-shadow-","15":"open-shadow-hover-","17":"first","18":"instock","19":"sale","20":"taxable","21":"shipping-taxable","22":"purchasable","23":"product-type-simple"},"aioseo_notices":[],"_links":{"self":[{"href":"https:\/\/para-orchidee.com\/index.php?rest_route=\/wp\/v2\/product\/2102","targetHints":{"allow":["GET"]}}],"collection":[{"href":"https:\/\/para-orchidee.com\/index.php?rest_route=\/wp\/v2\/product"}],"about":[{"href":"https:\/\/para-orchidee.com\/index.php?rest_route=\/wp\/v2\/types\/product"}],"replies":[{"embeddable":true,"href":"https:\/\/para-orchidee.com\/index.php?rest_route=%2Fwp%2Fv2%2Fcomments&post=2102"}],"wp:featuredmedia":[{"embeddable":true,"href":"https:\/\/para-orchidee.com\/index.php?rest_route=\/wp\/v2\/media\/1869"}],"wp:attachment":[{"href":"https:\/\/para-orchidee.com\/index.php?rest_route=%2Fwp%2Fv2%2Fmedia&parent=2102"}],"wp:term":[{"taxonomy":"product_brand","embeddable":true,"href":"https:\/\/para-orchidee.com\/index.php?rest_route=%2Fwp%2Fv2%2Fproduct_brand&post=2102"},{"taxonomy":"product_cat","embeddable":true,"href":"https:\/\/para-orchidee.com\/index.php?rest_route=%2Fwp%2Fv2%2Fproduct_cat&post=2102"},{"taxonomy":"product_tag","embeddable":true,"href":"https:\/\/para-orchidee.com\/index.php?rest_route=%2Fwp%2Fv2%2Fproduct_tag&post=2102"}],"curies":[{"name":"wp","href":"https:\/\/api.w.org\/{rel}","templated":true}]}}