{"id":2104,"date":"2025-01-07T10:36:29","date_gmt":"2025-01-07T10:36:29","guid":{"rendered":"https:\/\/xn--Para-orchide-leb.com\/?product=effaclar-gel-purifiant-micro-peeling-200ml"},"modified":"2025-01-12T17:28:10","modified_gmt":"2025-01-12T17:28:10","slug":"effaclar-gel-purifiant-micro-peeling-200ml","status":"publish","type":"product","link":"https:\/\/para-orchidee.com\/?product=effaclar-gel-purifiant-micro-peeling-200ml&lang=fr","title":{"rendered":"Effaclar Gel Purifiant Micro-Peeling 200ML"},"content":{"rendered":"<p>Caract\u00e9ristiques :<br \/>\nNettoyez la peau en profondeur avec le Gel Nettoyant Purifiant Micro-Peeling de la gamme Effaclar de La Roche-Posay, cibl\u00e9 sur les peaux grasses, \u00e0 imperfections et \u00e0 tendance acn\u00e9ique. Le nettoyant moussant pour le corps et le visage est sp\u00e9cialement formul\u00e9 pour les imperfections persistantes et tenaces.<\/p>\n<p>R\u00e9alisant une micro-exfoliation pour purger en douceur mais efficacement la peau des polluants quotidiens et des bact\u00e9ries acn\u00e9iques, le nettoyant purifiant rafra\u00eechit la peau gr\u00e2ce \u00e0 sa formule douce.<\/p>\n<p>S\u00e9curit\u00e9 :<br \/>\n\u2013 pH Neutre.<br \/>\n\u2013 Sans Savon.<br \/>\n\u2013 Sans Alcool.<br \/>\n\u2013 Sans Colorant.<br \/>\n\u2013 Sans Parab\u00e8ne.<br \/>\n\u2013 Hypoallerg\u00e9nique.<br \/>\n\u2013 Test\u00e9e sous contr\u00f4le dermatologique.<\/p>\n<p>Ingr\u00e9dients &amp; Principes Actifs Cl\u00e9s :<br \/>\n\u2013 Acide Salicylique (2%) et LHA (0,05%) : micro-exfolie pour une action anti-irritations.<br \/>\n\u2013 Zinc (0,2%) : r\u00e9duit la production de s\u00e9bum limitant ainsi la formation des boutons et points noirs.<br \/>\n\u2013 Eau Thermale de La Roche-Posay : contribue \u00e0 adoucir et apaiser la peau.<\/p>\n<p>Conseils d\u2019Utilisation :<br \/>\nFaire mousser le gel entre les mains mouill\u00e9es et appliquer en massant doucement la peau. Rincer abondamment. Con\u00e7u pour le visage et le corps.<\/p>\n<p>Efficacit\u00e9 :<br \/>\n\u00c9valuation sur des sujets ayant une peau \u00e0 tendance acn\u00e9ique* :<\/p>\n<p>\u2013 La peau est plus lisse : 98%<br \/>\n\u2013 Le produit ne laisse pas la peau grasse : 98%<br \/>\n\u2013 Le parfum du produit est agr\u00e9able : 99%<\/p>\n<p>Efficacit\u00e9 anti-r\u00e9cidive prouv\u00e9e 2 semaines apr\u00e8s la fin de l\u2019application du produit sur les imperfections et les marques.<\/p>\n","protected":false},"excerpt":{"rendered":"<p>EFFACLAR Gel Micro-Peeling agit pour d\u00e9sincruster les pores obstru\u00e9s d\u2019impuret\u00e9s et \u00e9liminer l\u2019exc\u00e8s de s\u00e9bum.<\/p>\n","protected":false},"featured_media":1864,"comment_status":"open","ping_status":"closed","template":"","meta":{"om_disable_all_campaigns":false,"_monsterinsights_skip_tracking":false,"_monsterinsights_sitenote_active":false,"_monsterinsights_sitenote_note":"","_monsterinsights_sitenote_category":0},"product_brand":[],"product_cat":[256,16,22,18],"product_tag":[],"class_list":{"0":"post-2104","1":"product","2":"type-product","3":"status-publish","4":"has-post-thumbnail","6":"product_cat-la-roche-posay","7":"product_cat-boutique","8":"product_cat-soin-de-peau","9":"product_cat-visage","10":"thunk-woo-product-list","11":"opn-qv-enable","12":"big-store-woo-hover-zoom","13":"open-single-product-tab-horizontal","14":"open-shadow-","15":"open-shadow-hover-","17":"first","18":"instock","19":"sale","20":"taxable","21":"shipping-taxable","22":"purchasable","23":"product-type-simple"},"aioseo_notices":[],"_links":{"self":[{"href":"https:\/\/para-orchidee.com\/index.php?rest_route=\/wp\/v2\/product\/2104","targetHints":{"allow":["GET"]}}],"collection":[{"href":"https:\/\/para-orchidee.com\/index.php?rest_route=\/wp\/v2\/product"}],"about":[{"href":"https:\/\/para-orchidee.com\/index.php?rest_route=\/wp\/v2\/types\/product"}],"replies":[{"embeddable":true,"href":"https:\/\/para-orchidee.com\/index.php?rest_route=%2Fwp%2Fv2%2Fcomments&post=2104"}],"wp:featuredmedia":[{"embeddable":true,"href":"https:\/\/para-orchidee.com\/index.php?rest_route=\/wp\/v2\/media\/1864"}],"wp:attachment":[{"href":"https:\/\/para-orchidee.com\/index.php?rest_route=%2Fwp%2Fv2%2Fmedia&parent=2104"}],"wp:term":[{"taxonomy":"product_brand","embeddable":true,"href":"https:\/\/para-orchidee.com\/index.php?rest_route=%2Fwp%2Fv2%2Fproduct_brand&post=2104"},{"taxonomy":"product_cat","embeddable":true,"href":"https:\/\/para-orchidee.com\/index.php?rest_route=%2Fwp%2Fv2%2Fproduct_cat&post=2104"},{"taxonomy":"product_tag","embeddable":true,"href":"https:\/\/para-orchidee.com\/index.php?rest_route=%2Fwp%2Fv2%2Fproduct_tag&post=2104"}],"curies":[{"name":"wp","href":"https:\/\/api.w.org\/{rel}","templated":true}]}}