{"id":2105,"date":"2025-01-07T10:36:29","date_gmt":"2025-01-07T10:36:29","guid":{"rendered":"https:\/\/xn--Para-orchide-leb.com\/?product=effaclar-h-iso-biome-creme-lavante-390ml"},"modified":"2025-01-12T17:37:32","modified_gmt":"2025-01-12T17:37:32","slug":"effaclar-h-iso-biome-creme-lavante-390ml","status":"publish","type":"product","link":"https:\/\/para-orchidee.com\/?product=effaclar-h-iso-biome-creme-lavante-390ml&lang=fr","title":{"rendered":"Effaclar H ISO-BIOME CREME LAVANTE 390ML"},"content":{"rendered":"<p>Cr\u00e8me lavante visage peau s\u00e8che \u00e0 tendance acn\u00e9ique<\/p>\n<p>B\u00c9N\u00c9FICES<br \/>\nLa Cr\u00e8me Lavante Hydratante Apaisante Anti-Imperfections Effaclar H ISO-BIOME est un nettoyant visage con\u00e7u pour les peaux s\u00e8ches et fragilis\u00e9es par les traitements th\u00e9rapeutiques de l&rsquo;acn\u00e9 s\u00e9v\u00e8re. Elle est formul\u00e9e sans savon avec de l&rsquo;Aqua Pos\u00e6 Filiformis anti-inflammatoire, de la Niacinamide r\u00e9paratrice et de l&rsquo;Eau Thermale La Roche-Posay apaisante, qui aide \u00e0 r\u00e9tablir l&rsquo;\u00e9quilibre du microbiome cutan\u00e9. Ce nettoyant visage peau s\u00e8che avec imperfections nettoie et purifie en douceur, laissant la peau nette et confortable.<\/p>\n<p>INDICATION<br \/>\nCette cr\u00e8me lavante peau s\u00e8che est indiqu\u00e9e pour nettoyer les peaux fragilis\u00e9es et sensibilis\u00e9es par un traitement contre l&rsquo;acn\u00e9.<\/p>\n<p>Probl\u00e8mes cibl\u00e9s :<br \/>\nImperfections<br \/>\nAss\u00e8chement de la peau sous traitement anti-acn\u00e9<\/p>\n<p>Type de peau :<br \/>\nPeaux grasses<br \/>\nDess\u00e9ch\u00e9es et sensibles \u00e0 tendance acn\u00e9ique<\/p>\n<p>1\/ NETTOIE ET PURIFIE LA PEAU<br \/>\nLa cr\u00e8me lavante Effaclar H ISO-BIOME nettoie et purifie en douceur les peaux fragilis\u00e9es par les traitements anti-acn\u00e9. Gr\u00e2ce au Pidolate de Zinc et \u00e0 la Glyc\u00e9rine, la peau est parfaitement nettoy\u00e9e et purifi\u00e9e tout en restant hydrat\u00e9e.<\/p>\n<p>2\/ DIMINUE LES INFLAMMATIONS ET R\u00c9\u00c9QUILIBRE LE MICROBIOME<br \/>\nNotre cr\u00e8me lavante peau s\u00e8che int\u00e8gre de l&rsquo;Aqua Pos\u00e6 Filiformis anti-inflammatoire. Ce pr\u00e9biotique brevet\u00e9 aide \u00e0 r\u00e9\u00e9quilibrer le microbiome et ainsi r\u00e9duire les inflammations, les sensations de tiraillements et d&rsquo;irritations, et les d\u00e9mangeaisons.<\/p>\n<p>3\/ RENFORCE LA BARRI\u00c8RE CUTAN\u00c9E<br \/>\nL&rsquo;Eau Thermale La Roche-Posay apaisante et r\u00e9paratrice est associ\u00e9e \u00e0 la Niacinamide qui favorise la r\u00e9paration de la couche corn\u00e9e et diminue les l\u00e9sions li\u00e9es \u00e0 l&rsquo;acn\u00e9. La peau est apais\u00e9e et la barri\u00e8re cutan\u00e9e est renforc\u00e9e, pr\u00eate \u00e0 mieux jouer son r\u00f4le de bouclier protecteur.<br \/>\nAssoci\u00e9e \u00e0 la cr\u00e8me peau s\u00e8che Effaclar H ISO-BIOME, la cr\u00e8me lavante peau s\u00e8che avec imperfections Effaclar H ISO-BIOME a fait l&rsquo;objet d&rsquo;\u00e9tudes cliniques r\u00e9alis\u00e9es sous contr\u00f4le dermatologique*.\u00c2ge :<br \/>\n\u00c0 partir de 18 ans<br \/>\n1\/ NETTOIE ET PURIFIE LA PEAU<br \/>\nLa cr\u00e8me lavante Effaclar H ISO-BIOME nettoie et purifie en douceur les peaux fragilis\u00e9es par les traitements anti-acn\u00e9. Gr\u00e2ce au Pidolate de Zinc et \u00e0 la Glyc\u00e9rine, la peau est parfaitement nettoy\u00e9e et purifi\u00e9e tout en restant hydrat\u00e9e.<\/p>\n<p>2\/ DIMINUE LES INFLAMMATIONS ET R\u00c9\u00c9QUILIBRE LE MICROBIOME<br \/>\nNotre cr\u00e8me lavante peau s\u00e8che int\u00e8gre de l&rsquo;Aqua Pos\u00e6 Filiformis anti-inflammatoire. Ce pr\u00e9biotique brevet\u00e9 aide \u00e0 r\u00e9\u00e9quilibrer le microbiome et ainsi r\u00e9duire les inflammations, les sensations de tiraillements et d&rsquo;irritations, et les d\u00e9mangeaisons.<\/p>\n<p>3\/ RENFORCE LA BARRI\u00c8RE CUTAN\u00c9E<br \/>\nL&rsquo;Eau Thermale La Roche-Posay apaisante et r\u00e9paratrice est associ\u00e9e \u00e0 la Niacinamide qui favorise la r\u00e9paration de la couche corn\u00e9e et diminue les l\u00e9sions li\u00e9es \u00e0 l&rsquo;acn\u00e9. La peau est apais\u00e9e et la barri\u00e8re cutan\u00e9e est renforc\u00e9e, pr\u00eate \u00e0 mieux jouer son r\u00f4le de bouclier protecteur.<br \/>\nAssoci\u00e9e \u00e0 la cr\u00e8me peau s\u00e8che Effaclar H ISO-BIOME, la cr\u00e8me lavante peau s\u00e8che avec imperfections Effaclar H ISO-BIOME a fait l&rsquo;objet d&rsquo;\u00e9tudes cliniques r\u00e9alis\u00e9es sous contr\u00f4le dermatologique.<\/p>\n","protected":false},"excerpt":{"rendered":"<p>Cr\u00e8me lavante visage peau s\u00e8che \u00e0 tendance acn\u00e9ique \u00c9limine en douceur les impuret\u00e9s.<\/p>\n","protected":false},"featured_media":1866,"comment_status":"open","ping_status":"closed","template":"","meta":{"om_disable_all_campaigns":false,"_monsterinsights_skip_tracking":false,"_monsterinsights_sitenote_active":false,"_monsterinsights_sitenote_note":"","_monsterinsights_sitenote_category":0},"product_brand":[],"product_cat":[256,16,22,18],"product_tag":[],"class_list":{"0":"post-2105","1":"product","2":"type-product","3":"status-publish","4":"has-post-thumbnail","6":"product_cat-la-roche-posay","7":"product_cat-boutique","8":"product_cat-soin-de-peau","9":"product_cat-visage","10":"thunk-woo-product-list","11":"opn-qv-enable","12":"big-store-woo-hover-zoom","13":"open-single-product-tab-horizontal","14":"open-shadow-","15":"open-shadow-hover-","17":"first","18":"instock","19":"sale","20":"taxable","21":"shipping-taxable","22":"purchasable","23":"product-type-simple"},"aioseo_notices":[],"_links":{"self":[{"href":"https:\/\/para-orchidee.com\/index.php?rest_route=\/wp\/v2\/product\/2105","targetHints":{"allow":["GET"]}}],"collection":[{"href":"https:\/\/para-orchidee.com\/index.php?rest_route=\/wp\/v2\/product"}],"about":[{"href":"https:\/\/para-orchidee.com\/index.php?rest_route=\/wp\/v2\/types\/product"}],"replies":[{"embeddable":true,"href":"https:\/\/para-orchidee.com\/index.php?rest_route=%2Fwp%2Fv2%2Fcomments&post=2105"}],"wp:featuredmedia":[{"embeddable":true,"href":"https:\/\/para-orchidee.com\/index.php?rest_route=\/wp\/v2\/media\/1866"}],"wp:attachment":[{"href":"https:\/\/para-orchidee.com\/index.php?rest_route=%2Fwp%2Fv2%2Fmedia&parent=2105"}],"wp:term":[{"taxonomy":"product_brand","embeddable":true,"href":"https:\/\/para-orchidee.com\/index.php?rest_route=%2Fwp%2Fv2%2Fproduct_brand&post=2105"},{"taxonomy":"product_cat","embeddable":true,"href":"https:\/\/para-orchidee.com\/index.php?rest_route=%2Fwp%2Fv2%2Fproduct_cat&post=2105"},{"taxonomy":"product_tag","embeddable":true,"href":"https:\/\/para-orchidee.com\/index.php?rest_route=%2Fwp%2Fv2%2Fproduct_tag&post=2105"}],"curies":[{"name":"wp","href":"https:\/\/api.w.org\/{rel}","templated":true}]}}