{"id":2110,"date":"2025-01-07T10:36:36","date_gmt":"2025-01-07T10:36:36","guid":{"rendered":"https:\/\/xn--Para-orchide-leb.com\/?product=hyalu-b5-serum-a-lacide-hyaluronique-30ml"},"modified":"2025-01-12T21:56:53","modified_gmt":"2025-01-12T21:56:53","slug":"hyalu-b5-serum-a-lacide-hyaluronique-30ml","status":"publish","type":"product","link":"https:\/\/para-orchidee.com\/?product=hyalu-b5-serum-a-lacide-hyaluronique-30ml&lang=fr","title":{"rendered":"Hyalu B5 S\u00e9rum \u00e0 l&rsquo;Acide Hyaluronique-30ml"},"content":{"rendered":"<p>S\u00c9RUM ANTI-\u00c2GE N\u00b01 EN FRANCE<br \/>\nGERSDATA \u2013 March\u00e9 Dermo-cosm\u00e9tique reconstitu\u00e9 \u2013 Soin Visage \u2013 Anti-\u00e2ge \u2013 Unit\u00e9s vendues en pharmacie de ville, Parapharmacie et E-Commerce \u2013 en France \u2013 sur le CMA \u00e0 Avril 2023.<\/p>\n<p>B\u00c9N\u00c9FICES<br \/>\nS\u00e9rum anti-rides hydratant repulpant, alliant deux types d\u2019acides hyaluroniques purs, vitamine B5 et mad\u00e9cassoside.<\/p>\n<p>INDICATION<br \/>\nTest\u00e9 sur peaux sensibles jeunes \u00e0 matures.<br \/>\nRides, perte de volume et d\u2019\u00e9lasticit\u00e9, peau terne et fatigu\u00e9e.<\/p>\n<p>Probl\u00e8mes cibl\u00e9s :<br \/>\nrides<br \/>\nPerte de volume et d&rsquo;\u00e9lasticit\u00e9<br \/>\nPeau terne et fatigu\u00e9e<\/p>\n<p>Type de peau :<br \/>\nTous les types de Peaux<br \/>\nConvient aux Peaux sensibles<\/p>\n<p>\u00c2ge :<br \/>\n\u00c0 partir de 18 ans<\/p>\n<p>Formul\u00e9e en combinant deux types d&rsquo;acides hyaluroniques purs, ce s\u00e9rum anti-rides combine une action repulpante et une action r\u00e9paratrice gr\u00e2ce \u00e0 des actifs de r\u00e9f\u00e9rence en dermatologie :<\/p>\n<p>1\/ R\u00c9HYDRATE ET REPULPE INTENS\u00c9MENT L&rsquo;\u00c9PIDERME<br \/>\nDUO D&rsquo;ACIDES HYALURONIQUES : Utilis\u00e9 par les dermatologues lors d&rsquo;actes esth\u00e9tiques afin de r\u00e9pondre aux pr\u00e9occupations des femmes concernant les rides et la perte de volume de la peau. L&rsquo;acide hyaluronique est la mol\u00e9cule de r\u00e9f\u00e9rence en anti-\u00e2ge. Les laboratoires La Roche-Posay utilisent de l&rsquo;acide hyaluronique de haut et bas poids mol\u00e9culaires afin de repulper la peau.<\/p>\n<p>2\/ APAISE LA PEAU SENSIBLE<br \/>\nVITAMINE B5 : La Vitamine B5 est connue pour ses propri\u00e9t\u00e9s apaisantes et r\u00e9paratrices sur la peau. Elle stimule la r\u00e9g\u00e9n\u00e9ration et la r\u00e9sistance de la peau.<\/p>\n<p>3\/ AIDE \u00c0 R\u00c9PARER LA BARRI\u00c8RE CUTAN\u00c9E<br \/>\nMAD\u00c9CASSOSIDE : Le mad\u00e9cassoside est extrait de la Centella Asiatica. Son action aide \u00e0 r\u00e9parer la barri\u00e8re cutan\u00e9e et \u00e0 apaiser les peaux sensibles.<\/p>\n","protected":false},"excerpt":{"rendered":"<p>HYALU B5 S\u00e9rum est un soin anti-\u00e2ge hydratant repulpant. Rides, perte de volume et d\u2019\u00e9lasticit\u00e9, peau terne et fatigu\u00e9e.<\/p>\n","protected":false},"featured_media":1872,"comment_status":"open","ping_status":"closed","template":"","meta":{"om_disable_all_campaigns":false,"_monsterinsights_skip_tracking":false,"_monsterinsights_sitenote_active":false,"_monsterinsights_sitenote_note":"","_monsterinsights_sitenote_category":0},"product_brand":[],"product_cat":[256,16,22,18],"product_tag":[],"class_list":{"0":"post-2110","1":"product","2":"type-product","3":"status-publish","4":"has-post-thumbnail","6":"product_cat-la-roche-posay","7":"product_cat-boutique","8":"product_cat-soin-de-peau","9":"product_cat-visage","10":"thunk-woo-product-list","11":"opn-qv-enable","12":"big-store-woo-hover-zoom","13":"open-single-product-tab-horizontal","14":"open-shadow-","15":"open-shadow-hover-","17":"first","18":"instock","19":"sale","20":"taxable","21":"shipping-taxable","22":"purchasable","23":"product-type-simple"},"aioseo_notices":[],"_links":{"self":[{"href":"https:\/\/para-orchidee.com\/index.php?rest_route=\/wp\/v2\/product\/2110","targetHints":{"allow":["GET"]}}],"collection":[{"href":"https:\/\/para-orchidee.com\/index.php?rest_route=\/wp\/v2\/product"}],"about":[{"href":"https:\/\/para-orchidee.com\/index.php?rest_route=\/wp\/v2\/types\/product"}],"replies":[{"embeddable":true,"href":"https:\/\/para-orchidee.com\/index.php?rest_route=%2Fwp%2Fv2%2Fcomments&post=2110"}],"wp:featuredmedia":[{"embeddable":true,"href":"https:\/\/para-orchidee.com\/index.php?rest_route=\/wp\/v2\/media\/1872"}],"wp:attachment":[{"href":"https:\/\/para-orchidee.com\/index.php?rest_route=%2Fwp%2Fv2%2Fmedia&parent=2110"}],"wp:term":[{"taxonomy":"product_brand","embeddable":true,"href":"https:\/\/para-orchidee.com\/index.php?rest_route=%2Fwp%2Fv2%2Fproduct_brand&post=2110"},{"taxonomy":"product_cat","embeddable":true,"href":"https:\/\/para-orchidee.com\/index.php?rest_route=%2Fwp%2Fv2%2Fproduct_cat&post=2110"},{"taxonomy":"product_tag","embeddable":true,"href":"https:\/\/para-orchidee.com\/index.php?rest_route=%2Fwp%2Fv2%2Fproduct_tag&post=2110"}],"curies":[{"name":"wp","href":"https:\/\/api.w.org\/{rel}","templated":true}]}}