{"id":2111,"date":"2025-01-07T10:36:36","date_gmt":"2025-01-07T10:36:36","guid":{"rendered":"https:\/\/xn--Para-orchide-leb.com\/?product=lipikar-lait-urea-10-400-ml"},"modified":"2025-01-12T22:14:04","modified_gmt":"2025-01-12T22:14:04","slug":"lipikar-lait-urea-10-400-ml","status":"publish","type":"product","link":"https:\/\/para-orchidee.com\/?product=lipikar-lait-urea-10-400-ml&lang=fr","title":{"rendered":"LIPIKAR LAIT UREA 10% 400 ML"},"content":{"rendered":"<p>LA ROCHE-POSAY Lipikar Lait hydratant corps Urea 10% triple-action :<\/p>\n<p>NOUVEAU soin hydratant triple-action pour les peaux tr\u00e8s s\u00e8ches et rugueuses. Aide \u00e0 imm\u00e9diatement r\u00e9duire les signes de la peau s\u00e8che et leurs r\u00e9apparitions : rugosit\u00e9s, desquamation, tiraillements et sensations de d\u00e9mangeaisons pour retrouver une peau plus lisse, apais\u00e9e et confortable.<\/p>\n<p>B\u00c9N\u00c9FICES<br \/>\nNOUVELLE FORMULE A L\u2019EFFICACITE CLINIQUEMENT PROUVEE : 10% d\u2019Ur\u00e9e \u00e0 l\u2019effet k\u00e9ratolytique naturel pour cibler tous les signes de s\u00e9cheresse cutan\u00e9e, am\u00e9liorer le renouvellement cellulaire et pr\u00e9server l\u2019hydratation de la peau De l\u2019Allanto\u00efne pour apaiser les sensations d\u2019irritation et hydrater en profondeur la peau en retenant l\u2019eau, tout en stimulant la r\u00e9g\u00e9n\u00e9ration cellulaire. Du Beurre de Karit\u00e9 pour nourrir, hydrater en profondeur et confier \u00e0 la peau la teneur id\u00e9ale en acide gras.<\/p>\n<p>B\u00c9N\u00c9FICES PROUV\u00c9S : R\u00c9DUIT imm\u00e9diatement les signes de s\u00e9cheresse cutan\u00e9e et leur r\u00e9apparition : rugosit\u00e9, squames, sensations de tiraillements et de d\u00e9mangeaisons. RESTAURE l\u2019\u00e9lasticit\u00e9 de la peau. APAISE ET LISSE m\u00eame la peau extr\u00eamement s\u00e8che appara\u00eet plus lisse.<\/p>\n<p>NOUVELLE FORMULE A L\u2019EFFICACITE CLINIQUEMENT PROUVEE :<\/p>\n<p>10% d\u2019Ur\u00e9e \u00e0 l\u2019effet k\u00e9ratolytique naturel pour cibler tous les signes de s\u00e9cheresse cutan\u00e9e, am\u00e9liorer le renouvellement cellulaire et pr\u00e9server l\u2019hydratation de la peau De l\u2019Allanto\u00efne pour apaiser les sensations d\u2019irritation et hydrater en profondeur la peau en retenant l\u2019eau, tout en stimulant la r\u00e9g\u00e9n\u00e9ration cellulaire. Du Beurre de Karit\u00e9 pour nourrir, hydrater en profondeur et confier \u00e0 la peau la teneur id\u00e9ale en acide gras.<\/p>\n<p>1\/ R\u00c9DUIT IMM\u00c9DIATEMENT LES SIGNES DE S\u00c9CHERESSE CUTAN\u00c9E ET LEUR R\u00c9APPARATION<br \/>\nRugosit\u00e9, squames, sensations de tiraillements et de d\u00e9mangeaisons<br \/>\n2\/ RESTAURE L&rsquo;\u00c9LASTICIT\u00c9 DE LA PEAU<br \/>\n3\/ APAISE ET LISSE<br \/>\nM\u00eame la peau extr\u00eamement s\u00e8che appara\u00eet plus lisse.<\/p>\n<p>B\u00c9N\u00c9FICES<\/p>\n<ul>\n<li>-98% de s\u00e9cheresse d\u00e8s la premi\u00e8re application (\u00e9tude clinique sur 54 sujets apr\u00e8s une application)<\/li>\n<li>Efficacit\u00e9 anti-irritation 48h (\u00e9tude clinique sur 49 sujets pendant 14 jours et mesure deux jours apr\u00e8s derni\u00e8re application).<\/li>\n<li>86% peau plus souple d\u00e8s la premi\u00e8re application (\u00e9tude clinique sur 54 sujets apr\u00e8s 1 utilisation)<\/li>\n<li>92% peau plus lisse d\u00e8s la premi\u00e8re application (\u00e9tude clinique sur 42 sujets, 6 h apr\u00e8s application)<\/li>\n<\/ul>\n<p>INDICATION<br \/>\nPeaux tr\u00e8s s\u00e8ches, rugueuses, squameuses. Enfants, Adultes et S\u00e9niors. Test\u00e9 cliniquement sur les peaux \u00e0 tendance \u00e0 la k\u00e9rastose pilaire, \u00e0 la x\u00e9rose s\u00e9nile et \u00e0 tendance psoriasique.<\/p>\n","protected":false},"excerpt":{"rendered":"<p>Lipikar Lait hydratant corps Urea 10% triple-action\u00a0 : Lait hydratant anti-s\u00e9cheresses anti-irritations pour peaux tr\u00e8s s\u00e8ches, rugueuses et squameuses.<\/p>\n","protected":false},"featured_media":2273,"comment_status":"open","ping_status":"closed","template":"","meta":{"om_disable_all_campaigns":false,"_monsterinsights_skip_tracking":false,"_monsterinsights_sitenote_active":false,"_monsterinsights_sitenote_note":"","_monsterinsights_sitenote_category":0},"product_brand":[],"product_cat":[256,20,16,19,22],"product_tag":[],"class_list":{"0":"post-2111","1":"product","2":"type-product","3":"status-publish","4":"has-post-thumbnail","6":"product_cat-la-roche-posay","7":"product_cat-bebe","8":"product_cat-boutique","9":"product_cat-corps","10":"product_cat-soin-de-peau","11":"thunk-woo-product-list","12":"opn-qv-enable","13":"big-store-woo-hover-zoom","14":"open-single-product-tab-horizontal","15":"open-shadow-","16":"open-shadow-hover-","18":"first","19":"instock","20":"sale","21":"taxable","22":"shipping-taxable","23":"purchasable","24":"product-type-simple"},"aioseo_notices":[],"_links":{"self":[{"href":"https:\/\/para-orchidee.com\/index.php?rest_route=\/wp\/v2\/product\/2111","targetHints":{"allow":["GET"]}}],"collection":[{"href":"https:\/\/para-orchidee.com\/index.php?rest_route=\/wp\/v2\/product"}],"about":[{"href":"https:\/\/para-orchidee.com\/index.php?rest_route=\/wp\/v2\/types\/product"}],"replies":[{"embeddable":true,"href":"https:\/\/para-orchidee.com\/index.php?rest_route=%2Fwp%2Fv2%2Fcomments&post=2111"}],"wp:featuredmedia":[{"embeddable":true,"href":"https:\/\/para-orchidee.com\/index.php?rest_route=\/wp\/v2\/media\/2273"}],"wp:attachment":[{"href":"https:\/\/para-orchidee.com\/index.php?rest_route=%2Fwp%2Fv2%2Fmedia&parent=2111"}],"wp:term":[{"taxonomy":"product_brand","embeddable":true,"href":"https:\/\/para-orchidee.com\/index.php?rest_route=%2Fwp%2Fv2%2Fproduct_brand&post=2111"},{"taxonomy":"product_cat","embeddable":true,"href":"https:\/\/para-orchidee.com\/index.php?rest_route=%2Fwp%2Fv2%2Fproduct_cat&post=2111"},{"taxonomy":"product_tag","embeddable":true,"href":"https:\/\/para-orchidee.com\/index.php?rest_route=%2Fwp%2Fv2%2Fproduct_tag&post=2111"}],"curies":[{"name":"wp","href":"https:\/\/api.w.org\/{rel}","templated":true}]}}