{"id":2113,"date":"2025-01-07T10:36:37","date_gmt":"2025-01-07T10:36:37","guid":{"rendered":"https:\/\/xn--Para-orchide-leb.com\/?product=lipikar-baume-apm-400-ml"},"modified":"2025-01-12T22:34:10","modified_gmt":"2025-01-12T22:34:10","slug":"lipikar-baume-apm-400-ml","status":"publish","type":"product","link":"https:\/\/para-orchidee.com\/?product=lipikar-baume-apm-400-ml&lang=fr","title":{"rendered":"LIPIKAR BAUME AP+M 400 ML"},"content":{"rendered":"<p>Caract\u00e9ristiques :<br \/>\n\u2013 Apaise imm\u00e9diatement gr\u00e2ce \u00e0 sa formule compos\u00e9e de Niacinamide et de 50% d\u2019eau thermale issue des thermes La Roche-Posay.<br \/>\n\u2013 Anti-grattage gr\u00e2ce au beurre de karit\u00e9.<br \/>\n\u2013 Anti-rechute : efficacit\u00e9 renforc\u00e9 gr\u00e2ce \u00e0 un nouvel actif d\u2019origine naturel, le micror\u00e9syl.<\/p>\n<p>S\u00e9curit\u00e9 :<br \/>\n\u2013 Sans Parfum.<br \/>\n\u2013 Sans Parab\u00e8ne.<br \/>\n\u2013 Hypoallerg\u00e9nique.<br \/>\n\u2013 Test\u00e9 sous contr\u00f4le dermatologique.<br \/>\n\u2013 Convient aux nourrissons, enfants et adultes.<\/p>\n<p>Ingr\u00e9dients &amp; Principes Actifs Cl\u00e9s :<br \/>\n\u2013 Eau Thermale de La Roche-Posay : apaise la peau pour une action anti-irritation.<br \/>\n\u2013 Beurre de Karit\u00e9 : nourrit la peau et reforme le film hydrolipidique de la peau. 100 % du beurre de karit\u00e9 utilis\u00e9 est issu d\u2019un approvisionnement \u00e9thique au Burkina Faso.<br \/>\n\u2013 Niacinamide : apaise et soulage la sensation de d\u00e9mangeaisons. Conseill\u00e9 pour les peaux \u00e0 tendance \u00e0 l\u2019ecz\u00e9ma atopique.<br \/>\n\u2013 Technologie AP+M [AQUA POSAE + MICRORESYL] : r\u00e9\u00e9quilibre le microbiome cutan\u00e9.<\/p>\n<p>Conseils d\u2019Utilisation :<br \/>\nAbsorption rapide pour faciliter et acc\u00e9l\u00e9rer l\u2019application quotidienne. Fini non-gras, non-collant.<\/p>\n<p>Presser 4 \u00e0 8 fois le flacon pompe lors de la premi\u00e8re utilisation, jusqu\u2019\u00e0 ce que le baume sorte du flacon. Appuyer vers le bas tout en tenant le flacon droit. Essuyer l\u2019embout et le reboucher apr\u00e8s utilisation. Essuyer les d\u00e9p\u00f4ts avant chaque utilisation.<\/p>\n<p>Pour une meilleure efficacit\u00e9, appliquer sur une peau propre apr\u00e8s avoir utilis\u00e9 la cr\u00e8me de douche Syndet AP+ Lipikar ou l\u2019Huile Lavante AP+ Lipikar.<\/p>\n","protected":false},"excerpt":{"rendered":"<p>La Roche-Posay LIPIKAR Baume AP+M combat la s\u00e9cheresse avec une triple-r\u00e9paration :<\/p>\n<p>apaise, \u00e9vite le grattage, et les rechutes.<\/p>\n","protected":false},"featured_media":1884,"comment_status":"open","ping_status":"closed","template":"","meta":{"om_disable_all_campaigns":false,"_monsterinsights_skip_tracking":false,"_monsterinsights_sitenote_active":false,"_monsterinsights_sitenote_note":"","_monsterinsights_sitenote_category":0},"product_brand":[],"product_cat":[256,20,16,19,22],"product_tag":[],"class_list":{"0":"post-2113","1":"product","2":"type-product","3":"status-publish","4":"has-post-thumbnail","6":"product_cat-la-roche-posay","7":"product_cat-bebe","8":"product_cat-boutique","9":"product_cat-corps","10":"product_cat-soin-de-peau","11":"thunk-woo-product-list","12":"opn-qv-enable","13":"big-store-woo-hover-zoom","14":"open-single-product-tab-horizontal","15":"open-shadow-","16":"open-shadow-hover-","18":"first","19":"instock","20":"sale","21":"taxable","22":"shipping-taxable","23":"purchasable","24":"product-type-simple"},"aioseo_notices":[],"_links":{"self":[{"href":"https:\/\/para-orchidee.com\/index.php?rest_route=\/wp\/v2\/product\/2113","targetHints":{"allow":["GET"]}}],"collection":[{"href":"https:\/\/para-orchidee.com\/index.php?rest_route=\/wp\/v2\/product"}],"about":[{"href":"https:\/\/para-orchidee.com\/index.php?rest_route=\/wp\/v2\/types\/product"}],"replies":[{"embeddable":true,"href":"https:\/\/para-orchidee.com\/index.php?rest_route=%2Fwp%2Fv2%2Fcomments&post=2113"}],"wp:featuredmedia":[{"embeddable":true,"href":"https:\/\/para-orchidee.com\/index.php?rest_route=\/wp\/v2\/media\/1884"}],"wp:attachment":[{"href":"https:\/\/para-orchidee.com\/index.php?rest_route=%2Fwp%2Fv2%2Fmedia&parent=2113"}],"wp:term":[{"taxonomy":"product_brand","embeddable":true,"href":"https:\/\/para-orchidee.com\/index.php?rest_route=%2Fwp%2Fv2%2Fproduct_brand&post=2113"},{"taxonomy":"product_cat","embeddable":true,"href":"https:\/\/para-orchidee.com\/index.php?rest_route=%2Fwp%2Fv2%2Fproduct_cat&post=2113"},{"taxonomy":"product_tag","embeddable":true,"href":"https:\/\/para-orchidee.com\/index.php?rest_route=%2Fwp%2Fv2%2Fproduct_tag&post=2113"}],"curies":[{"name":"wp","href":"https:\/\/api.w.org\/{rel}","templated":true}]}}